{"id":1096,"date":"2020-08-27T13:04:06","date_gmt":"2020-08-27T11:04:06","guid":{"rendered":"https:\/\/www.kunstverhau.de\/?page_id=1096"},"modified":"2024-10-23T11:34:52","modified_gmt":"2024-10-23T09:34:52","slug":"aktuelles","status":"publish","type":"page","link":"https:\/\/www.kunstverhau.de\/?page_id=1096","title":{"rendered":"Gipsprojekt 2021"},"content":{"rendered":"\n<div class=\"wp-block-group alignwide tw-mb-7 tw-rounded tw-pt-0 tw-pb-0 has-background-color has-secondary-background-color has-text-color has-background\"><div class=\"wp-block-group__inner-container is-layout-constrained wp-block-group-is-layout-constrained\">\n<p class=\"wp-block-paragraph\"><\/p>\n\n\n\n<div class=\"wp-block-cover alignfull tw-mt-8 tw-rounded tw-pt-0 tw-pb-0 is-style-default\" style=\"min-height:463px;aspect-ratio:unset;\"><span aria-hidden=\"true\" class=\"wp-block-cover__background has-background-dim-70 has-background-dim wp-block-cover__gradient-background has-background-gradient\" style=\"background:linear-gradient(135deg,rgb(238,238,238) 0%,rgb(169,184,195) 17%)\"><\/span><img fetchpriority=\"high\" decoding=\"async\" width=\"806\" height=\"558\" sizes=\"(max-width: 799px) 200vw, (max-width: 806px) 100vw, 806px\" class=\"wp-block-cover__image-background wp-image-2821\" alt=\"\" src=\"https:\/\/www.kunstverhau.de\/wp-content\/uploads\/2020\/10\/photo_2020-10-14_11-12-02-e1602668031404.jpg\" style=\"object-position:51% 24%\" data-object-fit=\"cover\" data-object-position=\"51% 24%\" srcset=\"https:\/\/www.kunstverhau.de\/wp-content\/uploads\/2020\/10\/photo_2020-10-14_11-12-02-e1602668031404.jpg 806w, https:\/\/www.kunstverhau.de\/wp-content\/uploads\/2020\/10\/photo_2020-10-14_11-12-02-e1602668031404-300x208.jpg 300w, https:\/\/www.kunstverhau.de\/wp-content\/uploads\/2020\/10\/photo_2020-10-14_11-12-02-e1602668031404-768x532.jpg 768w\" \/><div class=\"wp-block-cover__inner-container is-layout-flow wp-block-cover-is-layout-flow\">\n<p class=\"has-text-align-center wp-block-paragraph\" style=\"font-size:36px\"><span style=\"color:#000000\" class=\"tadv-color\">Kunst aus<\/span><\/p>\n\n\n\n<p class=\"has-text-align-center tw-mt-7 tw-letter-spacing-loose has-background-color has-text-color wp-block-paragraph\" style=\"font-size:99px\"><strong>GIPS<\/strong><\/p>\n\n\n\n<p class=\"has-text-align-center tw-mt-7 tw-letter-spacing-tight tw-eyebrow wp-block-paragraph\" style=\"font-size:35px\"><span style=\"color:#000000\" class=\"tadv-color\">Gipsspat, Kunst, Calciumsulfat-Dihydrat,  Skulptur, Alabasterwei\u00df,  Drahtger\u00fcst, Analin, Bildhauerei, Anhydrit, Gipsbinden, Bologneser Kreide, Elektrikergips,  Federspat, Leichtspat, Marienglas, Plaster of Paris, Ca2H<sub>2<\/sub>O <\/span><\/p>\n<\/div><\/div>\n\n\n\n<hr class=\"wp-block-separator has-text-color has-css-opacity has-background is-style-dots\" style=\"background-color:#cf0b0b;color:#cf0b0b\"\/>\n\n\n\n<p class=\"has-text-align-center has-background-color has-text-color wp-block-paragraph\" style=\"font-size:40px\"><span style=\"color:#000000\" class=\"tadv-color\">Galerie-Kunstverhau <\/span><\/p>\n\n\n\n<figure class=\"wp-block-gallery has-nested-images columns-5 is-cropped is-style-tw-img-rounded tw-img-border tw-img-center wp-block-gallery-1 is-layout-flex wp-block-gallery-is-layout-flex\">\n<figure class=\"wp-block-image size-large\"><a href=\"https:\/\/www.kunstverhau.de\/wp-content\/uploads\/2020\/10\/photo_2020-10-14_11-12-17-edited.jpg\"><img decoding=\"async\" width=\"576\" height=\"863\" data-id=\"2997\" src=\"https:\/\/www.kunstverhau.de\/wp-content\/uploads\/2020\/10\/photo_2020-10-14_11-12-17-edited.jpg\" alt=\"\" class=\"wp-image-2997\" srcset=\"https:\/\/www.kunstverhau.de\/wp-content\/uploads\/2020\/10\/photo_2020-10-14_11-12-17-edited.jpg 576w, https:\/\/www.kunstverhau.de\/wp-content\/uploads\/2020\/10\/photo_2020-10-14_11-12-17-edited-200x300.jpg 200w\" sizes=\"(max-width: 576px) 100vw, 576px\" \/><\/a><figcaption class=\"wp-element-caption\">Rica<\/figcaption><\/figure>\n\n\n\n<figure class=\"wp-block-image size-large\"><img decoding=\"async\" width=\"798\" height=\"1024\" data-id=\"4408\" src=\"https:\/\/www.kunstverhau.de\/wp-content\/uploads\/2021\/10\/photo_2021-10-01_14-27-23-798x1024.jpg\" alt=\"\" class=\"wp-image-4408\" srcset=\"https:\/\/www.kunstverhau.de\/wp-content\/uploads\/2021\/10\/photo_2021-10-01_14-27-23-798x1024.jpg 798w, https:\/\/www.kunstverhau.de\/wp-content\/uploads\/2021\/10\/photo_2021-10-01_14-27-23-234x300.jpg 234w, https:\/\/www.kunstverhau.de\/wp-content\/uploads\/2021\/10\/photo_2021-10-01_14-27-23-768x985.jpg 768w, https:\/\/www.kunstverhau.de\/wp-content\/uploads\/2021\/10\/photo_2021-10-01_14-27-23.jpg 998w\" sizes=\"(max-width: 798px) 100vw, 798px\" \/><figcaption class=\"wp-element-caption\"><a href=\"https:\/\/www.kunstverhau.de\/?page_id=3597\" target=\"_blank\" rel=\"noopener\" title=\"Dentalroses\">Tanja<\/a><\/figcaption><\/figure>\n\n\n\n<figure class=\"wp-block-image size-large\"><a href=\"https:\/\/www.kunstverhau.de\/wp-content\/uploads\/2020\/10\/photo_2020-10-09_18-53-23.jpg\"><img loading=\"lazy\" decoding=\"async\" width=\"1024\" height=\"614\" data-id=\"2942\" src=\"https:\/\/www.kunstverhau.de\/wp-content\/uploads\/2020\/10\/photo_2020-10-09_18-53-23-1024x614.jpg\" alt=\"\" class=\"wp-image-2942\" srcset=\"https:\/\/www.kunstverhau.de\/wp-content\/uploads\/2020\/10\/photo_2020-10-09_18-53-23-1024x614.jpg 1024w, https:\/\/www.kunstverhau.de\/wp-content\/uploads\/2020\/10\/photo_2020-10-09_18-53-23-300x180.jpg 300w, https:\/\/www.kunstverhau.de\/wp-content\/uploads\/2020\/10\/photo_2020-10-09_18-53-23-768x461.jpg 768w, https:\/\/www.kunstverhau.de\/wp-content\/uploads\/2020\/10\/photo_2020-10-09_18-53-23-1200x720.jpg 1200w, https:\/\/www.kunstverhau.de\/wp-content\/uploads\/2020\/10\/photo_2020-10-09_18-53-23.jpg 1280w\" sizes=\"(max-width: 1024px) 100vw, 1024px\" \/><\/a><figcaption class=\"wp-element-caption\">Susanna<\/figcaption><\/figure>\n\n\n\n<figure class=\"wp-block-image size-large\"><a href=\"https:\/\/www.kunstverhau.de\/wp-content\/uploads\/2020\/10\/photo_2020-10-14_11-12-55.jpg\"><img loading=\"lazy\" decoding=\"async\" width=\"768\" height=\"1024\" data-id=\"2843\" src=\"https:\/\/www.kunstverhau.de\/wp-content\/uploads\/2020\/10\/photo_2020-10-14_11-12-55.jpg\" alt=\"\" class=\"wp-image-2843\" srcset=\"https:\/\/www.kunstverhau.de\/wp-content\/uploads\/2020\/10\/photo_2020-10-14_11-12-55.jpg 768w, https:\/\/www.kunstverhau.de\/wp-content\/uploads\/2020\/10\/photo_2020-10-14_11-12-55-225x300.jpg 225w\" sizes=\"(max-width: 768px) 100vw, 768px\" \/><\/a><figcaption class=\"wp-element-caption\">Katharina<\/figcaption><\/figure>\n\n\n\n<figure class=\"wp-block-image size-large\"><a href=\"https:\/\/www.kunstverhau.de\/wp-content\/uploads\/2020\/10\/photo_2020-10-14_11-12-24.jpg\"><img loading=\"lazy\" decoding=\"async\" width=\"768\" height=\"1024\" data-id=\"2830\" src=\"https:\/\/www.kunstverhau.de\/wp-content\/uploads\/2020\/10\/photo_2020-10-14_11-12-24.jpg\" alt=\"\" class=\"wp-image-2830\" srcset=\"https:\/\/www.kunstverhau.de\/wp-content\/uploads\/2020\/10\/photo_2020-10-14_11-12-24.jpg 768w, https:\/\/www.kunstverhau.de\/wp-content\/uploads\/2020\/10\/photo_2020-10-14_11-12-24-225x300.jpg 225w\" sizes=\"(max-width: 768px) 100vw, 768px\" \/><\/a><figcaption class=\"wp-element-caption\">Roland<\/figcaption><\/figure>\n<\/figure>\n\n\n\n<hr class=\"wp-block-separator has-text-color has-css-opacity has-background is-style-dots\" style=\"background-color:#df2810;color:#df2810\"\/>\n\n\n\n<p class=\"has-text-align-center has-primary-color has-text-color wp-block-paragraph\" style=\"font-size:37px\">Werkstatt-Kunstverhau<span style=\"color:#000000\" class=\"tadv-color\"><\/span><\/p>\n\n\n\n<p class=\"has-primary-color has-text-color has-large-font-size wp-block-paragraph\"><\/p>\n\n\n\n<div style=\"height:53px\" aria-hidden=\"true\" class=\"wp-block-spacer\"><\/div>\n\n\n\n<figure class=\"wp-block-gallery has-nested-images columns-default is-cropped is-style-tw-img-rounded tw-img-ratio-1-1 wp-block-gallery-2 is-layout-flex wp-block-gallery-is-layout-flex\">\n<figure class=\"wp-block-image size-large\"><a href=\"https:\/\/www.kunstverhau.de\/wp-content\/uploads\/2020\/10\/photo_2020-10-14_11-12-07.jpg\"><img loading=\"lazy\" decoding=\"async\" width=\"576\" height=\"1024\" data-id=\"2824\" src=\"https:\/\/www.kunstverhau.de\/wp-content\/uploads\/2020\/10\/photo_2020-10-14_11-12-07.jpg\" alt=\"\" class=\"wp-image-2824\" srcset=\"https:\/\/www.kunstverhau.de\/wp-content\/uploads\/2020\/10\/photo_2020-10-14_11-12-07.jpg 576w, https:\/\/www.kunstverhau.de\/wp-content\/uploads\/2020\/10\/photo_2020-10-14_11-12-07-169x300.jpg 169w\" sizes=\"(max-width: 576px) 100vw, 576px\" \/><\/a><\/figure>\n\n\n\n<figure class=\"wp-block-image size-large\"><a href=\"https:\/\/www.kunstverhau.de\/wp-content\/uploads\/2020\/10\/photo_2020-10-14_10-45-30-e1602839023963.jpg\"><img loading=\"lazy\" decoding=\"async\" width=\"1024\" height=\"614\" data-id=\"2871\" src=\"https:\/\/www.kunstverhau.de\/wp-content\/uploads\/2020\/10\/photo_2020-10-14_10-45-30-1024x614.jpg\" alt=\"\" class=\"wp-image-2871\"\/><\/a><\/figure>\n\n\n\n<figure class=\"wp-block-image size-large\"><a href=\"https:\/\/www.kunstverhau.de\/wp-content\/uploads\/2020\/10\/photo_2020-10-14_11-12-26.jpg\"><img loading=\"lazy\" decoding=\"async\" width=\"768\" height=\"1024\" data-id=\"2831\" src=\"https:\/\/www.kunstverhau.de\/wp-content\/uploads\/2020\/10\/photo_2020-10-14_11-12-26-768x1024.jpg\" alt=\"\" class=\"wp-image-2831\" srcset=\"https:\/\/www.kunstverhau.de\/wp-content\/uploads\/2020\/10\/photo_2020-10-14_11-12-26-768x1024.jpg 768w, https:\/\/www.kunstverhau.de\/wp-content\/uploads\/2020\/10\/photo_2020-10-14_11-12-26-225x300.jpg 225w, https:\/\/www.kunstverhau.de\/wp-content\/uploads\/2020\/10\/photo_2020-10-14_11-12-26.jpg 960w\" sizes=\"(max-width: 768px) 100vw, 768px\" \/><\/a><\/figure>\n<\/figure>\n\n\n\n<div class=\"wp-block-group tw-rounded has-background\" style=\"background-color:#c95338\"><div class=\"wp-block-group__inner-container is-layout-flow wp-block-group-is-layout-flow\">\n<div class=\"wp-block-group\"><div class=\"wp-block-group__inner-container is-layout-flow wp-block-group-is-layout-flow\">\n<ul class=\"wp-block-list\">\n<li>\n<p>Hasendraht (mit nicht zu gro\u00dfen Maschen!)<\/p>\n<\/li>\n\n\n\n<li>\n<p>alte Gartenschere oder Blechschere<\/p>\n<\/li>\n\n\n\n<li>\n<p>Arbeitshandschuhe<\/p>\n<\/li>\n\n\n\n<li>\n<p>Draht zum Zusammenn\u00e4hen<\/p>\n<\/li>\n\n\n\n<li>\n<p>Klebeband<\/p>\n<\/li>\n\n\n\n<li>\n<p>eventuell Armatur<\/p>\n<\/li>\n\n\n\n<li>\n<p>Wasserk\u00fcbel zum Auswaschen<\/p>\n<\/li>\n\n\n\n<li>\n<p>Abdeckplane<\/p>\n<\/li>\n\n\n\n<li>\n<p>Gipsbinden<\/p>\n<\/li>\n\n\n\n<li>\n<p>Alabastergips<\/p>\n<\/li>\n\n\n\n<li>\n<p>Gipsbecher<\/p>\n<\/li>\n\n\n\n<li>\n<p>Spachtel<\/p>\n<\/li>\n\n\n\n<li>\n<p>Stroh, als m\u00f6glichen Zuschlagstoff<\/p>\n<\/li>\n\n\n\n<li>\n<p>Feilen, Raspeln, Schleifpapier<\/p>\n<\/li>\n\n\n\n<li>\n<p>Wachs, Harz<\/p>\n<\/li>\n<\/ul>\n<\/div><\/div>\n<\/div><\/div>\n\n\n\n<p class=\"has-primary-color has-text-color has-larger-font-size wp-block-paragraph\"><\/p>\n\n\n\n<div class=\"wp-block-group tw-rounded has-background\" style=\"background-color:#c95338\"><div class=\"wp-block-group__inner-container is-layout-flow wp-block-group-is-layout-flow\">\n<p class=\"wp-block-paragraph\"><span style=\"background-color:#c95338\" class=\"tadv-background-color\">Das Arbeiten mit Gips fordert eine gute Vorbereitung, denn einmal anger\u00fchrt muss es schnell gehen. Wir haben uns deswegen Modelle in Plastilin, auf Papier oder im Kopf gemacht. Dank Rica hatten wir auch Holz-Armaturen zur Verf\u00fcgung..<\/span> <\/p>\n\n\n\n<p class=\"has-background wp-block-paragraph\" style=\"background-color:#a3000d\">++++Wichtig ist, dass kein Gips in den Abguss gelangen darf, er verstopft die Rohre. Also einen K\u00fcbel mit Wasser bereitstellen zum Auswaschen der Gef\u00e4\u00dfe und Ger\u00e4te, dann setzen lassen und Wasser vorsichtig abgie\u00dfen, den Gipsrest in die Restm\u00fclltonne+++<\/p>\n<\/div><\/div>\n\n\n\n<figure class=\"wp-block-gallery has-nested-images columns-default is-cropped is-style-tw-img-rounded tw-img-ratio-1-1 wp-block-gallery-3 is-layout-flex wp-block-gallery-is-layout-flex\">\n<figure class=\"wp-block-image size-large\"><a href=\"https:\/\/www.kunstverhau.de\/wp-content\/uploads\/2020\/10\/photo_2020-10-14_11-12-57.jpg\"><img loading=\"lazy\" decoding=\"async\" width=\"768\" height=\"1024\" data-id=\"2844\" src=\"https:\/\/www.kunstverhau.de\/wp-content\/uploads\/2020\/10\/photo_2020-10-14_11-12-57-768x1024.jpg\" alt=\"\" class=\"wp-image-2844\" srcset=\"https:\/\/www.kunstverhau.de\/wp-content\/uploads\/2020\/10\/photo_2020-10-14_11-12-57-768x1024.jpg 768w, https:\/\/www.kunstverhau.de\/wp-content\/uploads\/2020\/10\/photo_2020-10-14_11-12-57-225x300.jpg 225w, https:\/\/www.kunstverhau.de\/wp-content\/uploads\/2020\/10\/photo_2020-10-14_11-12-57.jpg 960w\" sizes=\"(max-width: 768px) 100vw, 768px\" \/><\/a><\/figure>\n\n\n\n<figure class=\"wp-block-image size-large\"><a href=\"https:\/\/www.kunstverhau.de\/wp-content\/uploads\/2020\/10\/photo_2020-09-25_15-52-51.jpg\"><img loading=\"lazy\" decoding=\"async\" width=\"768\" height=\"1024\" data-id=\"2938\" src=\"https:\/\/www.kunstverhau.de\/wp-content\/uploads\/2020\/10\/photo_2020-09-25_15-52-51-768x1024.jpg\" alt=\"\" class=\"wp-image-2938\" srcset=\"https:\/\/www.kunstverhau.de\/wp-content\/uploads\/2020\/10\/photo_2020-09-25_15-52-51-768x1024.jpg 768w, https:\/\/www.kunstverhau.de\/wp-content\/uploads\/2020\/10\/photo_2020-09-25_15-52-51-225x300.jpg 225w, https:\/\/www.kunstverhau.de\/wp-content\/uploads\/2020\/10\/photo_2020-09-25_15-52-51.jpg 960w\" sizes=\"(max-width: 768px) 100vw, 768px\" \/><\/a><\/figure>\n\n\n\n<figure class=\"wp-block-image size-large\"><a href=\"https:\/\/www.kunstverhau.de\/wp-content\/uploads\/2020\/10\/photo_2020-10-09_18-53-23.jpg\"><img loading=\"lazy\" decoding=\"async\" width=\"1024\" height=\"614\" data-id=\"2942\" src=\"https:\/\/www.kunstverhau.de\/wp-content\/uploads\/2020\/10\/photo_2020-10-09_18-53-23-1024x614.jpg\" alt=\"\" class=\"wp-image-2942\" srcset=\"https:\/\/www.kunstverhau.de\/wp-content\/uploads\/2020\/10\/photo_2020-10-09_18-53-23-1024x614.jpg 1024w, https:\/\/www.kunstverhau.de\/wp-content\/uploads\/2020\/10\/photo_2020-10-09_18-53-23-300x180.jpg 300w, https:\/\/www.kunstverhau.de\/wp-content\/uploads\/2020\/10\/photo_2020-10-09_18-53-23-768x461.jpg 768w, https:\/\/www.kunstverhau.de\/wp-content\/uploads\/2020\/10\/photo_2020-10-09_18-53-23-1200x720.jpg 1200w, https:\/\/www.kunstverhau.de\/wp-content\/uploads\/2020\/10\/photo_2020-10-09_18-53-23.jpg 1280w\" sizes=\"(max-width: 1024px) 100vw, 1024px\" \/><\/a><figcaption class=\"wp-element-caption\">Susanna<\/figcaption><\/figure>\n<\/figure>\n\n\n\n<p class=\"tw-rounded has-background wp-block-paragraph\" style=\"background-color:#c95338\">Beim Anfertigen des Drahtger\u00fcsts kommt es auf das richtige Drahtmaterial an. Hasendraht ist geeignet, es kommt aber auf die richtige Maschengr\u00f6\u00dfe an. Wir haben ein 6-Eck Drahtgeflecht mit ca. Maschengr\u00f6\u00dfe 13&#215;13 mm in St\u00e4rke 0,7 mm verwendet.<\/p>\n\n\n\n<p class=\"tw-rounded has-background wp-block-paragraph\" style=\"background-color:#c95338\">Mit einer alten Gartenschere kann man, wie f\u00fcr eine N\u00e4harbeit ein Schnittmuster anfertigen, das dann mit Draht zusammengen\u00e4ht wird. Um leichte Rundungen zu erzeugen kann man Formen, wie zum Beispiel eine Schwimmnudel, verwenden. Dabei sind dicke Handschuhe undedingt zu empfehlen. Um zu verhindern, dass die Gipsbinde durch die Maschen rutscht wickelt man Klebeband um das Drahtger\u00fcst.<\/p>\n\n\n\n<figure class=\"wp-block-gallery has-nested-images columns-default is-cropped is-style-tw-img-rounded tw-img-ratio-1-1 wp-block-gallery-4 is-layout-flex wp-block-gallery-is-layout-flex\">\n<figure class=\"wp-block-image size-large\"><img loading=\"lazy\" decoding=\"async\" width=\"768\" height=\"1024\" data-id=\"2833\" src=\"https:\/\/www.kunstverhau.de\/wp-content\/uploads\/2020\/10\/photo_2020-10-14_11-12-31.jpg\" alt=\"\" class=\"wp-image-2833\" srcset=\"https:\/\/www.kunstverhau.de\/wp-content\/uploads\/2020\/10\/photo_2020-10-14_11-12-31.jpg 768w, https:\/\/www.kunstverhau.de\/wp-content\/uploads\/2020\/10\/photo_2020-10-14_11-12-31-225x300.jpg 225w\" sizes=\"(max-width: 768px) 100vw, 768px\" \/><\/figure>\n\n\n\n<figure class=\"wp-block-image size-large\"><img loading=\"lazy\" decoding=\"async\" width=\"768\" height=\"1024\" data-id=\"2832\" src=\"https:\/\/www.kunstverhau.de\/wp-content\/uploads\/2020\/10\/photo_2020-10-14_11-12-28.jpg\" alt=\"\" class=\"wp-image-2832\" srcset=\"https:\/\/www.kunstverhau.de\/wp-content\/uploads\/2020\/10\/photo_2020-10-14_11-12-28.jpg 768w, https:\/\/www.kunstverhau.de\/wp-content\/uploads\/2020\/10\/photo_2020-10-14_11-12-28-225x300.jpg 225w\" sizes=\"(max-width: 768px) 100vw, 768px\" \/><\/figure>\n\n\n\n<figure class=\"wp-block-image size-large\"><img loading=\"lazy\" decoding=\"async\" width=\"768\" height=\"1024\" data-id=\"2830\" src=\"https:\/\/www.kunstverhau.de\/wp-content\/uploads\/2020\/10\/photo_2020-10-14_11-12-24.jpg\" alt=\"\" class=\"wp-image-2830\" srcset=\"https:\/\/www.kunstverhau.de\/wp-content\/uploads\/2020\/10\/photo_2020-10-14_11-12-24.jpg 768w, https:\/\/www.kunstverhau.de\/wp-content\/uploads\/2020\/10\/photo_2020-10-14_11-12-24-225x300.jpg 225w\" sizes=\"(max-width: 768px) 100vw, 768px\" \/><figcaption class=\"wp-element-caption\">Roland<\/figcaption><\/figure>\n<\/figure>\n\n\n\n<p class=\"tw-rounded has-background wp-block-paragraph\" style=\"background-color:#c95338\">Die Gipsbinden k\u00f6nnen nun entweder in kleine St\u00fccke geschnitten und einzeln ins Wasser getaucht werden, so kann man genauer arbeiten, oder man taucht sie im Ganzen f\u00fcr wenige Sekunden ins Wasser und rollt die Binde ab.<\/p>\n\n\n\n<p class=\"tw-rounded has-background wp-block-paragraph\" style=\"background-color:#c95338\">Nach dem Antrocknen kann man den Modelliergips anr\u00fchren. Das Gipspulver wird immer in das kalte! Wasser gestreut. Dann erst umr\u00fchren. Sollten noch angetrocknete Reste in der Gipssch\u00fcssel sein, verk\u00fcrzt sich die eh schon kurze Verarbeitungszeit des Gipses. Eibischwurzelpulver verl\u00e4ngert angeblich die Topfzeit. Immer nur soviel anr\u00fchren, wie man gerade braucht. Am Besten mit einer Spachtel, oder einem Messer den Gips auf die Skulptur aufbringen. Dann trocknen lassen.<\/p>\n\n\n\n<p class=\"tw-rounded has-background wp-block-paragraph\" style=\"background-color:#c95338\">Eventuell m\u00fcssen zu d\u00fcnne Stellen noch ausgebessert werden, dazu die Stelle nochmal anfeuchten und neuen Gips auftragen. Vor dem Schleifen gut austrocknen lassen.<\/p>\n\n\n\n<figure class=\"wp-block-gallery has-nested-images columns-default is-cropped is-style-tw-img-rounded wp-block-gallery-5 is-layout-flex wp-block-gallery-is-layout-flex\">\n<figure class=\"wp-block-image size-large\"><img loading=\"lazy\" decoding=\"async\" width=\"1024\" height=\"614\" data-id=\"2838\" src=\"https:\/\/www.kunstverhau.de\/wp-content\/uploads\/2020\/10\/photo_2020-10-14_11-12-44.jpg\" alt=\"\" class=\"wp-image-2838\" srcset=\"https:\/\/www.kunstverhau.de\/wp-content\/uploads\/2020\/10\/photo_2020-10-14_11-12-44.jpg 1024w, https:\/\/www.kunstverhau.de\/wp-content\/uploads\/2020\/10\/photo_2020-10-14_11-12-44-300x180.jpg 300w, https:\/\/www.kunstverhau.de\/wp-content\/uploads\/2020\/10\/photo_2020-10-14_11-12-44-768x461.jpg 768w\" sizes=\"(max-width: 1024px) 100vw, 1024px\" \/><\/figure>\n\n\n\n<figure class=\"wp-block-image size-large\"><img loading=\"lazy\" decoding=\"async\" width=\"1024\" height=\"768\" data-id=\"2842\" src=\"https:\/\/www.kunstverhau.de\/wp-content\/uploads\/2020\/10\/photo_2020-10-14_11-12-53.jpg\" alt=\"\" class=\"wp-image-2842\" srcset=\"https:\/\/www.kunstverhau.de\/wp-content\/uploads\/2020\/10\/photo_2020-10-14_11-12-53.jpg 1024w, https:\/\/www.kunstverhau.de\/wp-content\/uploads\/2020\/10\/photo_2020-10-14_11-12-53-300x225.jpg 300w, https:\/\/www.kunstverhau.de\/wp-content\/uploads\/2020\/10\/photo_2020-10-14_11-12-53-768x576.jpg 768w\" sizes=\"(max-width: 1024px) 100vw, 1024px\" \/><\/figure>\n\n\n\n<figure class=\"wp-block-image size-large\"><img loading=\"lazy\" decoding=\"async\" width=\"768\" height=\"1024\" data-id=\"2837\" src=\"https:\/\/www.kunstverhau.de\/wp-content\/uploads\/2020\/10\/photo_2020-10-14_11-12-38.jpg\" alt=\"\" class=\"wp-image-2837\" srcset=\"https:\/\/www.kunstverhau.de\/wp-content\/uploads\/2020\/10\/photo_2020-10-14_11-12-38.jpg 768w, https:\/\/www.kunstverhau.de\/wp-content\/uploads\/2020\/10\/photo_2020-10-14_11-12-38-225x300.jpg 225w\" sizes=\"(max-width: 768px) 100vw, 768px\" \/><\/figure>\n<\/figure>\n\n\n\n<p class=\"tw-rounded has-background wp-block-paragraph\" style=\"background-color:#c95338\">Dann kann man mit dem Schleifen beginnen. Ein Ort im Freien ist wohl am geeignetsten, da es sehr staubt. Es wird von grob zu fein gearbeitet.<\/p>\n\n\n\n<div class=\"wp-block-group tw-rounded has-background\" style=\"background-color:#c95338\"><div class=\"wp-block-group__inner-container is-layout-flow wp-block-group-is-layout-flow\">\n<p class=\"wp-block-paragraph\">Weitere Nachbehandlungen k\u00f6nnen mit Wachs oder Paraffin erfolgen. Dazu gibt es eine gute Beschreibung auf<br><a href=\" http:\/\/www.hobby-louis.de\/gipsoberflaeche.html\">http:\/\/www.hobby-louis.de\/gipsoberflaeche.html<\/a><\/p>\n\n\n\n<p class=\"wp-block-paragraph\">Leider ist die Skulptur nur f\u00fcr Innenr\u00e4ume geeignet, da der Gips eine gewisse Wasserl\u00f6slichkeit nach dem Abbinden beibeh\u00e4lt.<\/p>\n\n\n\n<p class=\"wp-block-paragraph\">Ob man eine Gipsskulptur mit Resin wetterfest machen kann, werden wir erproben.<\/p>\n\n\n\n<p class=\"wp-block-paragraph\"><\/p>\n<\/div><\/div>\n\n\n\n<p class=\"tw-mb-8 wp-block-paragraph\"><\/p>\n<\/div><\/div>\n","protected":false},"excerpt":{"rendered":"<p>Galerie-Kunstverhau Werkstatt-Kunstverhau Das Arbeiten mit Gips fordert eine gute Vorbereitung, denn einmal anger\u00fchrt muss es schnell gehen. Wir haben uns deswegen Modelle in Plastilin, auf Papier oder im Kopf gemacht. Dank Rica hatten wir auch Holz-Armaturen zur Verf\u00fcgung.. ++++Wichtig ist, dass kein Gips in den Abguss gelangen darf, er verstopft die Rohre. Also einen K\u00fcbel&hellip;<\/p>\n","protected":false},"author":4,"featured_media":0,"parent":0,"menu_order":0,"comment_status":"closed","ping_status":"closed","template":"tw-no-title.php","meta":{"_crdt_document":"","footnotes":""},"class_list":["post-1096","page","type-page","status-publish","hentry"],"aioseo_notices":[],"featured_image_src":null,"featured_image_src_square":null,"_links":{"self":[{"href":"https:\/\/www.kunstverhau.de\/index.php?rest_route=\/wp\/v2\/pages\/1096","targetHints":{"allow":["GET"]}}],"collection":[{"href":"https:\/\/www.kunstverhau.de\/index.php?rest_route=\/wp\/v2\/pages"}],"about":[{"href":"https:\/\/www.kunstverhau.de\/index.php?rest_route=\/wp\/v2\/types\/page"}],"author":[{"embeddable":true,"href":"https:\/\/www.kunstverhau.de\/index.php?rest_route=\/wp\/v2\/users\/4"}],"replies":[{"embeddable":true,"href":"https:\/\/www.kunstverhau.de\/index.php?rest_route=%2Fwp%2Fv2%2Fcomments&post=1096"}],"version-history":[{"count":223,"href":"https:\/\/www.kunstverhau.de\/index.php?rest_route=\/wp\/v2\/pages\/1096\/revisions"}],"predecessor-version":[{"id":5438,"href":"https:\/\/www.kunstverhau.de\/index.php?rest_route=\/wp\/v2\/pages\/1096\/revisions\/5438"}],"wp:attachment":[{"href":"https:\/\/www.kunstverhau.de\/index.php?rest_route=%2Fwp%2Fv2%2Fmedia&parent=1096"}],"curies":[{"name":"wp","href":"https:\/\/api.w.org\/{rel}","templated":true}]}}