{"id":187,"date":"2020-07-06T11:51:55","date_gmt":"2020-07-06T09:51:55","guid":{"rendered":"https:\/\/www.kunstverhau.de\/?page_id=187"},"modified":"2026-03-13T00:27:45","modified_gmt":"2026-03-12T23:27:45","slug":"ausstellungen-tipps-u-a","status":"publish","type":"page","link":"https:\/\/www.kunstverhau.de\/?page_id=187","title":{"rendered":"Archiv"},"content":{"rendered":"<p>&nbsp;<\/p>\r\n<figure id=\"AusstellungSardenhaus2024\" class=\"wp-block-table\">\r\n<table class=\"has-background-background-color has-background has-fixed-layout\" style=\"width: 100%;\">\r\n<tbody>\r\n<tr>\r\n<td class=\"has-text-align-center\" style=\"width: 100%; text-align: center;\" data-align=\"center\">\r\n<p>&nbsp;<\/p>\r\n<p style=\"text-align: center;\"><span style=\"font-family: helvetica, arial, sans-serif; color: #ff0000; font-size: 18pt;\"><strong><a id=\"Orangerie2025\"><\/a>Ausstellung Skulpturen [\u00a0 \u00a0] R\u00e4ume<br \/>in der Orangerie im Englischen Garten, M\u00fcnchen<br \/>Do. 16.10.2025 bis So. 19.10.2025\u00a0<\/strong><\/span><br \/><span style=\"font-family: helvetica, arial, sans-serif;\"><span style=\"font-family: helvetica, arial, sans-serif;\"><strong><br \/><\/strong><\/span><\/span><\/p>\r\n<p style=\"text-align: left;\"><span style=\"font-family: helvetica, arial, sans-serif;\">Unsere Ausstellung war ein sch\u00f6ner Erfolg f\u00fcr unsere K\u00fcnstlergruppe. An den vier Tagen kamen etwa 300 Besucher. Besonders erfreulich waren die interessanten Gespr\u00e4che und Begegnungen mit den vielen Kunstinteressierten, die den Weg in unsere Ausstellung gefunden haben.<\/span><\/p>\r\n<\/td>\r\n<\/tr>\r\n<tr>\r\n<td class=\"has-text-align-center\" style=\"width: 579px;\" data-align=\"center\">\r\n<p><span style=\"font-family: helvetica, arial, sans-serif; font-size: 18pt;\"><strong>Dankesrede von Rica Zimmermann<\/strong><\/span><\/p>\r\n<p style=\"text-align: left;\"><span style=\"font-family: helvetica, arial, sans-serif;\">Wir bedanken uns bei allen Besuchern unserer Ausstellung f\u00fcr Ihr Kommen und Ihre durchweg positiven R\u00fcckmeldungen.<br \/><\/span><span style=\"font-family: helvetica, arial, sans-serif;\">Die ehrliche Begeisterung und die vielen sch\u00f6nen und interessanten Gespr\u00e4che (und Ank\u00e4ufe) sind es, die uns in unserem k\u00fcnstlerischen Tun befl\u00fcgeln und weiter antreiben.<br \/><\/span><strong><span style=\"font-family: helvetica, arial, sans-serif;\">Wir freuen uns auf ein Wiedersehen!<\/span><\/strong><\/p>\r\n<p style=\"text-align: left;\"><span style=\"font-family: helvetica, arial, sans-serif;\">Und wer nicht kommen konnte, hat hier durch die vielen Fotos und die abgedruckte Er\u00f6ffnungsrede die M\u00f6glichkeit, ein wenig in die Ausstellungsatmosph\u00e4re einzutauchen.\u00a0<\/span><span style=\"font-family: helvetica, arial, sans-serif;\">Uns haben die 4 Tage sehr viel Spa\u00df gemacht. Hochmotiviert gehen wir jetzt wieder ans Werk, denn: <\/span><strong><span style=\"font-family: helvetica, arial, sans-serif;\">Nach der Ausstellung ist vor der Ausstellung!<\/span><\/strong><\/p>\r\n<\/td>\r\n<\/tr>\r\n<tr>\r\n<td class=\"has-text-align-center\" style=\"width: 579px;\" data-align=\"center\">\r\n<div dir=\"ltr\" style=\"text-align: center;\" data-mode=\"id\"><span style=\"font-family: helvetica, arial, sans-serif; font-size: 18pt;\"><strong>Impressionen<\/strong><\/span><\/div>\r\n<div dir=\"ltr\" style=\"text-align: center;\" data-mode=\"id\">\u00a0<\/div>\r\n<div class=\"n2_ss_slider_publish__option_code\" dir=\"ltr\" style=\"text-align: center;\" data-mode=\"id\">\r\n<div class=\"n2_ss_slider_publish__option_code\" dir=\"ltr\" data-mode=\"id\">\r\n<div class=\"n2_ss_slider_publish__option_code\" dir=\"ltr\" data-mode=\"id\"><\/div>\r\n<\/div>\r\n<\/div>\r\n<p style=\"text-align: center;\"><span style=\"font-family: helvetica, arial, sans-serif;\"><span style=\"font-family: helvetica, arial, sans-serif;\"><strong>\u00a0<\/strong><\/span><\/span><\/p>\r\n<\/td>\r\n<\/tr>\r\n<tr>\r\n<td class=\"has-text-align-center\" style=\"width: 579px;\" data-align=\"center\">\r\n<p><span style=\"font-family: helvetica, arial, sans-serif;\"><span style=\"font-family: helvetica, arial, sans-serif;\"><span style=\"font-family: helvetica, arial, sans-serif;\"><span style=\"font-family: helvetica, arial, sans-serif;\"><strong><br \/><br \/><span style=\"font-size: 18pt;\">Text der Er\u00f6ffnungsrede von Felix Antonini<\/span><\/strong><\/span><\/span><\/span><\/span><\/p>\r\n<p>&nbsp;<\/p>\r\n<p style=\"text-align: left;\"><span style=\"font-family: helvetica, arial, sans-serif;\">Willkommen zur Vernissage der Ausstellung Skulpturen [\u00a0 ] R\u00e4ume der Bildhauergruppe Kunstverhau! <br \/><\/span><br \/><span style=\"font-family: helvetica, arial, sans-serif;\">Mein Name ist Felix Antonini und mit gro\u00dfer Freude hat mir die Gruppe als Freund die Aufgabe gegeben, Sie heute Abend mit einigen Bemerkungen neugierig zu machen, auf Skulpturen [\u00a0 ] R\u00e4ume \u2013 Sie einzuladen, mit den K\u00fcnstler:innen ins Gespr\u00e4ch zu kommen und offen zu sein f\u00fcr Freude, \u00dcberraschung, Nachdenklichkeit.<\/span><\/p>\r\n<p style=\"text-align: left;\"><span style=\"font-family: helvetica, arial, sans-serif;\">Die Welt nicht als Aggressionspunkt begreifen, den man sich erobern, sich zu eigen machen muss, sondern als Resonanzfeld sehen, das einen anspricht, das auf einen wirkt, das man sich \u2013 im besten Fall \u2013 anverwandeln kann, ist f\u00fcr mich in diesen Zeiten eine sowohl tr\u00f6stende, als auch ansprechende Geisteshaltung, die ich mit meinen Gedanken an die Bildhauerwerke der Skulpturen [\u00a0 ] R\u00e4ume verbinde.<\/span><\/p>\r\n<p style=\"text-align: left;\"><span style=\"font-family: helvetica, arial, sans-serif;\">Denn hier merken wir ganz nat\u00fcrlich: das noch so heftige Streben nach dem perfekten \u00e4sthetischen Genuss kann nicht erzwingen, dass ein Kunstwerk in der eigenen Vorstellungswelt einen Stellenwert bekommen darf. Hingegen die Unterhaltung mit den Kunstschaffenden, die pl\u00f6tzliche Erinnerung an eine angenehme Begebenheit in der Kindheit, ausgel\u00f6st etwa, durch eine Reflexion in der Oberfl\u00e4che einer Plastik, sind Dinge die \u2013 wenn man im metaphorischen Sinn bereit ist zu h\u00f6ren \u2013 einen ansprechen und uns so, den eigenen Widerhall in der Welt \u2013 unsere Resonanz erm\u00f6glichen.<\/span><\/p>\r\n<p style=\"text-align: left;\"><span style=\"font-family: helvetica, arial, sans-serif;\">Gerade wenn wir um uns herum immer mehr das Aggressionsprinzip wahrnehmen, sollten wir wach sein f\u00fcr Anregung und Resonanz. Vor einigen Wochen \u2013 mitten hinein in die organisatorische Planung von Kunstverhau zu dieser Ausstellung \u2013 habe ich als Anregung Rica Zimmermann, Roland Moroff, Susanna Mayer, die heute leider verhinderte Katharina Braun und Tanja Antonini ziemlich unversch\u00e4mte Fragen gestellt, zu dem, was meine Begr\u00fc\u00dfungsworte mit Ihnen heute eigentlich machen sollen. Der Widerhall auf diese Anregung: f\u00fcnf eigenst\u00e4ndige und unterschiedliche K\u00fcnstler:innen, sind diese Bildhauergruppe Kunstverhau!<\/span><\/p>\r\n<p style=\"text-align: left;\"><span style=\"font-family: helvetica, arial, sans-serif;\">Dies werden auch Sie in Skulpturen [\u00a0 ] R\u00e4ume ganz nat\u00fcrlich erfahren, wenn Sie sich einf\u00fchlen in die jeweilige Bildsprache, Ihrer emotionalen Intelligenz die Zeit verschaffen, die Figur auf sich wirken zu lassen. Wenn sie die Dreidimensionalit\u00e4t der Figur wie von selbst dazu anregt, nicht starr vor dem Werk zu stehen, sondern Ihre Bewegung im Raum als zum Werk dazugeh\u00f6rend zu erkennen.\u00a0<\/span><\/p>\r\n<p style=\"text-align: left;\"><span style=\"font-family: helvetica, arial, sans-serif;\">Kunst darf, muss aber nicht flach sein.\u00a0Was nicht flach ist hat K\u00f6rper, Material, Schwere, Nicht-Schwere, Schichten, einen Prozess von Nicht-Sein zum Sein-im-Raum. Wie ist das geschehen, was war der Grundgedanke dabei?<\/span><\/p>\r\n<p style=\"text-align: left;\"><span style=\"font-family: helvetica, arial, sans-serif;\">F\u00fcnf eigenst\u00e4ndige und unterschiedliche K\u00fcnster:innen. In der Gruppe Kunstverhau ist gerade darum Raum f\u00fcr Anregung und Resonanz. Und mit dieser Resonanz kann \u2013 wie wir heute sehen k\u00f6nnen \u2013 auch in der grobstofflichen Welt Wirkung entstehen: Dieser phantastische Ausstellungsraum f\u00fcr Skulpturen:R\u00e4ume steht uns offen, wir haben Licht, die Sockel sind herangetragen, Schwei\u00df ist geflossen, Plakate und Einladungen haben sich materialisiert, wir haben Essen und Trinken und wir sind alle hier versammelt.<\/span><\/p>\r\n<p style=\"text-align: left;\"><span style=\"font-family: helvetica, arial, sans-serif;\">Jetzt sind Tanja Antonini, Susanna Mayer, Roland Moroff und Rica Zimmermann neugierig, was Sie heute \u00fcber die Figuren der Skulpturen [\u00a0 ] R\u00e4ume erfahren, welche Gedanken, Erinnerungen, Fragen, Tr\u00e4ume auftauchen \u00fcber die Br\u00fcchigkeit des Lebens, Humor, Bilder, die wir von uns selbst machen. Lassen sie sich von der freudigen Aufregung von Kunstverhau anstecken!<\/span><\/p>\r\n<p style=\"text-align: left;\"><em><span style=\"font-family: helvetica, arial, sans-serif;\">Vielen Dank an die Gruppe Kunstverhau!\u201c<\/span><\/em><span style=\"font-family: helvetica, arial, sans-serif;\"><span style=\"font-family: helvetica, arial, sans-serif;\"><strong>\u00a0<\/strong><\/span><\/span><\/p>\r\n<\/td>\r\n<\/tr>\r\n<tr>\r\n<td class=\"has-text-align-center\" style=\"width: 579px;\" data-align=\"center\">\r\n<figure><a href=\"https:\/\/www.kunstverhau.de\/wp-content\/uploads\/2025\/09\/Plakat-DinA4-Orangerie-Ausstellung-2025-klein-scaled.jpg\"><img fetchpriority=\"high\" decoding=\"async\" class=\"alignnone size-full wp-image-6663\" src=\"https:\/\/www.kunstverhau.de\/wp-content\/uploads\/2025\/09\/Plakat-DinA4-Orangerie-Ausstellung-2025-klein-scaled.jpg\" alt=\"\" width=\"1810\" height=\"2560\" srcset=\"https:\/\/www.kunstverhau.de\/wp-content\/uploads\/2025\/09\/Plakat-DinA4-Orangerie-Ausstellung-2025-klein-scaled.jpg 1810w, https:\/\/www.kunstverhau.de\/wp-content\/uploads\/2025\/09\/Plakat-DinA4-Orangerie-Ausstellung-2025-klein-212x300.jpg 212w, https:\/\/www.kunstverhau.de\/wp-content\/uploads\/2025\/09\/Plakat-DinA4-Orangerie-Ausstellung-2025-klein-724x1024.jpg 724w, https:\/\/www.kunstverhau.de\/wp-content\/uploads\/2025\/09\/Plakat-DinA4-Orangerie-Ausstellung-2025-klein-768x1086.jpg 768w, https:\/\/www.kunstverhau.de\/wp-content\/uploads\/2025\/09\/Plakat-DinA4-Orangerie-Ausstellung-2025-klein-1086x1536.jpg 1086w, https:\/\/www.kunstverhau.de\/wp-content\/uploads\/2025\/09\/Plakat-DinA4-Orangerie-Ausstellung-2025-klein-1448x2048.jpg 1448w, https:\/\/www.kunstverhau.de\/wp-content\/uploads\/2025\/09\/Plakat-DinA4-Orangerie-Ausstellung-2025-klein-1200x1697.jpg 1200w, https:\/\/www.kunstverhau.de\/wp-content\/uploads\/2025\/09\/Plakat-DinA4-Orangerie-Ausstellung-2025-klein-1980x2800.jpg 1980w\" sizes=\"(max-width: 1810px) 100vw, 1810px\" \/><\/a><\/figure>\r\n<\/td>\r\n<\/tr>\r\n<tr>\r\n<td class=\"has-text-align-center\" style=\"width: 579px;\" data-align=\"center\">\r\n<p>&nbsp;<\/p>\r\n<p style=\"text-align: center;\"><span style=\"font-family: helvetica, arial, sans-serif; color: #ff0000; font-size: 18pt;\"><strong><a id=\"Sardenhaus2024\"><\/a>Kunstverhau-Ausstellung &#8222;Kunstverhau 1&#8220;<br \/>im Sardenhaus im Westpark, M\u00fcnchen<br \/>Do. 17.10.2024 bis So. 20.10.2024<\/strong><\/span><\/p>\r\n<p>&nbsp;<\/p>\r\n<p style=\"text-align: left;\"><span style=\"font-family: helvetica, arial, sans-serif;\">Unsere erste gemeinsame Kunstausstellung war ein richtig sch\u00f6ner Erfolg f\u00fcr uns. Wir konnten Erfahrungen sammeln und bekamen Mut und Lust f\u00fcr weitere Ausstellungen. Unsere Gruppe wuchs durch die Ausstellung noch enger zusammen.<\/span><br \/><span style=\"font-family: helvetica, arial, sans-serif;\">Bei der Vernissage waren etwa 70 G\u00e4ste da, in den darauffolgenden drei Tagen kamen insgesamt nochmal etwa 240 Besucher. Besonders erfreulich waren die vielen Parkbesucher, die im Sardenhaus vorbeischauten, manche schauten sich nur kurz um, andere blieben zu l\u00e4ngeren, interessierten Gespr\u00e4chen. Wir bekamen insgesamt sehr viel positive R\u00fcckmeldung, f\u00fcr uns war es eine wunderbare Erfahrung voller Anregungen und Freude.<\/span><\/p>\r\n<\/td>\r\n<\/tr>\r\n<tr>\r\n<td class=\"has-text-align-center\" style=\"width: 579px;\" data-align=\"center\">\r\n<p style=\"text-align: center;\"><span style=\"font-family: helvetica, arial, sans-serif; font-size: 18pt;\"><strong>Impressionen<\/strong><\/span><\/p>\r\n<div class=\"n2_ss_slider_publish__option_code\" dir=\"ltr\" style=\"text-align: center;\" data-mode=\"id\"><\/div>\r\n<div dir=\"ltr\" data-mode=\"id\">\u00a0<\/div>\r\n<\/td>\r\n<\/tr>\r\n<tr>\r\n<td class=\"has-text-align-center\" style=\"width: 579px;\" data-align=\"center\">\r\n<figure><a href=\"https:\/\/www.kunstverhau.de\/wp-content\/uploads\/2024\/09\/Plakat-DinA3-Sardenhaus-Ausstellung-2024-fuer-Homepage.jpg\"><img decoding=\"async\" class=\"alignnone wp-image-6123 size-full\" title=\"Einladung zur Ausstellung Kunstverhau 1\" src=\"https:\/\/www.kunstverhau.de\/wp-content\/uploads\/2024\/09\/Plakat-DinA3-Sardenhaus-Ausstellung-2024-fuer-Homepage.jpg\" alt=\"\" width=\"1417\" height=\"2004\" srcset=\"https:\/\/www.kunstverhau.de\/wp-content\/uploads\/2024\/09\/Plakat-DinA3-Sardenhaus-Ausstellung-2024-fuer-Homepage.jpg 1417w, https:\/\/www.kunstverhau.de\/wp-content\/uploads\/2024\/09\/Plakat-DinA3-Sardenhaus-Ausstellung-2024-fuer-Homepage-212x300.jpg 212w, https:\/\/www.kunstverhau.de\/wp-content\/uploads\/2024\/09\/Plakat-DinA3-Sardenhaus-Ausstellung-2024-fuer-Homepage-724x1024.jpg 724w, https:\/\/www.kunstverhau.de\/wp-content\/uploads\/2024\/09\/Plakat-DinA3-Sardenhaus-Ausstellung-2024-fuer-Homepage-768x1086.jpg 768w, https:\/\/www.kunstverhau.de\/wp-content\/uploads\/2024\/09\/Plakat-DinA3-Sardenhaus-Ausstellung-2024-fuer-Homepage-1086x1536.jpg 1086w, https:\/\/www.kunstverhau.de\/wp-content\/uploads\/2024\/09\/Plakat-DinA3-Sardenhaus-Ausstellung-2024-fuer-Homepage-1200x1697.jpg 1200w\" sizes=\"(max-width: 1417px) 100vw, 1417px\" \/><\/a><\/figure>\r\n<\/td>\r\n<\/tr>\r\n<tr>\r\n<td class=\"has-text-align-center\" style=\"width: 579px;\" data-align=\"center\">\r\n<p style=\"text-align: center;\"><a href=\"https:\/\/www.kunstverhau.de\/wp-content\/uploads\/2022\/12\/photo_2022-12-04_11-38-06.jpg\"><img decoding=\"async\" width=\"225\" height=\"300\" class=\"wp-image-5349 aligncenter\" src=\"https:\/\/www.kunstverhau.de\/wp-content\/uploads\/2022\/12\/photo_2022-12-04_11-38-06-225x300.jpg\" alt=\"\" srcset=\"https:\/\/www.kunstverhau.de\/wp-content\/uploads\/2022\/12\/photo_2022-12-04_11-38-06-225x300.jpg 225w, https:\/\/www.kunstverhau.de\/wp-content\/uploads\/2022\/12\/photo_2022-12-04_11-38-06-768x1024.jpg 768w, https:\/\/www.kunstverhau.de\/wp-content\/uploads\/2022\/12\/photo_2022-12-04_11-38-06.jpg 960w\" sizes=\"(max-width: 225px) 100vw, 225px\" \/><\/a><span style=\"font-family: helvetica, arial, sans-serif;\">Animala Bronzegu\u00df 2022<\/span><\/p>\r\n<p>&nbsp;<\/p>\r\n<p><span style=\"font-family: helvetica, arial, sans-serif; font-size: 18pt;\"><strong>Metallbearbeitung<\/strong><\/span><br \/><span style=\"font-family: helvetica, arial, sans-serif;\"><strong>2022<\/strong> &#8211; Gemeinsame Workshops in einer Bronzegie\u00dferei und einer Metallwerkstatt<\/span><br \/><span style=\"font-family: helvetica, arial, sans-serif;\">(von Tanja Antonini)<\/span><br \/><br \/><\/p>\r\n<p><a href=\"https:\/\/www.kunstverhau.de\/?page_id=5172\"><strong><span style=\"font-family: helvetica, arial, sans-serif;\">zur Galerie Kunstverhau Metall<\/span><\/strong><\/a><\/p>\r\n<\/td>\r\n<\/tr>\r\n<tr>\r\n<td style=\"width: 579px;\">\r\n<p><img loading=\"lazy\" decoding=\"async\" width=\"244\" height=\"300\" class=\"wp-image-2834 aligncenter\" src=\"https:\/\/www.kunstverhau.de\/wp-content\/uploads\/2020\/10\/photo_2020-10-14_11-12-34-e1602839125810-244x300.jpg\" alt=\"\" srcset=\"https:\/\/www.kunstverhau.de\/wp-content\/uploads\/2020\/10\/photo_2020-10-14_11-12-34-e1602839125810-244x300.jpg 244w, https:\/\/www.kunstverhau.de\/wp-content\/uploads\/2020\/10\/photo_2020-10-14_11-12-34-e1602839125810.jpg 478w\" sizes=\"(max-width: 244px) 100vw, 244px\" \/><\/p>\r\n<p><span style=\"font-family: helvetica, arial, sans-serif;\"><strong><span style=\"font-size: 18pt;\">Das Gipsprojekt 2020\/2021<\/span><br \/><\/strong>(von Tanja Antonini)<strong><br \/><\/strong><\/span><\/p>\r\n<p><span style=\"font-family: helvetica, arial, sans-serif;\"><!-- \/wp:post-content -->\r\n\r\n<!-- wp:paragraph --><\/span><\/p>\r\n<p><a href=\"https:\/\/www.kunstverhau.de\/?page_id=1096\"><strong><span style=\"font-family: helvetica, arial, sans-serif;\">weiterlesen<\/span><\/strong><\/a><\/p>\r\n<p><span style=\"font-family: helvetica, arial, sans-serif;\"><strong><img loading=\"lazy\" decoding=\"async\" width=\"300\" height=\"180\" class=\"wp-image-2942 aligncenter\" src=\"https:\/\/www.kunstverhau.de\/wp-content\/uploads\/2020\/10\/photo_2020-10-09_18-53-23-300x180.jpg\" alt=\"\" srcset=\"https:\/\/www.kunstverhau.de\/wp-content\/uploads\/2020\/10\/photo_2020-10-09_18-53-23-300x180.jpg 300w, https:\/\/www.kunstverhau.de\/wp-content\/uploads\/2020\/10\/photo_2020-10-09_18-53-23-1024x614.jpg 1024w, https:\/\/www.kunstverhau.de\/wp-content\/uploads\/2020\/10\/photo_2020-10-09_18-53-23-768x461.jpg 768w, https:\/\/www.kunstverhau.de\/wp-content\/uploads\/2020\/10\/photo_2020-10-09_18-53-23-1200x720.jpg 1200w, https:\/\/www.kunstverhau.de\/wp-content\/uploads\/2020\/10\/photo_2020-10-09_18-53-23.jpg 1280w\" sizes=\"(max-width: 300px) 100vw, 300px\" \/><\/strong><\/span><\/p>\r\n<\/td>\r\n<\/tr>\r\n<tr>\r\n<td style=\"width: 579px;\">\r\n<p><span style=\"font-family: helvetica, arial, sans-serif;\"><strong><img loading=\"lazy\" decoding=\"async\" width=\"300\" height=\"214\" class=\"wp-image-724 aligncenter\" src=\"https:\/\/www.kunstverhau.de\/wp-content\/uploads\/2020\/07\/Bild-f\u00fcr-Beitrag-300x214.jpg\" alt=\"\" srcset=\"https:\/\/www.kunstverhau.de\/wp-content\/uploads\/2020\/07\/Bild-f\u00fcr-Beitrag-300x214.jpg 300w, https:\/\/www.kunstverhau.de\/wp-content\/uploads\/2020\/07\/Bild-f\u00fcr-Beitrag-768x547.jpg 768w, https:\/\/www.kunstverhau.de\/wp-content\/uploads\/2020\/07\/Bild-f\u00fcr-Beitrag.jpg 891w\" sizes=\"(max-width: 300px) 100vw, 300px\" \/><\/strong><\/span><\/p>\r\n<p><span style=\"font-family: helvetica, arial, sans-serif; font-size: 18pt;\"><strong>Oxidationsoberfl\u00e4chen f\u00fcr Tonfiguren<\/strong><\/span><br \/><span style=\"font-family: helvetica, arial, sans-serif;\">(von Roland Moroff)<\/span><\/p>\r\n<p><span style=\"font-family: helvetica, arial, sans-serif;\"><strong><!-- \/wp:paragraph -->\r\n\r\n<!-- wp:paragraph --><\/strong><\/span><\/p>\r\n<p><a href=\"https:\/\/www.kunstverhau.de\/?page_id=787\"><strong><span style=\"font-family: helvetica, arial, sans-serif;\">weiterlesen<\/span><\/strong><\/a><\/p>\r\n<\/td>\r\n<\/tr>\r\n<\/tbody>\r\n<\/table>\r\n<\/figure>\r\n<div class=\"notranslate\" style=\"all: initial;\">\u00a0<\/div>","protected":false},"excerpt":{"rendered":"<p>&nbsp; &nbsp; Ausstellung Skulpturen [\u00a0 \u00a0] R\u00e4umein der Orangerie im Englischen Garten, M\u00fcnchenDo. 16.10.2025 bis So. 19.10.2025\u00a0 Unsere Ausstellung war ein sch\u00f6ner Erfolg f\u00fcr unsere K\u00fcnstlergruppe. An den vier Tagen kamen etwa 300 Besucher. Besonders erfreulich waren die interessanten Gespr\u00e4che und Begegnungen mit den vielen Kunstinteressierten, die den Weg in unsere Ausstellung gefunden haben. Dankesrede&hellip;<\/p>\n","protected":false},"author":1,"featured_media":0,"parent":0,"menu_order":0,"comment_status":"closed","ping_status":"closed","template":"","meta":{"_crdt_document":"","footnotes":""},"class_list":["post-187","page","type-page","status-publish","hentry"],"aioseo_notices":[],"featured_image_src":null,"featured_image_src_square":null,"_links":{"self":[{"href":"https:\/\/www.kunstverhau.de\/index.php?rest_route=\/wp\/v2\/pages\/187","targetHints":{"allow":["GET"]}}],"collection":[{"href":"https:\/\/www.kunstverhau.de\/index.php?rest_route=\/wp\/v2\/pages"}],"about":[{"href":"https:\/\/www.kunstverhau.de\/index.php?rest_route=\/wp\/v2\/types\/page"}],"author":[{"embeddable":true,"href":"https:\/\/www.kunstverhau.de\/index.php?rest_route=\/wp\/v2\/users\/1"}],"replies":[{"embeddable":true,"href":"https:\/\/www.kunstverhau.de\/index.php?rest_route=%2Fwp%2Fv2%2Fcomments&post=187"}],"version-history":[{"count":134,"href":"https:\/\/www.kunstverhau.de\/index.php?rest_route=\/wp\/v2\/pages\/187\/revisions"}],"predecessor-version":[{"id":7391,"href":"https:\/\/www.kunstverhau.de\/index.php?rest_route=\/wp\/v2\/pages\/187\/revisions\/7391"}],"wp:attachment":[{"href":"https:\/\/www.kunstverhau.de\/index.php?rest_route=%2Fwp%2Fv2%2Fmedia&parent=187"}],"curies":[{"name":"wp","href":"https:\/\/api.w.org\/{rel}","templated":true}]}}