{"id":2716,"date":"2020-10-05T21:25:46","date_gmt":"2020-10-05T19:25:46","guid":{"rendered":"https:\/\/www.kunstverhau.de\/?page_id=2716"},"modified":"2025-03-29T21:17:11","modified_gmt":"2025-03-29T20:17:11","slug":"gartenskulpturen-skulpturengarten","status":"publish","type":"page","link":"https:\/\/www.kunstverhau.de\/?page_id=2716","title":{"rendered":"Holz-Stein-Beton-Metall"},"content":{"rendered":"\n<div class=\"wp-block-group alignfull has-subtle-background-color has-text-color has-background\" style=\"background-color:#a27663\"><div class=\"wp-block-group__inner-container is-layout-flow wp-block-group-is-layout-flow\">\n<h2 class=\"wp-block-heading has-text-align-center\">Skulpturengarten<\/h2>\n\n\n\n<p class=\"wp-block-paragraph\">Mein kleiner Skulpturengarten&#8230;<\/p>\n\n\n\n<figure class=\"wp-block-gallery has-nested-images columns-default is-cropped wp-block-gallery-1 is-layout-flex wp-block-gallery-is-layout-flex\">\n<figure class=\"wp-block-image size-large\"><a href=\"https:\/\/www.kunstverhau.de\/wp-content\/uploads\/2022\/08\/Rica-Kunst-1-von-1-3-scaled.jpg\"><img fetchpriority=\"high\" decoding=\"async\" width=\"1707\" height=\"2560\" data-id=\"4602\" src=\"https:\/\/www.kunstverhau.de\/wp-content\/uploads\/2022\/08\/Rica-Kunst-1-von-1-3-scaled.jpg\" alt=\"\" class=\"wp-image-4602\" srcset=\"https:\/\/www.kunstverhau.de\/wp-content\/uploads\/2022\/08\/Rica-Kunst-1-von-1-3-scaled.jpg 1707w, https:\/\/www.kunstverhau.de\/wp-content\/uploads\/2022\/08\/Rica-Kunst-1-von-1-3-200x300.jpg 200w, https:\/\/www.kunstverhau.de\/wp-content\/uploads\/2022\/08\/Rica-Kunst-1-von-1-3-683x1024.jpg 683w, https:\/\/www.kunstverhau.de\/wp-content\/uploads\/2022\/08\/Rica-Kunst-1-von-1-3-768x1152.jpg 768w, https:\/\/www.kunstverhau.de\/wp-content\/uploads\/2022\/08\/Rica-Kunst-1-von-1-3-1024x1536.jpg 1024w, https:\/\/www.kunstverhau.de\/wp-content\/uploads\/2022\/08\/Rica-Kunst-1-von-1-3-1365x2048.jpg 1365w, https:\/\/www.kunstverhau.de\/wp-content\/uploads\/2022\/08\/Rica-Kunst-1-von-1-3-1200x1800.jpg 1200w, https:\/\/www.kunstverhau.de\/wp-content\/uploads\/2022\/08\/Rica-Kunst-1-von-1-3-1980x2970.jpg 1980w\" sizes=\"(max-width: 1707px) 100vw, 1707px\" \/><\/a><\/figure>\n\n\n\n<figure class=\"wp-block-image size-large\"><a href=\"https:\/\/www.kunstverhau.de\/wp-content\/uploads\/2022\/08\/20220826_113301-scaled.jpg\"><img decoding=\"async\" width=\"1183\" height=\"2560\" data-id=\"4588\" src=\"https:\/\/www.kunstverhau.de\/wp-content\/uploads\/2022\/08\/20220826_113301-scaled.jpg\" alt=\"\" class=\"wp-image-4588\" srcset=\"https:\/\/www.kunstverhau.de\/wp-content\/uploads\/2022\/08\/20220826_113301-scaled.jpg 1183w, https:\/\/www.kunstverhau.de\/wp-content\/uploads\/2022\/08\/20220826_113301-139x300.jpg 139w, https:\/\/www.kunstverhau.de\/wp-content\/uploads\/2022\/08\/20220826_113301-473x1024.jpg 473w, https:\/\/www.kunstverhau.de\/wp-content\/uploads\/2022\/08\/20220826_113301-768x1663.jpg 768w, https:\/\/www.kunstverhau.de\/wp-content\/uploads\/2022\/08\/20220826_113301-710x1536.jpg 710w, https:\/\/www.kunstverhau.de\/wp-content\/uploads\/2022\/08\/20220826_113301-946x2048.jpg 946w, https:\/\/www.kunstverhau.de\/wp-content\/uploads\/2022\/08\/20220826_113301-1200x2598.jpg 1200w, https:\/\/www.kunstverhau.de\/wp-content\/uploads\/2022\/08\/20220826_113301-1980x4286.jpg 1980w\" sizes=\"(max-width: 1183px) 100vw, 1183px\" \/><\/a><\/figure>\n\n\n\n<figure class=\"wp-block-image size-large\"><a href=\"https:\/\/www.kunstverhau.de\/wp-content\/uploads\/2022\/08\/20220826_113351-scaled.jpg\"><img decoding=\"async\" width=\"1183\" height=\"2560\" data-id=\"4586\" src=\"https:\/\/www.kunstverhau.de\/wp-content\/uploads\/2022\/08\/20220826_113351-scaled.jpg\" alt=\"\" class=\"wp-image-4586\" srcset=\"https:\/\/www.kunstverhau.de\/wp-content\/uploads\/2022\/08\/20220826_113351-scaled.jpg 1183w, https:\/\/www.kunstverhau.de\/wp-content\/uploads\/2022\/08\/20220826_113351-139x300.jpg 139w, https:\/\/www.kunstverhau.de\/wp-content\/uploads\/2022\/08\/20220826_113351-473x1024.jpg 473w, https:\/\/www.kunstverhau.de\/wp-content\/uploads\/2022\/08\/20220826_113351-768x1663.jpg 768w, https:\/\/www.kunstverhau.de\/wp-content\/uploads\/2022\/08\/20220826_113351-710x1536.jpg 710w, https:\/\/www.kunstverhau.de\/wp-content\/uploads\/2022\/08\/20220826_113351-946x2048.jpg 946w, https:\/\/www.kunstverhau.de\/wp-content\/uploads\/2022\/08\/20220826_113351-1200x2598.jpg 1200w, https:\/\/www.kunstverhau.de\/wp-content\/uploads\/2022\/08\/20220826_113351-1980x4286.jpg 1980w\" sizes=\"(max-width: 1183px) 100vw, 1183px\" \/><\/a><\/figure>\n\n\n\n<figure class=\"wp-block-image size-large\"><a href=\"https:\/\/www.kunstverhau.de\/wp-content\/uploads\/2021\/01\/MG_9641-1-scaled.jpg\"><img loading=\"lazy\" decoding=\"async\" width=\"1707\" height=\"2560\" data-id=\"4322\" src=\"https:\/\/www.kunstverhau.de\/wp-content\/uploads\/2021\/01\/MG_9641-1-scaled.jpg\" alt=\"\" class=\"wp-image-4322\" srcset=\"https:\/\/www.kunstverhau.de\/wp-content\/uploads\/2021\/01\/MG_9641-1-scaled.jpg 1707w, https:\/\/www.kunstverhau.de\/wp-content\/uploads\/2021\/01\/MG_9641-1-200x300.jpg 200w, https:\/\/www.kunstverhau.de\/wp-content\/uploads\/2021\/01\/MG_9641-1-1200x1800.jpg 1200w\" sizes=\"(max-width: 1707px) 100vw, 1707px\" \/><\/a><\/figure>\n\n\n\n<figure class=\"wp-block-image size-large\"><a href=\"https:\/\/www.kunstverhau.de\/wp-content\/uploads\/2021\/01\/IMG_9507-scaled.jpg\"><img loading=\"lazy\" decoding=\"async\" width=\"1707\" height=\"2560\" data-id=\"4299\" src=\"https:\/\/www.kunstverhau.de\/wp-content\/uploads\/2021\/01\/IMG_9507-scaled.jpg\" alt=\"\" class=\"wp-image-4299\" srcset=\"https:\/\/www.kunstverhau.de\/wp-content\/uploads\/2021\/01\/IMG_9507-scaled.jpg 1707w, https:\/\/www.kunstverhau.de\/wp-content\/uploads\/2021\/01\/IMG_9507-200x300.jpg 200w, https:\/\/www.kunstverhau.de\/wp-content\/uploads\/2021\/01\/IMG_9507-683x1024.jpg 683w, https:\/\/www.kunstverhau.de\/wp-content\/uploads\/2021\/01\/IMG_9507-768x1152.jpg 768w, https:\/\/www.kunstverhau.de\/wp-content\/uploads\/2021\/01\/IMG_9507-1365x2048.jpg 1365w, https:\/\/www.kunstverhau.de\/wp-content\/uploads\/2021\/01\/IMG_9507-1200x1800.jpg 1200w, https:\/\/www.kunstverhau.de\/wp-content\/uploads\/2021\/01\/IMG_9507-1980x2970.jpg 1980w\" sizes=\"(max-width: 1707px) 100vw, 1707px\" \/><\/a><\/figure>\n\n\n\n<figure class=\"wp-block-image size-large\"><a href=\"https:\/\/www.kunstverhau.de\/wp-content\/uploads\/2020\/10\/IMG_9651-scaled-e1603114579636.jpg\"><img loading=\"lazy\" decoding=\"async\" width=\"1222\" height=\"2348\" data-id=\"2713\" src=\"https:\/\/www.kunstverhau.de\/wp-content\/uploads\/2020\/10\/IMG_9651-scaled-e1603114579636.jpg\" alt=\"\" class=\"wp-image-2713\" srcset=\"https:\/\/www.kunstverhau.de\/wp-content\/uploads\/2020\/10\/IMG_9651-scaled-e1603114579636.jpg 1222w, https:\/\/www.kunstverhau.de\/wp-content\/uploads\/2020\/10\/IMG_9651-scaled-e1603114579636-156x300.jpg 156w, https:\/\/www.kunstverhau.de\/wp-content\/uploads\/2020\/10\/IMG_9651-scaled-e1603114579636-533x1024.jpg 533w, https:\/\/www.kunstverhau.de\/wp-content\/uploads\/2020\/10\/IMG_9651-scaled-e1603114579636-768x1476.jpg 768w, https:\/\/www.kunstverhau.de\/wp-content\/uploads\/2020\/10\/IMG_9651-scaled-e1603114579636-1066x2048.jpg 1066w, https:\/\/www.kunstverhau.de\/wp-content\/uploads\/2020\/10\/IMG_9651-scaled-e1603114579636-1200x2306.jpg 1200w, https:\/\/www.kunstverhau.de\/wp-content\/uploads\/2020\/10\/IMG_9651-scaled-e1603114579636-799x1536.jpg 799w\" sizes=\"(max-width: 1222px) 100vw, 1222px\" \/><\/a><\/figure>\n\n\n\n<figure class=\"wp-block-image size-large\"><a href=\"https:\/\/www.kunstverhau.de\/wp-content\/uploads\/2020\/10\/IMG_9662-scaled.jpg\"><img loading=\"lazy\" decoding=\"async\" width=\"1543\" height=\"2560\" data-id=\"2714\" src=\"https:\/\/www.kunstverhau.de\/wp-content\/uploads\/2020\/10\/IMG_9662-scaled.jpg\" alt=\"\" class=\"wp-image-2714\" srcset=\"https:\/\/www.kunstverhau.de\/wp-content\/uploads\/2020\/10\/IMG_9662-scaled.jpg 1543w, https:\/\/www.kunstverhau.de\/wp-content\/uploads\/2020\/10\/IMG_9662-181x300.jpg 181w, https:\/\/www.kunstverhau.de\/wp-content\/uploads\/2020\/10\/IMG_9662-617x1024.jpg 617w, https:\/\/www.kunstverhau.de\/wp-content\/uploads\/2020\/10\/IMG_9662-768x1274.jpg 768w, https:\/\/www.kunstverhau.de\/wp-content\/uploads\/2020\/10\/IMG_9662-1235x2048.jpg 1235w, https:\/\/www.kunstverhau.de\/wp-content\/uploads\/2020\/10\/IMG_9662-1200x1990.jpg 1200w, https:\/\/www.kunstverhau.de\/wp-content\/uploads\/2020\/10\/IMG_9662-1980x3284.jpg 1980w\" sizes=\"(max-width: 1543px) 100vw, 1543px\" \/><\/a><\/figure>\n\n\n\n<figure class=\"wp-block-image size-large\"><a href=\"https:\/\/www.kunstverhau.de\/wp-content\/uploads\/2020\/10\/MG_9516-scaled.jpg\"><img loading=\"lazy\" decoding=\"async\" width=\"1707\" height=\"2560\" data-id=\"2643\" src=\"https:\/\/www.kunstverhau.de\/wp-content\/uploads\/2020\/10\/MG_9516-scaled.jpg\" alt=\"\" class=\"wp-image-2643\" srcset=\"https:\/\/www.kunstverhau.de\/wp-content\/uploads\/2020\/10\/MG_9516-scaled.jpg 1707w, https:\/\/www.kunstverhau.de\/wp-content\/uploads\/2020\/10\/MG_9516-200x300.jpg 200w, https:\/\/www.kunstverhau.de\/wp-content\/uploads\/2020\/10\/MG_9516-683x1024.jpg 683w, https:\/\/www.kunstverhau.de\/wp-content\/uploads\/2020\/10\/MG_9516-768x1152.jpg 768w, https:\/\/www.kunstverhau.de\/wp-content\/uploads\/2020\/10\/MG_9516-1365x2048.jpg 1365w, https:\/\/www.kunstverhau.de\/wp-content\/uploads\/2020\/10\/MG_9516-1200x1800.jpg 1200w, https:\/\/www.kunstverhau.de\/wp-content\/uploads\/2020\/10\/MG_9516-1980x2970.jpg 1980w\" sizes=\"(max-width: 1707px) 100vw, 1707px\" \/><\/a><\/figure>\n<\/figure>\n\n\n\n<figure class=\"wp-block-image size-large\"><img loading=\"lazy\" decoding=\"async\" width=\"1024\" height=\"768\" src=\"https:\/\/www.kunstverhau.de\/wp-content\/uploads\/2025\/03\/IMG_20240512_135140_433-2-1024x768.jpg\" alt=\"\" class=\"wp-image-6496\" srcset=\"https:\/\/www.kunstverhau.de\/wp-content\/uploads\/2025\/03\/IMG_20240512_135140_433-2-1024x768.jpg 1024w, https:\/\/www.kunstverhau.de\/wp-content\/uploads\/2025\/03\/IMG_20240512_135140_433-2-300x225.jpg 300w, https:\/\/www.kunstverhau.de\/wp-content\/uploads\/2025\/03\/IMG_20240512_135140_433-2-768x576.jpg 768w, https:\/\/www.kunstverhau.de\/wp-content\/uploads\/2025\/03\/IMG_20240512_135140_433-2-1200x900.jpg 1200w, https:\/\/www.kunstverhau.de\/wp-content\/uploads\/2025\/03\/IMG_20240512_135140_433-2.jpg 1280w\" sizes=\"(max-width: 1024px) 100vw, 1024px\" \/><\/figure>\n\n\n\n<p class=\"wp-block-paragraph\">Weitere, &#8222;etwas&#8220; gr\u00f6\u00dfere Skulptureng\u00e4rten:<\/p>\n\n\n\n<p class=\"wp-block-paragraph\"><em>IL GIARDINO DEI TAROCCHI<\/em> , Tarot Garten Nici de Saint Phalle <\/p>\n\n\n\n<p class=\"wp-block-paragraph\">Skulpturenpark Daniel Spoerri bei Seggiano in Italien<\/p>\n\n\n\n<p class=\"wp-block-paragraph\">Der Monsterpark von Bomarzo<\/p>\n\n\n\n<p class=\"wp-block-paragraph\">Bruno Weber Park Schweiz<\/p>\n\n\n\n<p class=\"wp-block-paragraph\"><\/p>\n\n\n\n<p class=\"has-text-align-center wp-block-paragraph\"><\/p>\n\n\n\n<figure class=\"wp-block-gallery has-nested-images columns-default is-cropped wp-block-gallery-2 is-layout-flex wp-block-gallery-is-layout-flex\"><\/figure>\n\n\n\n<p class=\"wp-block-paragraph\"><\/p>\n\n\n\n<p class=\"wp-block-paragraph\"><\/p>\n<\/div><\/div>\n","protected":false},"excerpt":{"rendered":"<p>Skulpturengarten Mein kleiner Skulpturengarten&#8230; Weitere, &#8222;etwas&#8220; gr\u00f6\u00dfere Skulptureng\u00e4rten: IL GIARDINO DEI TAROCCHI , Tarot Garten Nici de Saint Phalle Skulpturenpark Daniel Spoerri bei Seggiano in Italien Der Monsterpark von Bomarzo Bruno Weber Park Schweiz<\/p>\n","protected":false},"author":5,"featured_media":0,"parent":26,"menu_order":0,"comment_status":"closed","ping_status":"closed","template":"tw-no-title.php","meta":{"_crdt_document":"","footnotes":""},"class_list":["post-2716","page","type-page","status-publish","hentry"],"aioseo_notices":[],"featured_image_src":null,"featured_image_src_square":null,"_links":{"self":[{"href":"https:\/\/www.kunstverhau.de\/index.php?rest_route=\/wp\/v2\/pages\/2716","targetHints":{"allow":["GET"]}}],"collection":[{"href":"https:\/\/www.kunstverhau.de\/index.php?rest_route=\/wp\/v2\/pages"}],"about":[{"href":"https:\/\/www.kunstverhau.de\/index.php?rest_route=\/wp\/v2\/types\/page"}],"author":[{"embeddable":true,"href":"https:\/\/www.kunstverhau.de\/index.php?rest_route=\/wp\/v2\/users\/5"}],"replies":[{"embeddable":true,"href":"https:\/\/www.kunstverhau.de\/index.php?rest_route=%2Fwp%2Fv2%2Fcomments&post=2716"}],"version-history":[{"count":34,"href":"https:\/\/www.kunstverhau.de\/index.php?rest_route=\/wp\/v2\/pages\/2716\/revisions"}],"predecessor-version":[{"id":6500,"href":"https:\/\/www.kunstverhau.de\/index.php?rest_route=\/wp\/v2\/pages\/2716\/revisions\/6500"}],"up":[{"embeddable":true,"href":"https:\/\/www.kunstverhau.de\/index.php?rest_route=\/wp\/v2\/pages\/26"}],"wp:attachment":[{"href":"https:\/\/www.kunstverhau.de\/index.php?rest_route=%2Fwp%2Fv2%2Fmedia&parent=2716"}],"curies":[{"name":"wp","href":"https:\/\/api.w.org\/{rel}","templated":true}]}}