{"id":28,"date":"2020-07-02T20:25:07","date_gmt":"2020-07-02T18:25:07","guid":{"rendered":"https:\/\/www.kunstverhau.de\/?page_id=28"},"modified":"2024-10-12T00:09:14","modified_gmt":"2024-10-11T22:09:14","slug":"katharina-braun","status":"publish","type":"page","link":"https:\/\/www.kunstverhau.de\/?page_id=28","title":{"rendered":"Katharina Braun"},"content":{"rendered":"\n<div class=\"wp-block-cover alignfull has-parallax is-repeated has-large-font-size tw-hover-show-text\" style=\"padding-top:var(--wp--preset--spacing--70);padding-right:var(--wp--preset--spacing--70);padding-bottom:var(--wp--preset--spacing--70);padding-left:var(--wp--preset--spacing--70);min-height:100vh;aspect-ratio:unset;\"><span aria-hidden=\"true\" class=\"wp-block-cover__background has-secondary-background-color has-background-dim-40 has-background-dim\"><\/span><div class=\"wp-block-cover__image-background wp-image-3992 has-parallax is-repeated\" style=\"background-position:25% 79%;background-image:url(https:\/\/www.kunstverhau.de\/wp-content\/uploads\/2020\/11\/DSC0409-1-scaled.jpg)\"><\/div><div class=\"wp-block-cover__inner-container is-layout-flow wp-block-cover-is-layout-flow\">\n<div class=\"wp-block-group\"><div class=\"wp-block-group__inner-container is-layout-constrained wp-block-group-is-layout-constrained\">\n<h2 class=\"wp-block-heading\">Was bedeutet mir Bildhauerei?<\/h2>\n\n\n\n<p class=\"has-text-align-center wp-block-paragraph\"><p>&nbsp;<\/p><\/p>\n\n\n\n<div class=\"wp-block-group\"><div class=\"wp-block-group__inner-container is-layout-constrained wp-block-group-is-layout-constrained\">\n<div class=\"wp-block-group alignwide\"><div class=\"wp-block-group__inner-container is-layout-constrained wp-block-group-is-layout-constrained\">\n<p class=\"has-text-align-center wp-block-paragraph\"><p>Aufbruch wagen, Innehalten, Grenzen erfahren, Scheitern, <br>Mut zusammen nehmen, Blickwinkel \u00e4ndern, ber\u00fchrt werden, auf die Suche gehen,<br>neue Wege finden, Weite sp\u00fcren, Hindernisse \u00fcberwinden, Einlassen, Aushalten, <br>Verbinden, lebendig sein, Spielen, Forschen, Neugier ausleben, Lernen, Eintauchen mit Haut und Haaren, Austausch, Inspiration, in Bewegung bleiben, hier und jetzt erf\u00fcllt sein.<\/p><\/p>\n\n\n\n<p class=\"has-text-align-center wp-block-paragraph\"><p>&nbsp;<\/p><\/p>\n<\/div><\/div>\n<\/div><\/div>\n<\/div><\/div>\n\n\n\n<h5 class=\"wp-block-heading\">Katharina Braun<\/h5>\n<\/div><\/div>\n\n\n\n<p class=\"wp-block-paragraph\">&nbsp;<\/p>\n","protected":false},"excerpt":{"rendered":"<p>&nbsp;<\/p>\n","protected":false},"author":6,"featured_media":0,"parent":0,"menu_order":0,"comment_status":"closed","ping_status":"closed","template":"tw-no-title.php","meta":{"_crdt_document":"","footnotes":""},"class_list":["post-28","page","type-page","status-publish","hentry"],"aioseo_notices":[],"featured_image_src":null,"featured_image_src_square":null,"_links":{"self":[{"href":"https:\/\/www.kunstverhau.de\/index.php?rest_route=\/wp\/v2\/pages\/28","targetHints":{"allow":["GET"]}}],"collection":[{"href":"https:\/\/www.kunstverhau.de\/index.php?rest_route=\/wp\/v2\/pages"}],"about":[{"href":"https:\/\/www.kunstverhau.de\/index.php?rest_route=\/wp\/v2\/types\/page"}],"author":[{"embeddable":true,"href":"https:\/\/www.kunstverhau.de\/index.php?rest_route=\/wp\/v2\/users\/6"}],"replies":[{"embeddable":true,"href":"https:\/\/www.kunstverhau.de\/index.php?rest_route=%2Fwp%2Fv2%2Fcomments&post=28"}],"version-history":[{"count":66,"href":"https:\/\/www.kunstverhau.de\/index.php?rest_route=\/wp\/v2\/pages\/28\/revisions"}],"predecessor-version":[{"id":6313,"href":"https:\/\/www.kunstverhau.de\/index.php?rest_route=\/wp\/v2\/pages\/28\/revisions\/6313"}],"wp:attachment":[{"href":"https:\/\/www.kunstverhau.de\/index.php?rest_route=%2Fwp%2Fv2%2Fmedia&parent=28"}],"curies":[{"name":"wp","href":"https:\/\/api.w.org\/{rel}","templated":true}]}}