{"id":44,"date":"2020-07-02T20:27:20","date_gmt":"2020-07-02T18:27:20","guid":{"rendered":"https:\/\/www.kunstverhau.de\/?page_id=44"},"modified":"2022-11-15T18:07:50","modified_gmt":"2022-11-15T17:07:50","slug":"holzbearbeitung","status":"publish","type":"page","link":"https:\/\/www.kunstverhau.de\/?page_id=44","title":{"rendered":"Roland-Holzarbeiten"},"content":{"rendered":"<table style=\"width: 100%; border-collapse: collapse; background-color: #53555e; border-color: #000000;\">\n<tbody>\n<tr>\n<td style=\"text-align: center; width: 64.8276%;\" colspan=\"2\"><span style=\"font-size: 36pt; color: #ffffff;\"><span style=\"font-family: helvetica, arial, sans-serif;\">Holzarbeiten<\/span><\/span><br \/>\n<span style=\"font-family: helvetica, arial, sans-serif; color: #999999;\"><strong>\u00a0<\/strong><\/span><\/td>\n<\/tr>\n<tr>\n<td style=\"width: 64.8276%;\"><a href=\"https:\/\/www.kunstverhau.de\/wp-content\/uploads\/2020\/07\/2017-04-Walnussholz-abstrakte-Form.jpg\"><img fetchpriority=\"high\" decoding=\"async\" class=\"aligncenter wp-image-200\" src=\"https:\/\/www.kunstverhau.de\/wp-content\/uploads\/2020\/07\/2017-04-Walnussholz-abstrakte-Form-684x1024.jpg\" alt=\"\" width=\"334\" height=\"500\" srcset=\"https:\/\/www.kunstverhau.de\/wp-content\/uploads\/2020\/07\/2017-04-Walnussholz-abstrakte-Form-684x1024.jpg 684w, https:\/\/www.kunstverhau.de\/wp-content\/uploads\/2020\/07\/2017-04-Walnussholz-abstrakte-Form-200x300.jpg 200w, https:\/\/www.kunstverhau.de\/wp-content\/uploads\/2020\/07\/2017-04-Walnussholz-abstrakte-Form-768x1150.jpg 768w, https:\/\/www.kunstverhau.de\/wp-content\/uploads\/2020\/07\/2017-04-Walnussholz-abstrakte-Form-1025x1536.jpg 1025w, https:\/\/www.kunstverhau.de\/wp-content\/uploads\/2020\/07\/2017-04-Walnussholz-abstrakte-Form.jpg 1183w\" sizes=\"(max-width: 334px) 100vw, 334px\" \/><\/a><\/td>\n<td style=\"width: 35%;\"><span style=\"font-family: helvetica, arial, sans-serif; color: #999999;\"><strong>&#8222;Weibliche Form&#8220;<\/strong><\/span><br \/>\n<span style=\"font-size: 12pt; font-family: helvetica, arial, sans-serif; color: #999999;\">2017, Walnussholz<\/span><br \/>\n<span style=\"font-size: 12pt; font-family: helvetica, arial, sans-serif; color: #999999;\">H\u00f6he ca. 60 cm, Breite ca. 40 cm<\/span><\/td>\n<\/tr>\n<tr>\n<td style=\"width: 64.8276%;\"><a href=\"https:\/\/www.kunstverhau.de\/wp-content\/uploads\/2020\/07\/2016-08-stehender-Mann.jpg\"><img decoding=\"async\" class=\"aligncenter wp-image-267\" src=\"https:\/\/www.kunstverhau.de\/wp-content\/uploads\/2020\/07\/2016-08-stehender-Mann-636x1024.jpg\" alt=\"\" width=\"311\" height=\"500\" srcset=\"https:\/\/www.kunstverhau.de\/wp-content\/uploads\/2020\/07\/2016-08-stehender-Mann-636x1024.jpg 636w, https:\/\/www.kunstverhau.de\/wp-content\/uploads\/2020\/07\/2016-08-stehender-Mann-186x300.jpg 186w, https:\/\/www.kunstverhau.de\/wp-content\/uploads\/2020\/07\/2016-08-stehender-Mann-768x1236.jpg 768w, https:\/\/www.kunstverhau.de\/wp-content\/uploads\/2020\/07\/2016-08-stehender-Mann-954x1536.jpg 954w, https:\/\/www.kunstverhau.de\/wp-content\/uploads\/2020\/07\/2016-08-stehender-Mann.jpg 1101w\" sizes=\"(max-width: 311px) 100vw, 311px\" \/><\/a><\/td>\n<td style=\"width: 35%;\"><span style=\"font-family: helvetica, arial, sans-serif; color: #999999;\"><strong>&#8222;W\u00e4chter&#8220;<\/strong><\/span><br \/>\n<span style=\"font-size: 12pt; font-family: helvetica, arial, sans-serif; color: #999999;\">2016, Lindenholz<\/span><br \/>\n<span style=\"font-size: 12pt; font-family: helvetica, arial, sans-serif; color: #999999;\">H\u00f6he ca. 70 cm, Breite ca. 20 cm<\/span><\/td>\n<\/tr>\n<tr>\n<td style=\"width: 64.8276%;\"><a href=\"https:\/\/www.kunstverhau.de\/wp-content\/uploads\/2020\/07\/2017-01-sitzender-Mann-im-Park.jpg\"><img decoding=\"async\" class=\"alignnone wp-image-376 size-large\" src=\"https:\/\/www.kunstverhau.de\/wp-content\/uploads\/2020\/07\/2017-01-sitzender-Mann-im-Park-1024x684.jpg\" alt=\"\" width=\"700\" height=\"468\" srcset=\"https:\/\/www.kunstverhau.de\/wp-content\/uploads\/2020\/07\/2017-01-sitzender-Mann-im-Park-1024x684.jpg 1024w, https:\/\/www.kunstverhau.de\/wp-content\/uploads\/2020\/07\/2017-01-sitzender-Mann-im-Park-300x200.jpg 300w, https:\/\/www.kunstverhau.de\/wp-content\/uploads\/2020\/07\/2017-01-sitzender-Mann-im-Park-768x513.jpg 768w, https:\/\/www.kunstverhau.de\/wp-content\/uploads\/2020\/07\/2017-01-sitzender-Mann-im-Park-1536x1026.jpg 1536w, https:\/\/www.kunstverhau.de\/wp-content\/uploads\/2020\/07\/2017-01-sitzender-Mann-im-Park-600x400.jpg 600w, https:\/\/www.kunstverhau.de\/wp-content\/uploads\/2020\/07\/2017-01-sitzender-Mann-im-Park-1200x802.jpg 1200w, https:\/\/www.kunstverhau.de\/wp-content\/uploads\/2020\/07\/2017-01-sitzender-Mann-im-Park.jpg 1768w\" sizes=\"(max-width: 700px) 100vw, 700px\" \/><\/a><\/td>\n<td style=\"width: 35%;\"><span style=\"font-family: helvetica, arial, sans-serif; color: #999999;\"><strong>&#8222;sitzender Mann&#8220;<br \/>\n<\/strong><span style=\"font-size: 12pt;\">2017, Lindenholz<\/span><br \/>\n<span style=\"font-size: 12pt;\">H\u00f6he ca. 32 cm, Breite ca. 49 cm<\/span><strong><br \/>\n<\/strong><\/span><\/td>\n<\/tr>\n<tr>\n<td style=\"width: 64.8276%;\"><a href=\"https:\/\/www.kunstverhau.de\/wp-content\/uploads\/2020\/07\/2018-05-Frau-mit-ausgestreckten-Armen-Kirschbaum.jpg\"><img loading=\"lazy\" decoding=\"async\" class=\"alignnone wp-image-377\" src=\"https:\/\/www.kunstverhau.de\/wp-content\/uploads\/2020\/07\/2018-05-Frau-mit-ausgestreckten-Armen-Kirschbaum-632x1024.jpg\" alt=\"\" width=\"309\" height=\"500\" srcset=\"https:\/\/www.kunstverhau.de\/wp-content\/uploads\/2020\/07\/2018-05-Frau-mit-ausgestreckten-Armen-Kirschbaum-632x1024.jpg 632w, https:\/\/www.kunstverhau.de\/wp-content\/uploads\/2020\/07\/2018-05-Frau-mit-ausgestreckten-Armen-Kirschbaum-185x300.jpg 185w, https:\/\/www.kunstverhau.de\/wp-content\/uploads\/2020\/07\/2018-05-Frau-mit-ausgestreckten-Armen-Kirschbaum-768x1244.jpg 768w, https:\/\/www.kunstverhau.de\/wp-content\/uploads\/2020\/07\/2018-05-Frau-mit-ausgestreckten-Armen-Kirschbaum-948x1536.jpg 948w, https:\/\/www.kunstverhau.de\/wp-content\/uploads\/2020\/07\/2018-05-Frau-mit-ausgestreckten-Armen-Kirschbaum.jpg 1094w\" sizes=\"(max-width: 309px) 100vw, 309px\" \/><\/a><\/td>\n<td style=\"width: 35%;\"><span style=\"font-family: helvetica, arial, sans-serif; color: #999999;\"><strong>&#8222;Frauenfigur&#8220;<br \/>\n<\/strong><span style=\"font-size: 12pt;\">2018, Kirschbaumholz<\/span><br \/>\n<span style=\"font-size: 12pt;\">H\u00f6he ca. 57 cm<\/span><strong><br \/>\n<\/strong><\/span><\/td>\n<\/tr>\n<tr>\n<td style=\"width: 64.8276%;\"><a href=\"https:\/\/www.kunstverhau.de\/wp-content\/uploads\/2020\/07\/2016-10-Lindenholz-weibliche-Form-abstrakt1.jpg\"><img loading=\"lazy\" decoding=\"async\" class=\"alignnone wp-image-378\" src=\"https:\/\/www.kunstverhau.de\/wp-content\/uploads\/2020\/07\/2016-10-Lindenholz-weibliche-Form-abstrakt1-684x1024.jpg\" alt=\"\" width=\"334\" height=\"500\" srcset=\"https:\/\/www.kunstverhau.de\/wp-content\/uploads\/2020\/07\/2016-10-Lindenholz-weibliche-Form-abstrakt1-684x1024.jpg 684w, https:\/\/www.kunstverhau.de\/wp-content\/uploads\/2020\/07\/2016-10-Lindenholz-weibliche-Form-abstrakt1-200x300.jpg 200w, https:\/\/www.kunstverhau.de\/wp-content\/uploads\/2020\/07\/2016-10-Lindenholz-weibliche-Form-abstrakt1-768x1150.jpg 768w, https:\/\/www.kunstverhau.de\/wp-content\/uploads\/2020\/07\/2016-10-Lindenholz-weibliche-Form-abstrakt1-1025x1536.jpg 1025w, https:\/\/www.kunstverhau.de\/wp-content\/uploads\/2020\/07\/2016-10-Lindenholz-weibliche-Form-abstrakt1.jpg 1183w\" sizes=\"(max-width: 334px) 100vw, 334px\" \/><\/a><\/td>\n<td style=\"width: 35%;\"><span style=\"font-family: helvetica, arial, sans-serif; color: #999999;\"><strong>&#8222;weibliche Form&#8220;<br \/>\n<\/strong><span style=\"font-size: 12pt;\">2016, Lindenholz<\/span><br \/>\n<span style=\"font-size: 12pt;\">H\u00f6he ca. 38 cm, Breite ca. 32 cm<\/span><strong><br \/>\n<\/strong><\/span><\/td>\n<\/tr>\n<tr>\n<td style=\"width: 64.8276%;\"><a href=\"https:\/\/www.kunstverhau.de\/wp-content\/uploads\/2020\/07\/2016-07-Lindenholz-gefl\u00fcgeltes-Wesen1.jpg\"><img loading=\"lazy\" decoding=\"async\" class=\"alignnone wp-image-379\" src=\"https:\/\/www.kunstverhau.de\/wp-content\/uploads\/2020\/07\/2016-07-Lindenholz-gefl\u00fcgeltes-Wesen1-200x300.jpg\" alt=\"\" width=\"333\" height=\"500\" srcset=\"https:\/\/www.kunstverhau.de\/wp-content\/uploads\/2020\/07\/2016-07-Lindenholz-gefl\u00fcgeltes-Wesen1-200x300.jpg 200w, https:\/\/www.kunstverhau.de\/wp-content\/uploads\/2020\/07\/2016-07-Lindenholz-gefl\u00fcgeltes-Wesen1-681x1024.jpg 681w, https:\/\/www.kunstverhau.de\/wp-content\/uploads\/2020\/07\/2016-07-Lindenholz-gefl\u00fcgeltes-Wesen1-768x1154.jpg 768w, https:\/\/www.kunstverhau.de\/wp-content\/uploads\/2020\/07\/2016-07-Lindenholz-gefl\u00fcgeltes-Wesen1-1022x1536.jpg 1022w, https:\/\/www.kunstverhau.de\/wp-content\/uploads\/2020\/07\/2016-07-Lindenholz-gefl\u00fcgeltes-Wesen1.jpg 1179w\" sizes=\"(max-width: 333px) 100vw, 333px\" \/><\/a><\/td>\n<td style=\"width: 35%;\"><span style=\"font-family: helvetica, arial, sans-serif; color: #999999;\"><strong>&#8222;gefl\u00fcgeltes Wesen&#8220;<br \/>\n<\/strong><span style=\"font-size: 12pt;\">2016, Lindenholz<\/span><br \/>\n<span style=\"font-size: 12pt;\">H\u00f6he ca. 30cm, Breite ca. 20 cm<\/span><strong><br \/>\n<\/strong><\/span><\/td>\n<\/tr>\n<\/tbody>\n<\/table>\n<div id=\"OKAYFREEDOM_INJECTED\" style=\"display: none;\"><\/div>\n<div><\/div>\n<div>\n<table style=\"height: 80px; width: 100%; border-collapse: collapse; background-color: #fcfcfc; border-color: #fafafa;\">\n<tbody>\n<tr style=\"height: 40px;\">\n<td style=\"width: 193.067px; height: 40px; vertical-align: middle; text-align: center; border-style: solid; border-color: #000000; background-color: #ebddb8;\"><a href=\"https:\/\/www.kunstverhau.de\/?page_id=44\">Holzarbeiten<\/a><\/td>\n<td style=\"width: 193.067px; height: 40px; vertical-align: middle; text-align: center; border-style: solid; border-color: #000000; background-color: #ebddb8;\"><a href=\"https:\/\/www.kunstverhau.de\/?page_id=52\">Keramik<\/a><\/td>\n<td style=\"width: 193.067px; height: 40px; vertical-align: middle; text-align: center; border-style: solid; border-color: #000000; background-color: #ebddb8;\"><a href=\"https:\/\/www.kunstverhau.de\/?page_id=55\">Steinarbeiten<\/a><\/td>\n<\/tr>\n<tr style=\"height: 40px;\">\n<td style=\"width: 193.067px; height: 40px; vertical-align: middle; text-align: center; border-style: solid; border-color: #000000; background-color: #ebddb8;\"><a href=\"https:\/\/www.kunstverhau.de\/?page_id=5015\">Metallarbeiten<\/a><\/td>\n<td style=\"width: 193.067px; height: 40px; vertical-align: middle; text-align: center; border-style: solid; border-color: #000000; background-color: #ebddb8;\"><a href=\"https:\/\/www.kunstverhau.de\/?page_id=5021\">glasierte Keramik<\/a><\/td>\n<td style=\"width: 193.067px; height: 40px; vertical-align: middle; text-align: center; border-style: solid; border-color: #000000; background-color: #ebddb8;\"><a href=\"https:\/\/www.kunstverhau.de\/?page_id=657\">Aquarelle<\/a><\/td>\n<\/tr>\n<\/tbody>\n<\/table>\n<\/div>\n","protected":false},"excerpt":{"rendered":"<p>Holzarbeiten \u00a0 &#8222;Weibliche Form&#8220; 2017, Walnussholz H\u00f6he ca. 60 cm, Breite ca. 40 cm &#8222;W\u00e4chter&#8220; 2016, Lindenholz H\u00f6he ca. 70 cm, Breite ca. 20 cm &#8222;sitzender Mann&#8220; 2017, Lindenholz H\u00f6he ca. 32 cm, Breite ca. 49 cm &#8222;Frauenfigur&#8220; 2018, Kirschbaumholz H\u00f6he ca. 57 cm &#8222;weibliche Form&#8220; 2016, Lindenholz H\u00f6he ca. 38 cm, Breite ca. 32&hellip;<\/p>\n","protected":false},"author":3,"featured_media":0,"parent":8,"menu_order":0,"comment_status":"closed","ping_status":"closed","template":"tw-no-title.php","meta":{"_crdt_document":"","footnotes":""},"class_list":["post-44","page","type-page","status-publish","hentry"],"aioseo_notices":[],"featured_image_src":null,"featured_image_src_square":null,"_links":{"self":[{"href":"https:\/\/www.kunstverhau.de\/index.php?rest_route=\/wp\/v2\/pages\/44","targetHints":{"allow":["GET"]}}],"collection":[{"href":"https:\/\/www.kunstverhau.de\/index.php?rest_route=\/wp\/v2\/pages"}],"about":[{"href":"https:\/\/www.kunstverhau.de\/index.php?rest_route=\/wp\/v2\/types\/page"}],"author":[{"embeddable":true,"href":"https:\/\/www.kunstverhau.de\/index.php?rest_route=\/wp\/v2\/users\/3"}],"replies":[{"embeddable":true,"href":"https:\/\/www.kunstverhau.de\/index.php?rest_route=%2Fwp%2Fv2%2Fcomments&post=44"}],"version-history":[{"count":56,"href":"https:\/\/www.kunstverhau.de\/index.php?rest_route=\/wp\/v2\/pages\/44\/revisions"}],"predecessor-version":[{"id":5097,"href":"https:\/\/www.kunstverhau.de\/index.php?rest_route=\/wp\/v2\/pages\/44\/revisions\/5097"}],"up":[{"embeddable":true,"href":"https:\/\/www.kunstverhau.de\/index.php?rest_route=\/wp\/v2\/pages\/8"}],"wp:attachment":[{"href":"https:\/\/www.kunstverhau.de\/index.php?rest_route=%2Fwp%2Fv2%2Fmedia&parent=44"}],"curies":[{"name":"wp","href":"https:\/\/api.w.org\/{rel}","templated":true}]}}