{"id":464,"date":"2020-07-08T15:17:08","date_gmt":"2020-07-08T13:17:08","guid":{"rendered":"https:\/\/www.kunstverhau.de\/?page_id=464"},"modified":"2024-10-11T13:32:25","modified_gmt":"2024-10-11T11:32:25","slug":"katharina-seite","status":"publish","type":"page","link":"https:\/\/www.kunstverhau.de\/?page_id=464","title":{"rendered":"Pers\u00f6nliches"},"content":{"rendered":"\n<div class=\"wp-block-cover alignfull is-light tw-fullscreen\"><span aria-hidden=\"true\" class=\"wp-block-cover__background has-background-dim\"><\/span><img fetchpriority=\"high\" decoding=\"async\" width=\"2560\" height=\"1700\" sizes=\"(max-width: 799px) 200vw, (max-width: 2560px) 100vw, 2560px\" class=\"wp-block-cover__image-background wp-image-4030\" src=\"https:\/\/www.kunstverhau.de\/wp-content\/uploads\/2020\/11\/DSC0408-scaled.jpg\" data-object-fit=\"cover\" srcset=\"https:\/\/www.kunstverhau.de\/wp-content\/uploads\/2020\/11\/DSC0408-scaled.jpg 2560w, https:\/\/www.kunstverhau.de\/wp-content\/uploads\/2020\/11\/DSC0408-300x199.jpg 300w, https:\/\/www.kunstverhau.de\/wp-content\/uploads\/2020\/11\/DSC0408-1024x680.jpg 1024w, https:\/\/www.kunstverhau.de\/wp-content\/uploads\/2020\/11\/DSC0408-768x510.jpg 768w, https:\/\/www.kunstverhau.de\/wp-content\/uploads\/2020\/11\/DSC0408-1536x1020.jpg 1536w, https:\/\/www.kunstverhau.de\/wp-content\/uploads\/2020\/11\/DSC0408-2048x1360.jpg 2048w, https:\/\/www.kunstverhau.de\/wp-content\/uploads\/2020\/11\/DSC0408-1200x797.jpg 1200w, https:\/\/www.kunstverhau.de\/wp-content\/uploads\/2020\/11\/DSC0408-1980x1315.jpg 1980w\" \/><div class=\"wp-block-cover__inner-container is-layout-flow wp-block-cover-is-layout-flow\">\n<h2 class=\"wp-block-heading has-text-align-center\">Pers\u00f6nliches<\/h2>\n\n\n\n<h4 class=\"wp-block-heading\">Mein Weg zur Bildhauerei<\/h4>\n\n\n\n<p class=\"wp-block-paragraph\">R\u00fcckblickend war da immer schon eine Verbindung und Sehnsucht, mit meinen H\u00e4nden zu formen, Haptik zu sp\u00fcren, mich mit Naturmaterialien zu verbinden.<\/p>\n\n\n\n<p class=\"wp-block-paragraph\">Getraut habe ich mich erst lange nach meinem geisteswissenschaftlichen Studium und Abkehr von meinem erlernten Beruf. Impuls war f\u00fcr mich die Auseinandersetzung mit meiner ernsthaften Erkrankung und der Frage, was es gibt, was ich in meinem Leben unbedingt ausprobiert haben m\u00f6chte.<\/p>\n\n\n\n<p class=\"wp-block-paragraph\">Pl\u00f6tzlich konnte ich auch all die Ausreden und Hinderungsgr\u00fcnde \u00fcberwinden und mich endlich zu meiner Ausbildung bei Christiane Demenat anmelden.<\/p>\n\n\n\n<p class=\"wp-block-paragraph\">Es mag verr\u00fcckt klingen, aber ich wusste nach den ersten Minuten der Ausbildung, dass ich endlich angekommen bin.<\/p>\n\n\n\n<p class=\"wp-block-paragraph\"><strong>Meine Themen<\/strong><\/p>\n\n\n\n<p class=\"wp-block-paragraph\">Meine Themen begegnen mir in den Formen der Natur. Oft merke ich, dass ich an einer bestimmten Form h\u00e4ngenbleibe und fange an mit der Form zu spielen.<\/p>\n\n\n\n<p class=\"wp-block-paragraph\"><strong>Meine Materialien<\/strong><\/p>\n\n\n\n<p class=\"wp-block-paragraph\">Meine Materialien kommen auf unterschiedliche Weise zu mir. Manchmal stolpere ich \u00fcber ein St\u00fcck Holz beim Spazierengehen, manchmal wartet ein Berg Verpackungsmaterial auf Entsorgung und inspiriert mich zur Verarbeitung \u2013 so geschehen im Lockdown als ich eine Menge Papiert\u00fcten von Lieferdiensten hatte und anfing sie mit Kleister zu verarbeiten.<\/p>\n\n\n\n<p class=\"wp-block-paragraph\"><strong>Meine Herangehensweise<\/strong><\/p>\n\n\n\n<p class=\"wp-block-paragraph\">Intuition ist alles f\u00fcr mich, sie l\u00e4sst mich Themen aber auch Materialien erkunden. Dankbar bin ich f\u00fcr eine laute innere Stimme in mir, die mich leitet und Vertrauen gibt. Der Austausch mit meiner Ausbildungsgruppe inspiriert mich zus\u00e4tzlich und l\u00e4sst mich noch neugieriger werden.<\/p>\n\n\n\n<p class=\"wp-block-paragraph\">Manchmal steht mir meine Ungeduld im Weg meine Arbeit technisch zu perfektionieren. Da ist noch viel Potential!<\/p>\n\n\n\n<p class=\"wp-block-paragraph\">Beim Eintauchen in die Arbeit entsteht eine Zwiesprache mit dem Material Holz und Stein. Daraus entwickelt sich meine pers\u00f6nliche Formensprache. In der Regel geht es mir nicht um ein realistisches Abbild einer Figur, ihrer Proportionen oder einer anderen Form, sondern um eine Dynamik, einen Ausdruck.<\/p>\n<\/div><\/div>\n","protected":false},"excerpt":{"rendered":"","protected":false},"author":6,"featured_media":3110,"parent":28,"menu_order":0,"comment_status":"closed","ping_status":"closed","template":"tw-no-title.php","meta":{"_crdt_document":"","footnotes":""},"class_list":["post-464","page","type-page","status-publish","has-post-thumbnail","hentry"],"aioseo_notices":[],"featured_image_src":"https:\/\/www.kunstverhau.de\/wp-content\/uploads\/2020\/10\/DSC0535-scaled.jpg","featured_image_src_square":"https:\/\/www.kunstverhau.de\/wp-content\/uploads\/2020\/10\/DSC0535-scaled.jpg","_links":{"self":[{"href":"https:\/\/www.kunstverhau.de\/index.php?rest_route=\/wp\/v2\/pages\/464","targetHints":{"allow":["GET"]}}],"collection":[{"href":"https:\/\/www.kunstverhau.de\/index.php?rest_route=\/wp\/v2\/pages"}],"about":[{"href":"https:\/\/www.kunstverhau.de\/index.php?rest_route=\/wp\/v2\/types\/page"}],"author":[{"embeddable":true,"href":"https:\/\/www.kunstverhau.de\/index.php?rest_route=\/wp\/v2\/users\/6"}],"replies":[{"embeddable":true,"href":"https:\/\/www.kunstverhau.de\/index.php?rest_route=%2Fwp%2Fv2%2Fcomments&post=464"}],"version-history":[{"count":13,"href":"https:\/\/www.kunstverhau.de\/index.php?rest_route=\/wp\/v2\/pages\/464\/revisions"}],"predecessor-version":[{"id":5472,"href":"https:\/\/www.kunstverhau.de\/index.php?rest_route=\/wp\/v2\/pages\/464\/revisions\/5472"}],"up":[{"embeddable":true,"href":"https:\/\/www.kunstverhau.de\/index.php?rest_route=\/wp\/v2\/pages\/28"}],"wp:featuredmedia":[{"embeddable":true,"href":"https:\/\/www.kunstverhau.de\/index.php?rest_route=\/wp\/v2\/media\/3110"}],"wp:attachment":[{"href":"https:\/\/www.kunstverhau.de\/index.php?rest_route=%2Fwp%2Fv2%2Fmedia&parent=464"}],"curies":[{"name":"wp","href":"https:\/\/api.w.org\/{rel}","templated":true}]}}