{"id":5015,"date":"2022-11-14T18:53:03","date_gmt":"2022-11-14T17:53:03","guid":{"rendered":"https:\/\/www.kunstverhau.de\/?page_id=5015"},"modified":"2024-06-12T17:17:09","modified_gmt":"2024-06-12T15:17:09","slug":"roland-metallarbeiten","status":"publish","type":"page","link":"https:\/\/www.kunstverhau.de\/?page_id=5015","title":{"rendered":"Roland-Metallarbeiten"},"content":{"rendered":"<table style=\"width: 100%; border-color: #fcfcfc; background-color: #363638;\">\n<tbody>\n<tr>\n<td style=\"text-align: center; width: 110.517%;\" colspan=\"2\"><span style=\"font-size: 36pt; color: #ffffff; font-family: helvetica, arial, sans-serif;\">Metallarbeiten<\/span><br \/>\n<strong>\u00a0<\/strong><\/td>\n<\/tr>\n<tr>\n<td style=\"width: 66.5517%; text-align: center;\"><a href=\"https:\/\/www.kunstverhau.de\/wp-content\/uploads\/2024\/06\/Vogel-der-Senufo-Bronze-scaled.jpg\"><img fetchpriority=\"high\" decoding=\"async\" class=\"alignnone size-full wp-image-6118\" src=\"https:\/\/www.kunstverhau.de\/wp-content\/uploads\/2024\/06\/Vogel-der-Senufo-Bronze-scaled.jpg\" alt=\"\" width=\"1479\" height=\"2560\" srcset=\"https:\/\/www.kunstverhau.de\/wp-content\/uploads\/2024\/06\/Vogel-der-Senufo-Bronze-scaled.jpg 1479w, https:\/\/www.kunstverhau.de\/wp-content\/uploads\/2024\/06\/Vogel-der-Senufo-Bronze-173x300.jpg 173w, https:\/\/www.kunstverhau.de\/wp-content\/uploads\/2024\/06\/Vogel-der-Senufo-Bronze-592x1024.jpg 592w, https:\/\/www.kunstverhau.de\/wp-content\/uploads\/2024\/06\/Vogel-der-Senufo-Bronze-768x1329.jpg 768w, https:\/\/www.kunstverhau.de\/wp-content\/uploads\/2024\/06\/Vogel-der-Senufo-Bronze-887x1536.jpg 887w, https:\/\/www.kunstverhau.de\/wp-content\/uploads\/2024\/06\/Vogel-der-Senufo-Bronze-1183x2048.jpg 1183w, https:\/\/www.kunstverhau.de\/wp-content\/uploads\/2024\/06\/Vogel-der-Senufo-Bronze-1200x2077.jpg 1200w, https:\/\/www.kunstverhau.de\/wp-content\/uploads\/2024\/06\/Vogel-der-Senufo-Bronze-1980x3427.jpg 1980w\" sizes=\"(max-width: 1479px) 100vw, 1479px\" \/><\/a><\/td>\n<td style=\"width: 43.9655%;\"><span style=\"font-family: helvetica, arial, sans-serif;\"><span style=\"color: #999999;\"><span style=\"color: #999999;\"><span style=\"color: #999999;\"><span style=\"color: #999999;\"><span style=\"color: #999999;\"><strong>Vogel der Senufo<br \/>\n<\/strong><span style=\"font-size: 12pt;\">2023 Bronzeguss<br \/>\n<\/span><\/span><\/span><\/span><\/span><\/span><\/span><span style=\"font-family: helvetica, arial, sans-serif;\"><span style=\"color: #999999;\"><span style=\"color: #999999;\"><span style=\"color: #999999;\"><span style=\"color: #999999;\"><span style=\"color: #999999;\"><span style=\"font-size: 12pt;\">H\u00f6he ca. 52 cm<br \/>\nBreite ca. 22 cm<\/span><\/span><\/span><\/span><\/span><\/span>\u00a0<\/span><\/p>\n<p>&nbsp;<\/p>\n<p><span style=\"font-size: 12pt; color: #999999; font-family: helvetica, arial, sans-serif;\">Calao &#8211; Urvogel, heiliger Vogel und spirituelles Symbol der Senufo (westafrikanisches Volk).<\/span><br \/>\n<span style=\"font-size: 12pt; color: #999999; font-family: helvetica, arial, sans-serif;\">Er repr\u00e4sentiert die Verbindung zwischen der spirituellen Welt und der Welt der Menschen.<\/span><br \/>\n<span style=\"font-size: 12pt; font-family: helvetica, arial, sans-serif;\"><span style=\"color: #999999;\">Er vereint in sich m\u00e4nnliche (der gro\u00dfe Schnabel) und weibliche Seiten (der schwangere Bauch).<\/span><strong>\u00a0<\/strong><\/span><\/td>\n<\/tr>\n<tr>\n<td style=\"width: 66.5517%;\"><a href=\"https:\/\/www.kunstverhau.de\/wp-content\/uploads\/2022\/11\/Minotauros-Bronzeguss-scaled.jpg\"><img decoding=\"async\" class=\"alignnone wp-image-5039 size-large\" src=\"https:\/\/www.kunstverhau.de\/wp-content\/uploads\/2022\/11\/Minotauros-Bronzeguss-753x1024.jpg\" alt=\"\" width=\"753\" height=\"1024\" srcset=\"https:\/\/www.kunstverhau.de\/wp-content\/uploads\/2022\/11\/Minotauros-Bronzeguss-753x1024.jpg 753w, https:\/\/www.kunstverhau.de\/wp-content\/uploads\/2022\/11\/Minotauros-Bronzeguss-221x300.jpg 221w, https:\/\/www.kunstverhau.de\/wp-content\/uploads\/2022\/11\/Minotauros-Bronzeguss-768x1044.jpg 768w, https:\/\/www.kunstverhau.de\/wp-content\/uploads\/2022\/11\/Minotauros-Bronzeguss-1130x1536.jpg 1130w, https:\/\/www.kunstverhau.de\/wp-content\/uploads\/2022\/11\/Minotauros-Bronzeguss-1506x2048.jpg 1506w, https:\/\/www.kunstverhau.de\/wp-content\/uploads\/2022\/11\/Minotauros-Bronzeguss-1200x1631.jpg 1200w, https:\/\/www.kunstverhau.de\/wp-content\/uploads\/2022\/11\/Minotauros-Bronzeguss-1980x2692.jpg 1980w, https:\/\/www.kunstverhau.de\/wp-content\/uploads\/2022\/11\/Minotauros-Bronzeguss-scaled.jpg 1883w\" sizes=\"(max-width: 753px) 100vw, 753px\" \/><\/a><\/td>\n<td style=\"width: 43.9655%;\"><span style=\"color: #999999;\"><strong>&#8222;Minotauros&#8220;<\/strong><\/span><br \/>\n<span style=\"color: #999999; font-size: 12pt;\">2022, Bronzeguss<\/span><br \/>\n<span style=\"color: #999999; font-size: 12pt;\">H\u00f6he ca. 19 cm,<\/span><br \/>\n<span style=\"color: #999999; font-size: 12pt;\">Breite ca. 14 cm<\/span><\/td>\n<\/tr>\n<tr>\n<td style=\"width: 66.5517%;\"><a href=\"https:\/\/www.kunstverhau.de\/wp-content\/uploads\/2022\/11\/Faehrmann-Bronzeguss-scaled.jpg\"><img decoding=\"async\" class=\"alignnone wp-image-5037 size-large\" src=\"https:\/\/www.kunstverhau.de\/wp-content\/uploads\/2022\/11\/Faehrmann-Bronzeguss-1024x700.jpg\" alt=\"\" width=\"800\" height=\"547\" srcset=\"https:\/\/www.kunstverhau.de\/wp-content\/uploads\/2022\/11\/Faehrmann-Bronzeguss-1024x700.jpg 1024w, https:\/\/www.kunstverhau.de\/wp-content\/uploads\/2022\/11\/Faehrmann-Bronzeguss-300x205.jpg 300w, https:\/\/www.kunstverhau.de\/wp-content\/uploads\/2022\/11\/Faehrmann-Bronzeguss-768x525.jpg 768w, https:\/\/www.kunstverhau.de\/wp-content\/uploads\/2022\/11\/Faehrmann-Bronzeguss-1536x1049.jpg 1536w, https:\/\/www.kunstverhau.de\/wp-content\/uploads\/2022\/11\/Faehrmann-Bronzeguss-2048x1399.jpg 2048w, https:\/\/www.kunstverhau.de\/wp-content\/uploads\/2022\/11\/Faehrmann-Bronzeguss-1200x820.jpg 1200w, https:\/\/www.kunstverhau.de\/wp-content\/uploads\/2022\/11\/Faehrmann-Bronzeguss-1980x1353.jpg 1980w\" sizes=\"(max-width: 800px) 100vw, 800px\" \/><\/a><\/td>\n<td style=\"width: 43.9655%;\"><span style=\"color: #999999;\"><strong>&#8222;F\u00e4hrmann&#8220;<\/strong><\/span><br \/>\n<span style=\"color: #999999; font-size: 12pt;\">2022, Bronzeguss<\/span><br \/>\n<span style=\"color: #999999; font-size: 12pt;\">H\u00f6he ca. 16 cm,<\/span><br \/>\n<span style=\"color: #999999; font-size: 12pt;\">Breite ca. 27 cm<\/span><\/td>\n<\/tr>\n<tr>\n<td style=\"width: 66.5517%;\"><a href=\"https:\/\/www.kunstverhau.de\/wp-content\/uploads\/2022\/11\/Metallskulptur-Stahl-Gusseisen-scaled.jpg\"><img loading=\"lazy\" decoding=\"async\" class=\"alignnone wp-image-5035 size-large\" src=\"https:\/\/www.kunstverhau.de\/wp-content\/uploads\/2022\/11\/Metallskulptur-Stahl-Gusseisen-616x1024.jpg\" alt=\"\" width=\"616\" height=\"1024\" srcset=\"https:\/\/www.kunstverhau.de\/wp-content\/uploads\/2022\/11\/Metallskulptur-Stahl-Gusseisen-616x1024.jpg 616w, https:\/\/www.kunstverhau.de\/wp-content\/uploads\/2022\/11\/Metallskulptur-Stahl-Gusseisen-180x300.jpg 180w, https:\/\/www.kunstverhau.de\/wp-content\/uploads\/2022\/11\/Metallskulptur-Stahl-Gusseisen-768x1277.jpg 768w, https:\/\/www.kunstverhau.de\/wp-content\/uploads\/2022\/11\/Metallskulptur-Stahl-Gusseisen-924x1536.jpg 924w, https:\/\/www.kunstverhau.de\/wp-content\/uploads\/2022\/11\/Metallskulptur-Stahl-Gusseisen-1231x2048.jpg 1231w, https:\/\/www.kunstverhau.de\/wp-content\/uploads\/2022\/11\/Metallskulptur-Stahl-Gusseisen-1200x1996.jpg 1200w, https:\/\/www.kunstverhau.de\/wp-content\/uploads\/2022\/11\/Metallskulptur-Stahl-Gusseisen-1980x3293.jpg 1980w, https:\/\/www.kunstverhau.de\/wp-content\/uploads\/2022\/11\/Metallskulptur-Stahl-Gusseisen-scaled.jpg 1539w\" sizes=\"(max-width: 616px) 100vw, 616px\" \/><\/a><\/td>\n<td style=\"width: 43.9655%;\"><span style=\"color: #999999;\"><strong>&#8222;Metallskulptur&#8220;<br \/>\n<\/strong><span style=\"font-size: 12pt;\">2022, Stahl und Gusseisen<\/span><\/span><br \/>\n<span style=\"color: #999999; font-size: 12pt;\">H\u00f6he ca. 56 cm<\/span><br \/>\n<span style=\"color: #999999; font-size: 12pt;\">Sockel: Irischer Limestone\u00a0<\/span><\/td>\n<\/tr>\n<\/tbody>\n<\/table>\n<p>&nbsp;<\/p>\n<table style=\"width: 100%; border-collapse: collapse; border-color: #2b2a2a; background-color: #b09c80; border-style: solid;\">\n<tbody>\n<tr>\n<td style=\"width: 33.3333%; border-style: solid; border-color: #404040; text-align: center; background-color: #d4c5a7;\"><a href=\"https:\/\/www.kunstverhau.de\/?page_id=44\">Holzarbeiten<\/a><\/td>\n<td style=\"width: 33.3333%; border-style: solid; border-color: #404040; text-align: center; background-color: #d4c5a7;\"><a href=\"https:\/\/www.kunstverhau.de\/?page_id=52\">Keramik<\/a><\/td>\n<td style=\"width: 33.3333%; border-style: solid; border-color: #404040; text-align: center; background-color: #d4c5a7;\"><a href=\"https:\/\/www.kunstverhau.de\/?page_id=55\">Steinarbeiten<\/a><\/td>\n<\/tr>\n<tr>\n<td style=\"width: 33.3333%; border-style: solid; border-color: #404040; text-align: center; background-color: #d4c5a7;\"><a href=\"https:\/\/www.kunstverhau.de\/?page_id=5015\">Metallarbeiten<\/a><\/td>\n<td style=\"width: 33.3333%; border-style: solid; border-color: #404040; text-align: center; background-color: #d4c5a7;\"><a href=\"https:\/\/www.kunstverhau.de\/?page_id=5021\">glasierte Keramik<\/a><\/td>\n<td style=\"width: 33.3333%; border-style: solid; border-color: #404040; text-align: center; background-color: #d4c5a7;\"><a href=\"https:\/\/www.kunstverhau.de\/?page_id=657\">Aquarelle<\/a><\/td>\n<\/tr>\n<\/tbody>\n<\/table>\n","protected":false},"excerpt":{"rendered":"<p>Metallarbeiten \u00a0 Vogel der Senufo 2023 Bronzeguss H\u00f6he ca. 52 cm Breite ca. 22 cm\u00a0 &nbsp; Calao &#8211; Urvogel, heiliger Vogel und spirituelles Symbol der Senufo (westafrikanisches Volk). Er repr\u00e4sentiert die Verbindung zwischen der spirituellen Welt und der Welt der Menschen. Er vereint in sich m\u00e4nnliche (der gro\u00dfe Schnabel) und weibliche Seiten (der schwangere Bauch).\u00a0&hellip;<\/p>\n","protected":false},"author":3,"featured_media":0,"parent":8,"menu_order":0,"comment_status":"closed","ping_status":"closed","template":"tw-no-title.php","meta":{"_crdt_document":"","footnotes":""},"class_list":["post-5015","page","type-page","status-publish","hentry"],"aioseo_notices":[],"featured_image_src":null,"featured_image_src_square":null,"_links":{"self":[{"href":"https:\/\/www.kunstverhau.de\/index.php?rest_route=\/wp\/v2\/pages\/5015","targetHints":{"allow":["GET"]}}],"collection":[{"href":"https:\/\/www.kunstverhau.de\/index.php?rest_route=\/wp\/v2\/pages"}],"about":[{"href":"https:\/\/www.kunstverhau.de\/index.php?rest_route=\/wp\/v2\/types\/page"}],"author":[{"embeddable":true,"href":"https:\/\/www.kunstverhau.de\/index.php?rest_route=\/wp\/v2\/users\/3"}],"replies":[{"embeddable":true,"href":"https:\/\/www.kunstverhau.de\/index.php?rest_route=%2Fwp%2Fv2%2Fcomments&post=5015"}],"version-history":[{"count":31,"href":"https:\/\/www.kunstverhau.de\/index.php?rest_route=\/wp\/v2\/pages\/5015\/revisions"}],"predecessor-version":[{"id":6119,"href":"https:\/\/www.kunstverhau.de\/index.php?rest_route=\/wp\/v2\/pages\/5015\/revisions\/6119"}],"up":[{"embeddable":true,"href":"https:\/\/www.kunstverhau.de\/index.php?rest_route=\/wp\/v2\/pages\/8"}],"wp:attachment":[{"href":"https:\/\/www.kunstverhau.de\/index.php?rest_route=%2Fwp%2Fv2%2Fmedia&parent=5015"}],"curies":[{"name":"wp","href":"https:\/\/api.w.org\/{rel}","templated":true}]}}