{"id":5021,"date":"2022-11-14T20:05:06","date_gmt":"2022-11-14T19:05:06","guid":{"rendered":"https:\/\/www.kunstverhau.de\/?page_id=5021"},"modified":"2024-06-12T17:18:03","modified_gmt":"2024-06-12T15:18:03","slug":"roland-keramik-glasuren","status":"publish","type":"page","link":"https:\/\/www.kunstverhau.de\/?page_id=5021","title":{"rendered":"Roland-Keramik Glasuren"},"content":{"rendered":"<table style=\"width: 100%; border-collapse: collapse; border-style: solid; border-color: #ababab;\">\n<tbody>\n<tr>\n<td style=\"width: 145.943%; text-align: center; border-color: #a8a5a5; border-style: solid; background-color: #454c54;\" colspan=\"2\"><span style=\"font-size: 36pt; color: #ffffff;\"><span style=\"font-family: helvetica, arial, sans-serif;\">Glasierte Keramik<\/span><\/span><\/td>\n<\/tr>\n<tr>\n<td style=\"width: 68.4833%; border-color: #a8a5a5; border-style: solid; background-color: #454c54; text-align: center;\"><a href=\"https:\/\/www.kunstverhau.de\/wp-content\/uploads\/2024\/06\/MG_4660-scaled.jpg\"><img fetchpriority=\"high\" decoding=\"async\" class=\"alignnone size-full wp-image-6117\" src=\"https:\/\/www.kunstverhau.de\/wp-content\/uploads\/2024\/06\/MG_4660-scaled.jpg\" alt=\"\" width=\"1826\" height=\"2560\" srcset=\"https:\/\/www.kunstverhau.de\/wp-content\/uploads\/2024\/06\/MG_4660-scaled.jpg 1826w, https:\/\/www.kunstverhau.de\/wp-content\/uploads\/2024\/06\/MG_4660-214x300.jpg 214w, https:\/\/www.kunstverhau.de\/wp-content\/uploads\/2024\/06\/MG_4660-730x1024.jpg 730w, https:\/\/www.kunstverhau.de\/wp-content\/uploads\/2024\/06\/MG_4660-768x1077.jpg 768w, https:\/\/www.kunstverhau.de\/wp-content\/uploads\/2024\/06\/MG_4660-1095x1536.jpg 1095w, https:\/\/www.kunstverhau.de\/wp-content\/uploads\/2024\/06\/MG_4660-1461x2048.jpg 1461w, https:\/\/www.kunstverhau.de\/wp-content\/uploads\/2024\/06\/MG_4660-1200x1683.jpg 1200w, https:\/\/www.kunstverhau.de\/wp-content\/uploads\/2024\/06\/MG_4660-1980x2776.jpg 1980w\" sizes=\"(max-width: 1826px) 100vw, 1826px\" \/><\/a><\/td>\n<td style=\"width: 77.4593%; border-color: #a8a5a5; border-style: solid; background-color: #454c54;\"><span style=\"color: #999999;\"><span style=\"color: #999999;\"><span style=\"color: #999999;\"><span style=\"color: #999999;\"><span style=\"color: #999999;\"><span style=\"color: #999999;\"><span style=\"color: #999999;\"><span style=\"color: #999999;\"><strong>Vogel der Senufo (Calao)<br \/>\n<\/strong><span style=\"font-size: 12pt;\">2023 Keramik Steinzeugglasur (hoch gebrannt)<br \/>\nH\u00f6he ca. 40 cm<br \/>\nBreite ca. 24 cm<\/span><\/span><\/span><\/span><\/span><\/span><\/span><\/span><\/span>&nbsp;<\/p>\n<p><span style=\"font-size: 12pt; color: #999999;\">Calao &#8211; Urvogel, heiliger Vogel und spirituelles Symbol der Senufo (westafrikanisches Volk).<\/span><br \/>\n<span style=\"font-size: 12pt; color: #999999;\">Er repr\u00e4sentiert u.a. die Verbindung zwischen der spirituellen Welt und der Welt der Menschen.<\/span><br \/>\n<span style=\"font-size: 12pt; color: #999999;\">Er vereint in sich m\u00e4nnliche (der gro\u00dfe Schnabel) und weibliche Seiten (der schwangere Bauch).<strong>\u00a0<\/strong><\/span><\/td>\n<\/tr>\n<tr>\n<td style=\"width: 68.4833%; border-color: #a8a5a5; border-style: solid; background-color: #454c54; text-align: center;\"><a href=\"https:\/\/www.kunstverhau.de\/wp-content\/uploads\/2024\/05\/Nilpferd-gross-scaled.jpg\"><img decoding=\"async\" class=\"alignnone wp-image-6032 size-full\" src=\"https:\/\/www.kunstverhau.de\/wp-content\/uploads\/2024\/05\/Nilpferd-gross-scaled.jpg\" alt=\"\" width=\"2560\" height=\"1824\" srcset=\"https:\/\/www.kunstverhau.de\/wp-content\/uploads\/2024\/05\/Nilpferd-gross-scaled.jpg 2560w, https:\/\/www.kunstverhau.de\/wp-content\/uploads\/2024\/05\/Nilpferd-gross-300x214.jpg 300w, https:\/\/www.kunstverhau.de\/wp-content\/uploads\/2024\/05\/Nilpferd-gross-1024x730.jpg 1024w, https:\/\/www.kunstverhau.de\/wp-content\/uploads\/2024\/05\/Nilpferd-gross-768x547.jpg 768w, https:\/\/www.kunstverhau.de\/wp-content\/uploads\/2024\/05\/Nilpferd-gross-1536x1095.jpg 1536w, https:\/\/www.kunstverhau.de\/wp-content\/uploads\/2024\/05\/Nilpferd-gross-2048x1459.jpg 2048w, https:\/\/www.kunstverhau.de\/wp-content\/uploads\/2024\/05\/Nilpferd-gross-1200x855.jpg 1200w, https:\/\/www.kunstverhau.de\/wp-content\/uploads\/2024\/05\/Nilpferd-gross-1980x1411.jpg 1980w\" sizes=\"(max-width: 2560px) 100vw, 2560px\" \/><\/a><\/td>\n<td style=\"width: 77.4593%; border-color: #a8a5a5; border-style: solid; background-color: #454c54;\"><span style=\"color: #999999;\"><span style=\"color: #999999;\"><span style=\"color: #999999;\"><span style=\"color: #999999;\"><span style=\"color: #999999;\"><span style=\"color: #999999;\"><span style=\"color: #999999;\"><strong>Nilpferd (\u00e4gyptisch)<br \/>\n<\/strong><span style=\"font-size: 12pt;\">2023 Keramik glasiert, L\u00e4nge ca. 20 cm, H\u00f6he ca. 9 cm<\/span><\/span><\/span><\/span><\/span><\/span><\/span><\/span>&nbsp;<\/p>\n<p><span style=\"color: #999999;\"><span style=\"font-size: 12pt;\">(Nilpferde waren im alten \u00c4gypten h\u00e4ufige Grabbeigaben, sie waren u.a. ein Symbol der Wiedergeburt und Erneuerung, als Begleiter ins Jenseits sollte es dem Verstorbenen Schutz und St\u00e4rke geben.)<\/span><strong>\u00a0<\/strong><\/span><\/td>\n<\/tr>\n<tr>\n<td style=\"width: 68.4833%; border-color: #a8a5a5; border-style: solid; background-color: #454c54; text-align: center;\">&nbsp;<\/p>\n<p><a href=\"https:\/\/www.kunstverhau.de\/wp-content\/uploads\/2022\/11\/Helfer-glasiert-scaled.jpg\"><img decoding=\"async\" class=\"aligncenter wp-image-5034\" src=\"https:\/\/www.kunstverhau.de\/wp-content\/uploads\/2022\/11\/Helfer-glasiert-820x1024.jpg\" alt=\"&quot;Helfer&quot;, 2018\/2022, Keramik, Steinzeugglasur (hoch gebrannt)\" width=\"570\" height=\"712\" srcset=\"https:\/\/www.kunstverhau.de\/wp-content\/uploads\/2022\/11\/Helfer-glasiert-820x1024.jpg 820w, https:\/\/www.kunstverhau.de\/wp-content\/uploads\/2022\/11\/Helfer-glasiert-240x300.jpg 240w, https:\/\/www.kunstverhau.de\/wp-content\/uploads\/2022\/11\/Helfer-glasiert-768x959.jpg 768w, https:\/\/www.kunstverhau.de\/wp-content\/uploads\/2022\/11\/Helfer-glasiert-1230x1536.jpg 1230w, https:\/\/www.kunstverhau.de\/wp-content\/uploads\/2022\/11\/Helfer-glasiert-1640x2048.jpg 1640w, https:\/\/www.kunstverhau.de\/wp-content\/uploads\/2022\/11\/Helfer-glasiert-1200x1498.jpg 1200w, https:\/\/www.kunstverhau.de\/wp-content\/uploads\/2022\/11\/Helfer-glasiert-1980x2472.jpg 1980w\" sizes=\"(max-width: 570px) 100vw, 570px\" \/><\/a><\/td>\n<td style=\"width: 77.4593%; border-color: #a8a5a5; border-style: solid; background-color: #454c54;\"><span style=\"color: #999999;\"><strong>&#8222;Helfer&#8220;<\/strong><\/span><br \/>\n<span style=\"color: #999999; font-size: 12pt;\">2018\/2022<\/span><br \/>\n<span style=\"color: #999999; font-size: 12pt;\">Keramik, Steinzeugglasur (hoch gebrannt)<\/span><br \/>\n<span style=\"color: #999999; font-size: 12pt;\">H\u00f6he ca. 20 cm<\/span><\/td>\n<\/tr>\n<tr>\n<td style=\"width: 68.4833%; border-color: #a8a5a5; border-style: solid; background-color: #454c54; text-align: center;\"><a href=\"https:\/\/www.kunstverhau.de\/wp-content\/uploads\/2024\/05\/Kind-mit-geoeffneten-Armen-scaled.jpg\"><img loading=\"lazy\" decoding=\"async\" class=\"alignnone size-full wp-image-6028\" src=\"https:\/\/www.kunstverhau.de\/wp-content\/uploads\/2024\/05\/Kind-mit-geoeffneten-Armen-scaled.jpg\" alt=\"\" width=\"2560\" height=\"2117\" srcset=\"https:\/\/www.kunstverhau.de\/wp-content\/uploads\/2024\/05\/Kind-mit-geoeffneten-Armen-scaled.jpg 2560w, https:\/\/www.kunstverhau.de\/wp-content\/uploads\/2024\/05\/Kind-mit-geoeffneten-Armen-300x248.jpg 300w, https:\/\/www.kunstverhau.de\/wp-content\/uploads\/2024\/05\/Kind-mit-geoeffneten-Armen-1024x847.jpg 1024w, https:\/\/www.kunstverhau.de\/wp-content\/uploads\/2024\/05\/Kind-mit-geoeffneten-Armen-768x635.jpg 768w, https:\/\/www.kunstverhau.de\/wp-content\/uploads\/2024\/05\/Kind-mit-geoeffneten-Armen-1536x1270.jpg 1536w, https:\/\/www.kunstverhau.de\/wp-content\/uploads\/2024\/05\/Kind-mit-geoeffneten-Armen-2048x1693.jpg 2048w, https:\/\/www.kunstverhau.de\/wp-content\/uploads\/2024\/05\/Kind-mit-geoeffneten-Armen-1200x992.jpg 1200w, https:\/\/www.kunstverhau.de\/wp-content\/uploads\/2024\/05\/Kind-mit-geoeffneten-Armen-1980x1637.jpg 1980w\" sizes=\"(max-width: 2560px) 100vw, 2560px\" \/><\/a><\/td>\n<td style=\"width: 77.4593%; border-color: #a8a5a5; border-style: solid; background-color: #454c54;\"><span style=\"color: #999999;\"><strong>Kind mit ge\u00f6ffneten Armen (freut sich)<br \/>\n<\/strong><span style=\"font-size: 12pt;\">2023 Keramik und Glasur hoch gebrannt, H\u00f6he ca.\u00a0 22 cm, Breite ca. 20 cm<\/span><strong><br \/>\n<\/strong><\/span><\/td>\n<\/tr>\n<tr>\n<td style=\"width: 68.4833%; border-color: #a8a5a5; border-style: solid; background-color: #454c54; text-align: center;\"><a href=\"https:\/\/www.kunstverhau.de\/wp-content\/uploads\/2022\/11\/uebbiger-Akt-glasiert-neu-scaled.jpg\"><img loading=\"lazy\" decoding=\"async\" class=\"alignnone wp-image-5088\" src=\"https:\/\/www.kunstverhau.de\/wp-content\/uploads\/2022\/11\/uebbiger-Akt-glasiert-neu-768x1024.jpg\" alt=\"&quot;\u00dcppige weibliche Figur&quot;, 2020\/22, Keramik, Steinzeugglasur\" width=\"564\" height=\"752\" srcset=\"https:\/\/www.kunstverhau.de\/wp-content\/uploads\/2022\/11\/uebbiger-Akt-glasiert-neu-768x1024.jpg 768w, https:\/\/www.kunstverhau.de\/wp-content\/uploads\/2022\/11\/uebbiger-Akt-glasiert-neu-225x300.jpg 225w, https:\/\/www.kunstverhau.de\/wp-content\/uploads\/2022\/11\/uebbiger-Akt-glasiert-neu-1152x1536.jpg 1152w, https:\/\/www.kunstverhau.de\/wp-content\/uploads\/2022\/11\/uebbiger-Akt-glasiert-neu-1536x2048.jpg 1536w, https:\/\/www.kunstverhau.de\/wp-content\/uploads\/2022\/11\/uebbiger-Akt-glasiert-neu-1200x1600.jpg 1200w, https:\/\/www.kunstverhau.de\/wp-content\/uploads\/2022\/11\/uebbiger-Akt-glasiert-neu-1980x2640.jpg 1980w, https:\/\/www.kunstverhau.de\/wp-content\/uploads\/2022\/11\/uebbiger-Akt-glasiert-neu-scaled.jpg 1920w\" sizes=\"(max-width: 564px) 100vw, 564px\" \/><\/a><\/td>\n<td style=\"width: 77.4593%; border-color: #a8a5a5; border-style: solid; background-color: #454c54;\"><span style=\"color: #999999;\"><strong>&#8222;\u00dcppige weibliche Figur&#8220;<\/strong><\/span><br \/>\n<span style=\"color: #999999; font-size: 12pt;\">2020\/22, <\/span><br \/>\n<span style=\"color: #999999; font-size: 12pt;\">Keramik, Steinzeugglasur<\/span><br \/>\n<span style=\"color: #999999;\"><span style=\"font-size: 12pt;\">H\u00f6he ca. 25 cm<\/span><br \/>\n<\/span><\/td>\n<\/tr>\n<tr>\n<td style=\"width: 68.4833%; border-color: #a8a5a5; border-style: solid; background-color: #454c54; text-align: center;\"><a href=\"https:\/\/www.kunstverhau.de\/wp-content\/uploads\/2022\/11\/Mutter-mit-Kind-aegyptisch-glasiert-scaled.jpg\"><img loading=\"lazy\" decoding=\"async\" class=\"alignnone wp-image-5087\" src=\"https:\/\/www.kunstverhau.de\/wp-content\/uploads\/2022\/11\/Mutter-mit-Kind-aegyptisch-glasiert-760x1024.jpg\" alt=\"&quot;Mutter mit Kind (\u00e4gyptisch)&quot;, 2017\/2022, Keramik, Steinzeugglasur\" width=\"569\" height=\"767\" srcset=\"https:\/\/www.kunstverhau.de\/wp-content\/uploads\/2022\/11\/Mutter-mit-Kind-aegyptisch-glasiert-760x1024.jpg 760w, https:\/\/www.kunstverhau.de\/wp-content\/uploads\/2022\/11\/Mutter-mit-Kind-aegyptisch-glasiert-223x300.jpg 223w, https:\/\/www.kunstverhau.de\/wp-content\/uploads\/2022\/11\/Mutter-mit-Kind-aegyptisch-glasiert-768x1035.jpg 768w, https:\/\/www.kunstverhau.de\/wp-content\/uploads\/2022\/11\/Mutter-mit-Kind-aegyptisch-glasiert-1139x1536.jpg 1139w, https:\/\/www.kunstverhau.de\/wp-content\/uploads\/2022\/11\/Mutter-mit-Kind-aegyptisch-glasiert-1519x2048.jpg 1519w, https:\/\/www.kunstverhau.de\/wp-content\/uploads\/2022\/11\/Mutter-mit-Kind-aegyptisch-glasiert-1200x1618.jpg 1200w, https:\/\/www.kunstverhau.de\/wp-content\/uploads\/2022\/11\/Mutter-mit-Kind-aegyptisch-glasiert-1980x2669.jpg 1980w, https:\/\/www.kunstverhau.de\/wp-content\/uploads\/2022\/11\/Mutter-mit-Kind-aegyptisch-glasiert-scaled.jpg 1899w\" sizes=\"(max-width: 569px) 100vw, 569px\" \/><\/a><\/td>\n<td style=\"width: 77.4593%; border-color: #a8a5a5; border-style: solid; background-color: #454c54;\"><span style=\"color: #999999;\"><strong>&#8222;Mutter mit Kind (\u00e4gyptisch)&#8220;<\/strong><\/span><br \/>\n<span style=\"color: #999999; font-size: 12pt;\">2017\/2022<\/span><br \/>\n<span style=\"color: #999999; font-size: 12pt;\">Keramik, Steinzeugglasur<\/span><br \/>\n<span style=\"color: #999999; font-size: 12pt;\">H\u00f6he ca. 23 cm<\/span><\/td>\n<\/tr>\n<tr>\n<td style=\"width: 68.4833%; border-color: #a8a5a5; border-style: solid; background-color: #454c54; text-align: center;\"><a href=\"https:\/\/www.kunstverhau.de\/wp-content\/uploads\/2022\/11\/Mann-mit-Rock-Engobe-scaled-e1668531434395.jpg\"><img loading=\"lazy\" decoding=\"async\" class=\"aligncenter wp-image-5086\" src=\"https:\/\/www.kunstverhau.de\/wp-content\/uploads\/2022\/11\/Mann-mit-Rock-Engobe-scaled-e1668531434395-699x1024.jpg\" alt=\"&quot;Mann mit Rock&quot; Keramik mit Engobe bemalt\" width=\"554\" height=\"812\" srcset=\"https:\/\/www.kunstverhau.de\/wp-content\/uploads\/2022\/11\/Mann-mit-Rock-Engobe-scaled-e1668531434395-699x1024.jpg 699w, https:\/\/www.kunstverhau.de\/wp-content\/uploads\/2022\/11\/Mann-mit-Rock-Engobe-scaled-e1668531434395-205x300.jpg 205w, https:\/\/www.kunstverhau.de\/wp-content\/uploads\/2022\/11\/Mann-mit-Rock-Engobe-scaled-e1668531434395-768x1125.jpg 768w, https:\/\/www.kunstverhau.de\/wp-content\/uploads\/2022\/11\/Mann-mit-Rock-Engobe-scaled-e1668531434395-1048x1536.jpg 1048w, https:\/\/www.kunstverhau.de\/wp-content\/uploads\/2022\/11\/Mann-mit-Rock-Engobe-scaled-e1668531434395-1398x2048.jpg 1398w, https:\/\/www.kunstverhau.de\/wp-content\/uploads\/2022\/11\/Mann-mit-Rock-Engobe-scaled-e1668531434395-1200x1758.jpg 1200w, https:\/\/www.kunstverhau.de\/wp-content\/uploads\/2022\/11\/Mann-mit-Rock-Engobe-scaled-e1668531434395.jpg 1747w\" sizes=\"(max-width: 554px) 100vw, 554px\" \/><\/a><\/td>\n<td style=\"width: 77.4593%; border-color: #a8a5a5; border-style: solid; background-color: #454c54;\"><span style=\"color: #999999;\"><strong>&#8222;Mann mit Rock&#8220;<\/strong><\/span><br \/>\n<span style=\"color: #999999; font-size: 12pt;\">2022<\/span><br \/>\n<span style=\"color: #999999; font-size: 12pt;\">Keramik mit Engobe bemalt<\/span><br \/>\n<span style=\"color: #999999; font-size: 12pt;\">H\u00f6he ca. 33 cm<\/span><\/td>\n<\/tr>\n<tr>\n<td style=\"width: 68.4833%; border-color: #a8a5a5; border-style: solid; background-color: #454c54; text-align: center;\"><a href=\"https:\/\/www.kunstverhau.de\/wp-content\/uploads\/2022\/11\/Vogelmensch-mit-Engobe-und-mit-Wachs-scaled.jpg\"><img loading=\"lazy\" decoding=\"async\" class=\"aligncenter wp-image-5108\" src=\"https:\/\/www.kunstverhau.de\/wp-content\/uploads\/2022\/11\/Vogelmensch-mit-Engobe-und-mit-Wachs-793x1024.jpg\" alt=\"&quot;Vogelmensch&quot;, 2018\/2022, Keramik mit Engobe bemalt und gewachst\" width=\"551\" height=\"712\" srcset=\"https:\/\/www.kunstverhau.de\/wp-content\/uploads\/2022\/11\/Vogelmensch-mit-Engobe-und-mit-Wachs-793x1024.jpg 793w, https:\/\/www.kunstverhau.de\/wp-content\/uploads\/2022\/11\/Vogelmensch-mit-Engobe-und-mit-Wachs-232x300.jpg 232w, https:\/\/www.kunstverhau.de\/wp-content\/uploads\/2022\/11\/Vogelmensch-mit-Engobe-und-mit-Wachs-768x992.jpg 768w, https:\/\/www.kunstverhau.de\/wp-content\/uploads\/2022\/11\/Vogelmensch-mit-Engobe-und-mit-Wachs-1189x1536.jpg 1189w, https:\/\/www.kunstverhau.de\/wp-content\/uploads\/2022\/11\/Vogelmensch-mit-Engobe-und-mit-Wachs-1585x2048.jpg 1585w, https:\/\/www.kunstverhau.de\/wp-content\/uploads\/2022\/11\/Vogelmensch-mit-Engobe-und-mit-Wachs-1200x1550.jpg 1200w, https:\/\/www.kunstverhau.de\/wp-content\/uploads\/2022\/11\/Vogelmensch-mit-Engobe-und-mit-Wachs-1980x2558.jpg 1980w, https:\/\/www.kunstverhau.de\/wp-content\/uploads\/2022\/11\/Vogelmensch-mit-Engobe-und-mit-Wachs-scaled.jpg 1981w\" sizes=\"(max-width: 551px) 100vw, 551px\" \/><\/a><\/td>\n<td style=\"width: 77.4593%; border-color: #a8a5a5; border-style: solid; background-color: #454c54;\"><span style=\"color: #999999;\"><strong>&#8222;Vogelmensch&#8220;<\/strong><\/span><br \/>\n<span style=\"color: #999999; font-size: 12pt;\">2018\/2022<\/span><br \/>\n<span style=\"color: #999999; font-size: 12pt;\">Keramik mit Engobe bemalt und gewachst<\/span><br \/>\n<span style=\"color: #999999; font-size: 12pt;\">H\u00f6he ca. 22 cm<\/span><\/td>\n<\/tr>\n<\/tbody>\n<\/table>\n<p>&nbsp;<\/p>\n<table style=\"border-color: #000000; background-color: #fcfcfc; border-style: solid; width: 100%; height: 80px;\">\n<tbody>\n<tr style=\"height: 40px;\">\n<td style=\"border-style: solid; background-color: #ebddb8; border-color: #000000; height: 40px;\"><a href=\"https:\/\/www.kunstverhau.de\/?page_id=44\">Holzarbeiten<\/a><\/td>\n<td style=\"border-style: solid; height: 40px; background-color: #ebddb8; border-color: #000000;\"><a href=\"https:\/\/www.kunstverhau.de\/?page_id=52\">Keramik<\/a><\/td>\n<td style=\"border-style: solid; height: 40px; background-color: #ebddb8; border-color: #000000;\"><a href=\"https:\/\/www.kunstverhau.de\/?page_id=55\">Steinarbeiten<\/a><\/td>\n<\/tr>\n<tr style=\"height: 40px;\">\n<td style=\"border-style: solid; background-color: #ebddb8; border-color: #000000; height: 40px;\"><a href=\"https:\/\/www.kunstverhau.de\/?page_id=5015\">Metallarbeiten<\/a><\/td>\n<td style=\"border-style: solid; height: 40px; background-color: #ebddb8; border-color: #000000;\"><a href=\"https:\/\/www.kunstverhau.de\/?page_id=5021\">glasierte Keramik<\/a><\/td>\n<td style=\"border-style: solid; height: 40px; background-color: #ebddb8; border-color: #000000;\"><a href=\"https:\/\/www.kunstverhau.de\/?page_id=657\">Aquarelle<\/a><\/td>\n<\/tr>\n<\/tbody>\n<\/table>\n","protected":false},"excerpt":{"rendered":"<p>Glasierte Keramik Vogel der Senufo (Calao) 2023 Keramik Steinzeugglasur (hoch gebrannt) H\u00f6he ca. 40 cm Breite ca. 24 cm&nbsp; Calao &#8211; Urvogel, heiliger Vogel und spirituelles Symbol der Senufo (westafrikanisches Volk). Er repr\u00e4sentiert u.a. die Verbindung zwischen der spirituellen Welt und der Welt der Menschen. Er vereint in sich m\u00e4nnliche (der gro\u00dfe Schnabel) und weibliche&hellip;<\/p>\n","protected":false},"author":3,"featured_media":0,"parent":8,"menu_order":0,"comment_status":"closed","ping_status":"closed","template":"tw-no-title.php","meta":{"_crdt_document":"","footnotes":""},"class_list":["post-5021","page","type-page","status-publish","hentry"],"aioseo_notices":[],"featured_image_src":null,"featured_image_src_square":null,"_links":{"self":[{"href":"https:\/\/www.kunstverhau.de\/index.php?rest_route=\/wp\/v2\/pages\/5021","targetHints":{"allow":["GET"]}}],"collection":[{"href":"https:\/\/www.kunstverhau.de\/index.php?rest_route=\/wp\/v2\/pages"}],"about":[{"href":"https:\/\/www.kunstverhau.de\/index.php?rest_route=\/wp\/v2\/types\/page"}],"author":[{"embeddable":true,"href":"https:\/\/www.kunstverhau.de\/index.php?rest_route=\/wp\/v2\/users\/3"}],"replies":[{"embeddable":true,"href":"https:\/\/www.kunstverhau.de\/index.php?rest_route=%2Fwp%2Fv2%2Fcomments&post=5021"}],"version-history":[{"count":41,"href":"https:\/\/www.kunstverhau.de\/index.php?rest_route=\/wp\/v2\/pages\/5021\/revisions"}],"predecessor-version":[{"id":6120,"href":"https:\/\/www.kunstverhau.de\/index.php?rest_route=\/wp\/v2\/pages\/5021\/revisions\/6120"}],"up":[{"embeddable":true,"href":"https:\/\/www.kunstverhau.de\/index.php?rest_route=\/wp\/v2\/pages\/8"}],"wp:attachment":[{"href":"https:\/\/www.kunstverhau.de\/index.php?rest_route=%2Fwp%2Fv2%2Fmedia&parent=5021"}],"curies":[{"name":"wp","href":"https:\/\/api.w.org\/{rel}","templated":true}]}}