{"id":787,"date":"2020-07-16T21:01:36","date_gmt":"2020-07-16T19:01:36","guid":{"rendered":"https:\/\/www.kunstverhau.de\/?page_id=787"},"modified":"2020-09-24T13:43:28","modified_gmt":"2020-09-24T11:43:28","slug":"oxididationsoberflaechen","status":"publish","type":"page","link":"https:\/\/www.kunstverhau.de\/?page_id=787","title":{"rendered":"Oxididationsoberfl\u00e4chen"},"content":{"rendered":"<p><a href=\"https:\/\/www.kunstverhau.de\/wp-content\/uploads\/2020\/07\/Bild-f\u00fcr-Beitrag.jpg\"><img fetchpriority=\"high\" decoding=\"async\" class=\"aligncenter wp-image-724\" src=\"https:\/\/www.kunstverhau.de\/wp-content\/uploads\/2020\/07\/Bild-f\u00fcr-Beitrag-300x214.jpg\" alt=\"\" width=\"500\" height=\"356\" srcset=\"https:\/\/www.kunstverhau.de\/wp-content\/uploads\/2020\/07\/Bild-f\u00fcr-Beitrag-300x214.jpg 300w, https:\/\/www.kunstverhau.de\/wp-content\/uploads\/2020\/07\/Bild-f\u00fcr-Beitrag-768x547.jpg 768w, https:\/\/www.kunstverhau.de\/wp-content\/uploads\/2020\/07\/Bild-f\u00fcr-Beitrag.jpg 891w\" sizes=\"(max-width: 500px) 100vw, 500px\" \/><\/a><span style=\"font-family: helvetica, arial, sans-serif;\"><strong><span style=\"font-size: 18pt;\">Oxidationsoberfl\u00e4chen f\u00fcr Tonfiguren<\/span><br \/><\/strong><\/span><span style=\"font-family: helvetica, arial, sans-serif;\"><em>(von Roland Moroff)<\/em> <\/span><\/p>\r\n<p><span style=\"font-family: helvetica, arial, sans-serif;\">Ich war auf der Suche nach einer Veredelung der Oberfl\u00e4chen von gebrannten Tonfiguren, dabei stie\u00df ich auf &#8222;Oxido&#8220; von der Fa. Boesner. Die Anwendung ist relativ einfach: Man kann die gebrannte Tonfigur kurz unter einen Wasserhahn halten, weil der Oxidationsprozess l\u00e4nger anh\u00e4lt, wenn noch Wasser im Ton gespeichert ist. Dann streicht man den Eisengrund mit einem Pinsel zuerst d\u00fcnn auf die Figur und nach 2, 3 Minuten noch mal gleichm\u00e4\u00dfig auf die ganze Figur. Man l\u00e4sst die angestrichene Figur etwa eine Stunde antrocknen (bessere Ergebnisse gibt es, wenn die Farbe noch nicht vollkommen trocken ist). Anschlie\u00dfend streicht man eines (oder auch mehrere) der sieben Oxidationsmittel auf die Figur und w\u00e4hrend der n\u00e4chsten Stunden wird das Eisen oxidiert. Man kann den Oxidationsprozess noch einmal anfeuern, indem man die Figur mit einem Wasserzerst\u00e4uber bespr\u00fcht. Um den Oxidationsprozess zu stoppen, kann man einen speziellen Lack (auch bei Boesner erh\u00e4ltlich) auftragen, meiner Meinung nach ver\u00e4ndert das aber die Oberfl\u00e4chenstruktur zu stark.<\/span><\/p>\r\n<p><span style=\"font-family: helvetica, arial, sans-serif;\"><!-- \/wp:post-content -->\r\n\r\n<!-- wp:image {\"id\":725,\"sizeSlug\":\"large\",\"className\":\"is-style-default\"} --><\/span><\/p>\r\n<figure class=\"wp-block-image size-large is-style-default\"><span style=\"font-family: helvetica, arial, sans-serif;\"><img decoding=\"async\" width=\"1024\" height=\"542\" class=\"wp-image-725\" src=\"https:\/\/www.kunstverhau.de\/wp-content\/uploads\/2020\/07\/Farbreaktionen-Oxido-1-1024x542.png\" alt=\"\" srcset=\"https:\/\/www.kunstverhau.de\/wp-content\/uploads\/2020\/07\/Farbreaktionen-Oxido-1-1024x542.png 1024w, https:\/\/www.kunstverhau.de\/wp-content\/uploads\/2020\/07\/Farbreaktionen-Oxido-1-300x159.png 300w, https:\/\/www.kunstverhau.de\/wp-content\/uploads\/2020\/07\/Farbreaktionen-Oxido-1-768x406.png 768w, https:\/\/www.kunstverhau.de\/wp-content\/uploads\/2020\/07\/Farbreaktionen-Oxido-1-1200x635.png 1200w, https:\/\/www.kunstverhau.de\/wp-content\/uploads\/2020\/07\/Farbreaktionen-Oxido-1.png 1423w\" sizes=\"(max-width: 1024px) 100vw, 1024px\" \/><\/span><\/figure>\r\n<p><span style=\"font-family: helvetica, arial, sans-serif;\"><!-- \/wp:image -->\r\n\r\n<!-- wp:paragraph --><\/span><\/p>\r\n<p><span style=\"font-family: helvetica, arial, sans-serif;\">Die besten Ergebnisse erzielt man mit dem Eisengrund, finde ich, es gibt aber noch andere Metallgr\u00fcnde zur Auswahl. Vertiefungen im Ton werden durch das Anmalen teilweise gef\u00fcllt, es bleiben aber die meisten Details gut erhalten (\u00e4hnlich einem Anstrich mit Dispersionsfarbe). Man kann auf diese Weise also auch etwas korrigieren bei nicht so gut gelungene Oberfl\u00e4chen.<\/span><\/p>\r\n<table style=\"width: 98.9028%; background-color: #b0a7a7; border-style: solid; border-color: #c2c3c4; height: 463px;\">\r\n<tbody>\r\n<tr>\r\n<td style=\"width: 50.6896%;\">\r\n<figure id=\"attachment_726\" aria-describedby=\"caption-attachment-726\" style=\"width: 314px\" class=\"wp-caption aligncenter\"><a href=\"https:\/\/www.kunstverhau.de\/wp-content\/uploads\/2020\/07\/IMG_20200319_181518-scaled-e1594910290163.jpg\"><img decoding=\"async\" class=\"wp-image-726\" src=\"https:\/\/www.kunstverhau.de\/wp-content\/uploads\/2020\/07\/IMG_20200319_181518-scaled-e1594910290163-300x254.jpg\" alt=\"\" width=\"314\" height=\"266\" data-id=\"726\" data-full-url=\"https:\/\/www.kunstverhau.de\/wp-content\/uploads\/2020\/07\/IMG_20200319_181518-scaled.jpg\" data-link=\"https:\/\/www.kunstverhau.de\/?attachment_id=726\" srcset=\"https:\/\/www.kunstverhau.de\/wp-content\/uploads\/2020\/07\/IMG_20200319_181518-scaled-e1594910290163-300x254.jpg 300w, https:\/\/www.kunstverhau.de\/wp-content\/uploads\/2020\/07\/IMG_20200319_181518-scaled-e1594910290163-1024x867.jpg 1024w, https:\/\/www.kunstverhau.de\/wp-content\/uploads\/2020\/07\/IMG_20200319_181518-scaled-e1594910290163-768x650.jpg 768w, https:\/\/www.kunstverhau.de\/wp-content\/uploads\/2020\/07\/IMG_20200319_181518-scaled-e1594910290163-1536x1300.jpg 1536w, https:\/\/www.kunstverhau.de\/wp-content\/uploads\/2020\/07\/IMG_20200319_181518-scaled-e1594910290163-1200x1016.jpg 1200w, https:\/\/www.kunstverhau.de\/wp-content\/uploads\/2020\/07\/IMG_20200319_181518-scaled-e1594910290163.jpg 1920w\" sizes=\"(max-width: 314px) 100vw, 314px\" \/><\/a><figcaption id=\"caption-attachment-726\" class=\"wp-caption-text\">wei\u00dfer Ton gebrannt<\/figcaption><\/figure>\r\n<\/td>\r\n<td style=\"width: 49.138%;\">\r\n<figure id=\"attachment_727\" aria-describedby=\"caption-attachment-727\" style=\"width: 300px\" class=\"wp-caption aligncenter\"><a href=\"https:\/\/www.kunstverhau.de\/wp-content\/uploads\/2020\/07\/P1040837-scaled-e1594910591991.jpg\"><img loading=\"lazy\" decoding=\"async\" class=\"wp-image-727 size-medium\" src=\"https:\/\/www.kunstverhau.de\/wp-content\/uploads\/2020\/07\/P1040837-scaled-e1594910591991-300x266.jpg\" alt=\"\" width=\"300\" height=\"266\" data-id=\"727\" data-full-url=\"https:\/\/www.kunstverhau.de\/wp-content\/uploads\/2020\/07\/P1040837-scaled.jpg\" data-link=\"https:\/\/www.kunstverhau.de\/?attachment_id=727\" srcset=\"https:\/\/www.kunstverhau.de\/wp-content\/uploads\/2020\/07\/P1040837-scaled-e1594910591991-300x266.jpg 300w, https:\/\/www.kunstverhau.de\/wp-content\/uploads\/2020\/07\/P1040837-scaled-e1594910591991-1024x907.jpg 1024w, https:\/\/www.kunstverhau.de\/wp-content\/uploads\/2020\/07\/P1040837-scaled-e1594910591991-768x681.jpg 768w, https:\/\/www.kunstverhau.de\/wp-content\/uploads\/2020\/07\/P1040837-scaled-e1594910591991-1536x1361.jpg 1536w, https:\/\/www.kunstverhau.de\/wp-content\/uploads\/2020\/07\/P1040837-scaled-e1594910591991-1200x1063.jpg 1200w, https:\/\/www.kunstverhau.de\/wp-content\/uploads\/2020\/07\/P1040837-scaled-e1594910591991.jpg 1906w\" sizes=\"(max-width: 300px) 100vw, 300px\" \/><\/a><figcaption id=\"caption-attachment-727\" class=\"wp-caption-text\">mit zwei verschiedenen Oxidationsmitteln bemalt<\/figcaption><\/figure>\r\n<\/td>\r\n<\/tr>\r\n<tr>\r\n<td style=\"width: 50.6896%;\">\u00a0<\/td>\r\n<td style=\"width: 49.138%;\">\u00a0<\/td>\r\n<\/tr>\r\n<\/tbody>\r\n<\/table>\r\n<p><span style=\"font-family: helvetica, arial, sans-serif;\"><!-- \/wp:paragraph -->\r\n\r\n<!-- wp:gallery {\"ids\":[726,727]} \/-->\r\n\r\n<!-- wp:paragraph --><\/span><\/p>\r\n<p><strong><span style=\"font-family: helvetica, arial, sans-serif;\">Entdeckung<\/span><\/strong><\/p>\r\n<p><span style=\"font-family: helvetica, arial, sans-serif;\"><em>Ganz nebenbei machte ich eine f\u00fcr mich interessante Entdeckung: Je dunkler eine Figur ist, desto mehr tritt die Gesamtform in den Vordergrund, d.h. auch desto <\/em><\/span><span style=\"font-family: helvetica, arial, sans-serif;\"><em>weniger achtet man auf Details (und Fehler), das gilt sogar f\u00fcr die Proportionen. <br \/>So sahen etwas unproportionierte Figuren mit einer dunklen Oxidationsoberfl\u00e4che wesentlich besser aus als vorher mit heller Oberfl\u00e4che. <br \/>Vielleicht sind auch deshalb umgekehrt viele Meisterwerke der Bildhauerei aus wei\u00dfem Marmor, weil dadurch jedes Detail in seiner Form sichtbar wird \u2013 besonders die dunklen Schatten auf wei\u00dfem Marmor zeigen erst die ganze Meisterschaft dieser au\u00dfergew\u00f6hnlichen K\u00fcnstler, wie Michelangelo, Rodin u.a.<\/em> \u00a0 <\/span><\/p>\r\n<p>&nbsp;<\/p>\r\n<p><span style=\"font-family: helvetica, arial, sans-serif;\"><strong>Beschreibung von Boesner:<\/strong> <\/span><\/p>\r\n<p><span style=\"font-family: helvetica, arial, sans-serif;\">Oxido Oxidationsmedium gibt es in sieben verschiedenen Reaktionsvarianten. Alle Oxidationsmedien funktionieren auf Oxido Eisengrund und den Oxido Metallgr\u00fcnden und rufen unterschiedliche Farbreaktionen hervor (s. Tabelle). Die Oxidationsmittel wurden so entwickelt, dass damit auch alle anderen Metallfl\u00e4chen, von rohem Eisen bis hin zu Messing, Bronze, Kupfer sowie Metallfolien (z.B. Schlag- und Blattmetall) perfekt oxidiert werden k\u00f6nnen. Erh\u00e4ltlich in sieben Farbvarianten, jeweils in 125 ml-Dosen und 250 ml-Flaschen. <\/span><\/p>\r\n<p><span style=\"font-family: helvetica, arial, sans-serif;\">Mit Oxido lassen sich Rost und Patina schnell und einfach auch auf Papier, Holz, Stein oder anderen Materialien erzeugen: Untergrund vorbereiten, im Anschluss zun\u00e4chst Metallgrundierung, dann Oxidationsmittel auftragen und abschlie\u00dfend fixieren oder versiegeln. \u00a0<\/span><\/p>\r\n<figure id=\"attachment_395\" aria-describedby=\"caption-attachment-395\" style=\"width: 700px\" class=\"wp-caption alignnone\"><img loading=\"lazy\" decoding=\"async\" class=\"wp-image-395\" src=\"https:\/\/www.kunstverhau.de\/wp-content\/uploads\/2020\/07\/2019-03-liegende-Frau-abstrahiert-2020-oxidiert-1024x493.jpg\" alt=\"\" width=\"700\" height=\"337\" srcset=\"https:\/\/www.kunstverhau.de\/wp-content\/uploads\/2020\/07\/2019-03-liegende-Frau-abstrahiert-2020-oxidiert-1024x493.jpg 1024w, https:\/\/www.kunstverhau.de\/wp-content\/uploads\/2020\/07\/2019-03-liegende-Frau-abstrahiert-2020-oxidiert-300x144.jpg 300w, https:\/\/www.kunstverhau.de\/wp-content\/uploads\/2020\/07\/2019-03-liegende-Frau-abstrahiert-2020-oxidiert-768x370.jpg 768w, https:\/\/www.kunstverhau.de\/wp-content\/uploads\/2020\/07\/2019-03-liegende-Frau-abstrahiert-2020-oxidiert-1536x739.jpg 1536w, https:\/\/www.kunstverhau.de\/wp-content\/uploads\/2020\/07\/2019-03-liegende-Frau-abstrahiert-2020-oxidiert-1200x578.jpg 1200w, https:\/\/www.kunstverhau.de\/wp-content\/uploads\/2020\/07\/2019-03-liegende-Frau-abstrahiert-2020-oxidiert.jpg 1772w\" sizes=\"(max-width: 700px) 100vw, 700px\" \/><figcaption id=\"caption-attachment-395\" class=\"wp-caption-text\">&#8222;Liegende Frau, abstrahiert&#8220; (Tonskulptur, Oberfl\u00e4che: Eisengrund mit Oxidationsmittel Nr.7)<\/figcaption><\/figure>\r\n<div id=\"OKAYFREEDOM_INJECTED\" style=\"display: none;\">\u00a0<\/div>","protected":false},"excerpt":{"rendered":"<p>Oxidationsoberfl\u00e4chen f\u00fcr Tonfiguren(von Roland Moroff) Ich war auf der Suche nach einer Veredelung der Oberfl\u00e4chen von gebrannten Tonfiguren, dabei stie\u00df ich auf &#8222;Oxido&#8220; von der Fa. Boesner. Die Anwendung ist relativ einfach: Man kann die gebrannte Tonfigur kurz unter einen Wasserhahn halten, weil der Oxidationsprozess l\u00e4nger anh\u00e4lt, wenn noch Wasser im Ton gespeichert ist. Dann&hellip;<\/p>\n","protected":false},"author":3,"featured_media":0,"parent":187,"menu_order":0,"comment_status":"closed","ping_status":"closed","template":"tw-no-title.php","meta":{"_crdt_document":"","footnotes":""},"class_list":["post-787","page","type-page","status-publish","hentry"],"aioseo_notices":[],"featured_image_src":null,"featured_image_src_square":null,"_links":{"self":[{"href":"https:\/\/www.kunstverhau.de\/index.php?rest_route=\/wp\/v2\/pages\/787","targetHints":{"allow":["GET"]}}],"collection":[{"href":"https:\/\/www.kunstverhau.de\/index.php?rest_route=\/wp\/v2\/pages"}],"about":[{"href":"https:\/\/www.kunstverhau.de\/index.php?rest_route=\/wp\/v2\/types\/page"}],"author":[{"embeddable":true,"href":"https:\/\/www.kunstverhau.de\/index.php?rest_route=\/wp\/v2\/users\/3"}],"replies":[{"embeddable":true,"href":"https:\/\/www.kunstverhau.de\/index.php?rest_route=%2Fwp%2Fv2%2Fcomments&post=787"}],"version-history":[{"count":26,"href":"https:\/\/www.kunstverhau.de\/index.php?rest_route=\/wp\/v2\/pages\/787\/revisions"}],"predecessor-version":[{"id":841,"href":"https:\/\/www.kunstverhau.de\/index.php?rest_route=\/wp\/v2\/pages\/787\/revisions\/841"}],"up":[{"embeddable":true,"href":"https:\/\/www.kunstverhau.de\/index.php?rest_route=\/wp\/v2\/pages\/187"}],"wp:attachment":[{"href":"https:\/\/www.kunstverhau.de\/index.php?rest_route=%2Fwp%2Fv2%2Fmedia&parent=787"}],"curies":[{"name":"wp","href":"https:\/\/api.w.org\/{rel}","templated":true}]}}