{"id":92,"date":"2020-07-03T15:42:33","date_gmt":"2020-07-03T15:42:33","guid":{"rendered":"https:\/\/www.kunstverhau.de\/?page_id=92"},"modified":"2026-03-11T16:16:13","modified_gmt":"2026-03-11T15:16:13","slug":"home","status":"publish","type":"page","link":"https:\/\/www.kunstverhau.de\/","title":{"rendered":"Home"},"content":{"rendered":"\r\n<p class=\"wp-elements-25baab917103f63df4e5b2969ded3f3b wp-block-paragraph\"><span style=\"color: #000000; font-size: 18pt;\"><strong><span style=\"font-family: helvetica, arial, sans-serif;\">&#8222;Skulpturen [\u00a0 \u00a0] R\u00e4ume&#8220;<\/span><\/strong><\/span><br \/><span style=\"color: #000000; font-size: 18pt;\"><strong><span style=\"font-family: helvetica, arial, sans-serif;\">Ausstellung vom 16.10.-19.10.2025<\/span><\/strong><\/span><br \/><span style=\"font-size: 14pt; color: #000000;\"><strong><span style=\"font-family: helvetica, arial, sans-serif;\">in der Orangerie im Englischen Garten, M\u00fcnchen<br \/><\/span><\/strong><\/span><a href=\"https:\/\/kunstverhau.de\/?page_id=187\/#Orangerie2025\"><span style=\"color: #ff6600;\"><span style=\"font-family: helvetica, arial, sans-serif;\"><span style=\"font-size: 18pt;\"><strong><span style=\"color: #000080;\"><span style=\"font-size: 14pt;\">&gt;&gt;&gt;mehr dazu (Einf\u00fchrungstext und Foto-Impressionen)<\/span><\/span><\/strong><\/span><\/span><\/span><\/a><\/p>\r\n<h6 style=\"text-align: center;\"><a href=\"https:\/\/www.kunstverhau.de\/wp-content\/uploads\/2025\/09\/Plakat-DinA4-Orangerie-Ausstellung-2025-klein-scaled.jpg\"><img fetchpriority=\"high\" decoding=\"async\" class=\"alignnone wp-image-6663 size-full\" title=\"Einladung Ausstellung in der Orangerie im Englischen Garten 16.10. bis 19.10.2025\" src=\"https:\/\/www.kunstverhau.de\/wp-content\/uploads\/2025\/09\/Plakat-DinA4-Orangerie-Ausstellung-2025-klein-scaled.jpg\" alt=\"\" width=\"1810\" height=\"2560\" srcset=\"https:\/\/www.kunstverhau.de\/wp-content\/uploads\/2025\/09\/Plakat-DinA4-Orangerie-Ausstellung-2025-klein-scaled.jpg 1810w, https:\/\/www.kunstverhau.de\/wp-content\/uploads\/2025\/09\/Plakat-DinA4-Orangerie-Ausstellung-2025-klein-212x300.jpg 212w, https:\/\/www.kunstverhau.de\/wp-content\/uploads\/2025\/09\/Plakat-DinA4-Orangerie-Ausstellung-2025-klein-724x1024.jpg 724w, https:\/\/www.kunstverhau.de\/wp-content\/uploads\/2025\/09\/Plakat-DinA4-Orangerie-Ausstellung-2025-klein-768x1086.jpg 768w, https:\/\/www.kunstverhau.de\/wp-content\/uploads\/2025\/09\/Plakat-DinA4-Orangerie-Ausstellung-2025-klein-1086x1536.jpg 1086w, https:\/\/www.kunstverhau.de\/wp-content\/uploads\/2025\/09\/Plakat-DinA4-Orangerie-Ausstellung-2025-klein-1448x2048.jpg 1448w, https:\/\/www.kunstverhau.de\/wp-content\/uploads\/2025\/09\/Plakat-DinA4-Orangerie-Ausstellung-2025-klein-1200x1697.jpg 1200w, https:\/\/www.kunstverhau.de\/wp-content\/uploads\/2025\/09\/Plakat-DinA4-Orangerie-Ausstellung-2025-klein-1980x2800.jpg 1980w\" sizes=\"(max-width: 1810px) 100vw, 1810px\" \/><\/a><\/h6>\r\n<p>&nbsp;<\/p>\r\n<p><span style=\"font-family: helvetica, arial, sans-serif; font-size: 24pt; color: #000000;\"><strong><span style=\"font-size: 18pt;\">Kunstverhau-Ausstellung \u201eKunstverhau 1\u201c<\/span><br \/><span style=\"font-size: 18pt;\">im Sardenhaus im Westpark, M\u00fcnchen<\/span><br \/><span style=\"font-size: 14pt;\"><span style=\"font-size: 18pt;\">Do. 17.10.2024 bis So. 20.10.2024<\/span><br \/><\/span><\/strong><\/span><a title=\"Sardenhaus2024\" href=\"https:\/\/kunstverhau.de\/?page_id=187\/#Sardenhaus2024\"><strong><span style=\"font-family: helvetica, arial, sans-serif; font-size: 18pt;\"><span style=\"color: #993300;\"><span style=\"color: #ff6600;\"><span style=\"color: #000080;\"><span style=\"font-size: 14pt;\">&gt;&gt;&gt;mehr dazu (Foto-Impressionen)<\/span><\/span><\/span><\/span><\/span><\/strong><\/a><\/p>\r\n<p class=\"has-primary-color has-text-color has-link-color has-larger-font-size\">\u00a0<\/p>\r\n<p>&nbsp;<\/p>\r\n<p class=\"has-larger-font-size\"><span style=\"font-family: helvetica, arial, sans-serif;\"><strong>K\u00fcnstlergruppe &#8222;Kunstverhau&#8220;<\/strong><\/span><\/p>\r\n<p class=\"has-primary-color has-text-color has-link-color has-larger-font-size\">\r\n\r\n<\/p>\r\n<figure class=\"wp-block-image size-full\"><img decoding=\"async\" width=\"2560\" height=\"1792\" class=\"wp-image-5455\" style=\"object-fit: cover;\" title=\"Bildhauergruppe &quot;Kunstverhau&quot;\" src=\"https:\/\/www.kunstverhau.de\/wp-content\/uploads\/2023\/01\/Gruppenbild-Jan2023-genommen-scaled.jpg\" alt=\"K\u00fcnstlergruppe Kunstverhau\" srcset=\"https:\/\/www.kunstverhau.de\/wp-content\/uploads\/2023\/01\/Gruppenbild-Jan2023-genommen-scaled.jpg 2560w, https:\/\/www.kunstverhau.de\/wp-content\/uploads\/2023\/01\/Gruppenbild-Jan2023-genommen-300x210.jpg 300w, https:\/\/www.kunstverhau.de\/wp-content\/uploads\/2023\/01\/Gruppenbild-Jan2023-genommen-1024x717.jpg 1024w, https:\/\/www.kunstverhau.de\/wp-content\/uploads\/2023\/01\/Gruppenbild-Jan2023-genommen-768x538.jpg 768w, https:\/\/www.kunstverhau.de\/wp-content\/uploads\/2023\/01\/Gruppenbild-Jan2023-genommen-1536x1075.jpg 1536w, https:\/\/www.kunstverhau.de\/wp-content\/uploads\/2023\/01\/Gruppenbild-Jan2023-genommen-2048x1434.jpg 2048w, https:\/\/www.kunstverhau.de\/wp-content\/uploads\/2023\/01\/Gruppenbild-Jan2023-genommen-1200x840.jpg 1200w, https:\/\/www.kunstverhau.de\/wp-content\/uploads\/2023\/01\/Gruppenbild-Jan2023-genommen-1980x1386.jpg 1980w\" sizes=\"(max-width: 2560px) 100vw, 2560px\" \/><\/figure>\r\n<p class=\"has-primary-color has-text-color has-link-color has-larger-font-size\">\r\n\r\n<\/p>\r\n<p class=\"has-larger-font-size wp-block-paragraph\"><br \/><span style=\"font-family: helvetica, arial, sans-serif;\"><strong>Bildhauerei und dreidimensionales Gestalten<\/strong><\/span><\/p>\r\n<p class=\"has-primary-color has-text-color has-link-color has-larger-font-size\">\r\n\r\n<\/p>\r\n<p class=\"wp-block-paragraph\"><span style=\"font-family: helvetica, arial, sans-serif;\"><em>mit allen Mitteln, Ton, Paper Clay, Holz, Stein, Karton, Papiermache&#8230;<\/em><\/span><\/p>\r\n<p class=\"has-primary-color has-text-color has-link-color has-larger-font-size\">\r\n\r\n<\/p>\r\n<figure class=\"wp-block-image size-full\"><img decoding=\"async\" width=\"2560\" height=\"1920\" class=\"wp-image-149\" style=\"object-fit: cover;\" src=\"https:\/\/www.kunstverhau.de\/wp-content\/uploads\/2020\/07\/Hintergrund-20200414_084656-1-scaled.jpg\" alt=\"\" srcset=\"https:\/\/www.kunstverhau.de\/wp-content\/uploads\/2020\/07\/Hintergrund-20200414_084656-1-scaled.jpg 2560w, https:\/\/www.kunstverhau.de\/wp-content\/uploads\/2020\/07\/Hintergrund-20200414_084656-1-scaled-300x225.jpg 300w, https:\/\/www.kunstverhau.de\/wp-content\/uploads\/2020\/07\/Hintergrund-20200414_084656-1-scaled-1024x768.jpg 1024w, https:\/\/www.kunstverhau.de\/wp-content\/uploads\/2020\/07\/Hintergrund-20200414_084656-1-scaled-768x576.jpg 768w, https:\/\/www.kunstverhau.de\/wp-content\/uploads\/2020\/07\/Hintergrund-20200414_084656-1-scaled-1536x1152.jpg 1536w, https:\/\/www.kunstverhau.de\/wp-content\/uploads\/2020\/07\/Hintergrund-20200414_084656-1-scaled-2048x1536.jpg 2048w, https:\/\/www.kunstverhau.de\/wp-content\/uploads\/2020\/07\/Hintergrund-20200414_084656-1-scaled-1200x900.jpg 1200w, https:\/\/www.kunstverhau.de\/wp-content\/uploads\/2020\/07\/Hintergrund-20200414_084656-1-scaled-1980x1485.jpg 1980w\" sizes=\"(max-width: 2560px) 100vw, 2560px\" \/>\r\n<figcaption class=\"wp-element-caption\"><span style=\"color: #000000;\"><strong><span style=\"font-family: helvetica, arial, sans-serif; font-size: 14pt;\">&#8230; kunstverhau<\/span><\/strong><\/span><br \/><br \/><\/figcaption>\r\n<\/figure>\r\n<p class=\"has-primary-color has-text-color has-link-color has-larger-font-size\">\r\n\r\n<\/p>\r\n<p class=\"has-large-font-size wp-block-paragraph\">\u00a0<\/p>\r\n<p class=\"has-primary-color has-text-color has-link-color has-larger-font-size\">\r\n\r\n<\/p>\r\n<div class=\"wp-block-group\"><div class=\"wp-block-group__inner-container is-layout-constrained wp-block-group-is-layout-constrained\">\r\n<div class=\"wp-block-group\"><div class=\"wp-block-group__inner-container is-layout-constrained wp-block-group-is-layout-constrained\">\r\n<figure class=\"wp-block-table aligncenter is-style-regular\">\r\n<table class=\"has-background-background-color has-background has-fixed-layout\">\r\n<tbody>\r\n<tr>\r\n<td>\r\n<p><strong><a title=\"\" href=\"https:\/\/www.kunstverhau.de\/?page_id=24\"><span style=\"font-family: helvetica, arial, sans-serif;\"><span style=\"color: #ff0000;\"><span style=\"color: #003366;\"><span style=\"color: #000080;\">Tanja Antonini<\/span><\/span><\/span><\/span><\/a><\/strong><\/p>\r\n<ul>\r\n<li><a href=\"https:\/\/www.kunstverhau.de\/?page_id=24\"><span style=\"font-family: helvetica, arial, sans-serif;\">best of friends &#8211; KeramikCollagen<\/span><\/a><\/li>\r\n<\/ul>\r\n<\/td>\r\n<td><a title=\"\" href=\"https:\/\/www.kunstverhau.de\/?page_id=24\"><img loading=\"lazy\" decoding=\"async\" class=\"aligncenter wp-image-4713 size-full\" style=\"width: 150px;\" src=\"https:\/\/www.kunstverhau.de\/wp-content\/uploads\/2022\/10\/KunstverhauPorzellan6-2.jpg\" alt=\"\" width=\"729\" height=\"1012\" srcset=\"https:\/\/www.kunstverhau.de\/wp-content\/uploads\/2022\/10\/KunstverhauPorzellan6-2.jpg 729w, https:\/\/www.kunstverhau.de\/wp-content\/uploads\/2022\/10\/KunstverhauPorzellan6-2-216x300.jpg 216w\" sizes=\"(max-width: 729px) 100vw, 729px\" \/><\/a><\/td>\r\n<\/tr>\r\n<tr>\r\n<td>\r\n<p><span style=\"font-family: helvetica, arial, sans-serif;\"><a title=\"\" href=\"https:\/\/www.kunstverhau.de\/?page_id=26\"><strong><span style=\"color: #000080;\">Rica Zimmermann<\/span><\/strong><\/a><\/span><\/p>\r\n<ul>\r\n<li><a href=\"https:\/\/www.kunstverhau.de\/?page_id=257\"><span style=\"font-family: helvetica, arial, sans-serif;\">Skulpturen<\/span><\/a><\/li>\r\n<li><a href=\"https:\/\/www.kunstverhau.de\/?page_id=254\"><span style=\"font-family: helvetica, arial, sans-serif;\">Bilder<\/span><\/a><\/li>\r\n<\/ul>\r\n<\/td>\r\n<td><a title=\"\" href=\"https:\/\/www.kunstverhau.de\/?page_id=26\"><img loading=\"lazy\" decoding=\"async\" class=\"aligncenter wp-image-4591 size-full\" style=\"width: 150px;\" src=\"https:\/\/www.kunstverhau.de\/wp-content\/uploads\/2022\/08\/Rica-Kunst-3-von-47-scaled.jpg\" alt=\"\" width=\"1707\" height=\"2560\" srcset=\"https:\/\/www.kunstverhau.de\/wp-content\/uploads\/2022\/08\/Rica-Kunst-3-von-47-scaled.jpg 1707w, https:\/\/www.kunstverhau.de\/wp-content\/uploads\/2022\/08\/Rica-Kunst-3-von-47-200x300.jpg 200w, https:\/\/www.kunstverhau.de\/wp-content\/uploads\/2022\/08\/Rica-Kunst-3-von-47-683x1024.jpg 683w, https:\/\/www.kunstverhau.de\/wp-content\/uploads\/2022\/08\/Rica-Kunst-3-von-47-768x1152.jpg 768w, https:\/\/www.kunstverhau.de\/wp-content\/uploads\/2022\/08\/Rica-Kunst-3-von-47-1024x1536.jpg 1024w, https:\/\/www.kunstverhau.de\/wp-content\/uploads\/2022\/08\/Rica-Kunst-3-von-47-1365x2048.jpg 1365w, https:\/\/www.kunstverhau.de\/wp-content\/uploads\/2022\/08\/Rica-Kunst-3-von-47-1200x1800.jpg 1200w, https:\/\/www.kunstverhau.de\/wp-content\/uploads\/2022\/08\/Rica-Kunst-3-von-47-1980x2970.jpg 1980w\" sizes=\"(max-width: 1707px) 100vw, 1707px\" \/><\/a><\/td>\r\n<\/tr>\r\n<tr>\r\n<td>\r\n<p><span style=\"font-family: helvetica, arial, sans-serif;\"><a title=\"\" href=\"https:\/\/www.kunstverhau.de\/?page_id=28\"><strong><span style=\"color: #000080;\">Katharina Braun<\/span><\/strong><\/a><\/span><\/p>\r\n<ul>\r\n<li><a href=\"https:\/\/www.kunstverhau.de\/?page_id=464\"><span style=\"font-family: helvetica, arial, sans-serif;\">Pers\u00f6nliches<\/span><\/a><\/li>\r\n<li><a href=\"https:\/\/www.kunstverhau.de\/?page_id=458\"><span style=\"font-family: helvetica, arial, sans-serif;\">Fotos<\/span><\/a><\/li>\r\n<li><a href=\"https:\/\/www.kunstverhau.de\/?page_id=461\"><span style=\"font-family: helvetica, arial, sans-serif;\">Skulpturen<\/span><\/a><\/li>\r\n<\/ul>\r\n<\/td>\r\n<td><a title=\"\" href=\"https:\/\/www.kunstverhau.de\/?page_id=28\"><img loading=\"lazy\" decoding=\"async\" class=\"aligncenter wp-image-5168 size-full\" style=\"width: 150px;\" src=\"https:\/\/www.kunstverhau.de\/wp-content\/uploads\/2022\/11\/image00006-scaled.jpeg\" alt=\"\" width=\"1920\" height=\"2560\" srcset=\"https:\/\/www.kunstverhau.de\/wp-content\/uploads\/2022\/11\/image00006-scaled.jpeg 1920w, https:\/\/www.kunstverhau.de\/wp-content\/uploads\/2022\/11\/image00006-225x300.jpeg 225w, https:\/\/www.kunstverhau.de\/wp-content\/uploads\/2022\/11\/image00006-768x1024.jpeg 768w, https:\/\/www.kunstverhau.de\/wp-content\/uploads\/2022\/11\/image00006-1152x1536.jpeg 1152w, https:\/\/www.kunstverhau.de\/wp-content\/uploads\/2022\/11\/image00006-1536x2048.jpeg 1536w, https:\/\/www.kunstverhau.de\/wp-content\/uploads\/2022\/11\/image00006-1200x1600.jpeg 1200w, https:\/\/www.kunstverhau.de\/wp-content\/uploads\/2022\/11\/image00006-1980x2640.jpeg 1980w\" sizes=\"(max-width: 1920px) 100vw, 1920px\" \/><\/a><\/td>\r\n<\/tr>\r\n<tr>\r\n<td>\r\n<p><a title=\"\" href=\"https:\/\/www.kunstverhau.de\/?page_id=971\"><strong><span style=\"font-family: helvetica, arial, sans-serif;\"><span style=\"color: #000080;\">Susanna Mayer<\/span><\/span><\/strong><\/a><\/p>\r\n<ul>\r\n<li><a href=\"https:\/\/www.kunstverhau.de\/?page_id=450\"><span style=\"font-family: helvetica, arial, sans-serif;\">Gesichter<\/span><\/a><\/li>\r\n<li><a href=\"https:\/\/www.kunstverhau.de\/?page_id=3763\"><span style=\"font-family: helvetica, arial, sans-serif;\">Potrait-Arbeiten<\/span><\/a><\/li>\r\n<li><a href=\"https:\/\/www.kunstverhau.de\/?page_id=447\"><span style=\"font-family: helvetica, arial, sans-serif;\">WOMEN &#8230;<\/span><\/a><\/li>\r\n<li><a href=\"https:\/\/www.kunstverhau.de\/?page_id=5158\"><span style=\"font-family: helvetica, arial, sans-serif;\">Bronze Arbeiten<\/span><\/a><\/li>\r\n<li><a href=\"https:\/\/www.kunstverhau.de\/?page_id=453\"><span style=\"font-family: helvetica, arial, sans-serif;\">mixed works &#8230;<\/span><\/a><\/li>\r\n<li><a href=\"https:\/\/www.kunstverhau.de\/?page_id=5132\"><span style=\"font-family: helvetica, arial, sans-serif;\">Figuren aus Pappmach\u00e9<\/span><\/a><\/li>\r\n<\/ul>\r\n<\/td>\r\n<td><a title=\"\" href=\"https:\/\/www.kunstverhau.de\/?page_id=971\"><img loading=\"lazy\" decoding=\"async\" class=\"aligncenter wp-image-5526 size-full\" style=\"width: 150px;\" src=\"https:\/\/www.kunstverhau.de\/wp-content\/uploads\/2023\/08\/amore.jpg\" alt=\"\" width=\"475\" height=\"740\" srcset=\"https:\/\/www.kunstverhau.de\/wp-content\/uploads\/2023\/08\/amore.jpg 475w, https:\/\/www.kunstverhau.de\/wp-content\/uploads\/2023\/08\/amore-193x300.jpg 193w\" sizes=\"(max-width: 475px) 100vw, 475px\" \/><\/a><\/td>\r\n<\/tr>\r\n<tr>\r\n<td>\r\n<p><span style=\"font-family: helvetica, arial, sans-serif;\"><a title=\"\" href=\"https:\/\/www.kunstverhau.de\/?page_id=8\"><strong><span style=\"color: #000080;\">Roland Moroff<\/span><\/strong><\/a><\/span><\/p>\r\n<ul>\r\n<li><a href=\"https:\/\/www.kunstverhau.de\/?page_id=52\"><span style=\"font-family: helvetica, arial, sans-serif;\">Keramik<\/span><\/a><\/li>\r\n<li><a href=\"https:\/\/www.kunstverhau.de\/?page_id=44\"><span style=\"font-family: helvetica, arial, sans-serif;\">Holz<\/span><\/a><\/li>\r\n<li><a href=\"https:\/\/www.kunstverhau.de\/?page_id=55\"><span style=\"font-family: helvetica, arial, sans-serif;\">Stein<\/span><\/a><\/li>\r\n<li><a href=\"https:\/\/www.kunstverhau.de\/?page_id=5015\"><span style=\"font-family: helvetica, arial, sans-serif;\">Metall<\/span><\/a><\/li>\r\n<li><a href=\"https:\/\/www.kunstverhau.de\/?page_id=5021\"><span style=\"font-family: helvetica, arial, sans-serif;\">Keramik mit Glasuren<\/span><\/a><\/li>\r\n<li><a href=\"https:\/\/www.kunstverhau.de\/?page_id=657\"><span style=\"font-family: helvetica, arial, sans-serif;\">Bilder\/Aquarelle<\/span><\/a><\/li>\r\n<\/ul>\r\n<\/td>\r\n<td><a title=\"\" href=\"https:\/\/www.kunstverhau.de\/?page_id=8\"><img loading=\"lazy\" decoding=\"async\" class=\"aligncenter wp-image-4135 size-full\" style=\"width: 150px;\" src=\"https:\/\/www.kunstverhau.de\/wp-content\/uploads\/2020\/11\/Sonnenkrieger-scaled.jpg\" alt=\"\" width=\"1688\" height=\"2560\" srcset=\"https:\/\/www.kunstverhau.de\/wp-content\/uploads\/2020\/11\/Sonnenkrieger-scaled.jpg 1688w, https:\/\/www.kunstverhau.de\/wp-content\/uploads\/2020\/11\/Sonnenkrieger-198x300.jpg 198w, https:\/\/www.kunstverhau.de\/wp-content\/uploads\/2020\/11\/Sonnenkrieger-675x1024.jpg 675w, https:\/\/www.kunstverhau.de\/wp-content\/uploads\/2020\/11\/Sonnenkrieger-768x1165.jpg 768w, https:\/\/www.kunstverhau.de\/wp-content\/uploads\/2020\/11\/Sonnenkrieger-1013x1536.jpg 1013w, https:\/\/www.kunstverhau.de\/wp-content\/uploads\/2020\/11\/Sonnenkrieger-1350x2048.jpg 1350w, https:\/\/www.kunstverhau.de\/wp-content\/uploads\/2020\/11\/Sonnenkrieger-1200x1820.jpg 1200w, https:\/\/www.kunstverhau.de\/wp-content\/uploads\/2020\/11\/Sonnenkrieger-1980x3003.jpg 1980w\" sizes=\"(max-width: 1688px) 100vw, 1688px\" \/><\/a><\/td>\r\n<\/tr>\r\n<\/tbody>\r\n<\/table>\r\n<\/figure>\r\n<\/div><\/div>\r\n<\/div><\/div>\r\n<p class=\"has-primary-color has-text-color has-link-color has-larger-font-size\">\r\n\r\n<\/p>\r\n<p class=\"has-text-color has-accent-color wp-block-paragraph\"><br \/><br \/><span style=\"font-family: helvetica, arial, sans-serif; font-size: 24pt; color: #0071a1;\"><strong>\u00dcber uns<\/strong><\/span><\/p>\r\n<p class=\"has-primary-color has-text-color has-link-color has-larger-font-size\">\r\n\r\n<\/p>\r\n<p class=\"has-text-color has-accent-color wp-block-paragraph\"><span style=\"font-family: helvetica, arial, sans-serif; color: #0071a1; font-size: 18pt;\"><strong><span class=\"has-inline-color\">K\u00fcnstlerseelen \u2026<\/span><\/strong><\/span><\/p>\r\n<p class=\"has-primary-color has-text-color has-link-color has-larger-font-size\">\r\n\r\n<\/p>\r\n<p class=\"wp-block-paragraph\"><span style=\"font-family: helvetica, arial, sans-serif;\">Wir f\u00fcnf Absolventen einer zweij\u00e4hrigen Bildhauerausbildung treffen uns weiterhin regelm\u00e4\u00dfig zum k\u00fcnstlerischen Austausch. An einem dieser Treffen entstand die Idee einer gemeinsamen Webseite zur Pr\u00e4sentation der jeweils eigenen Arbeiten.<\/span><br \/><br \/><span style=\"font-family: helvetica, arial, sans-serif;\">Was uns K\u00fcnstler von Kunstverhau verbindet, ist die Liebe zur k\u00fcnstlerischen T\u00e4tigkeit und die Liebe zu Material und Werkzeug. Werkzeug und Material sind variabel und vielf\u00e4ltig, der Paragone, der Wettstreit der K\u00fcnste ist lange vorbei. Die K\u00fcnste inspirieren sich gegenseitig. So wie wir uns im gegenseitigen Austausch immer neue Perspektiven aufzuweisen verm\u00f6gen. <\/span><br \/><br \/><span style=\"font-family: helvetica, arial, sans-serif;\">Unsere biographischen Hintergr\u00fcnde sind vielf\u00e4ltig, die Lebensentw\u00fcrfe divers und trotzdem gehen wir gemeinsam durch den, nicht immer einfachen k\u00fcnstlerische Prozess und erfreuen uns gemeinsam an letztendlich gelungenen Projekten. Gerne lassen wir Sie teilhaben an unseren Erfahrungen, Erkenntnissen und an unserer Freude am Tun und der Freiheit der Kunst. <\/span><br \/><br \/><span style=\"font-family: helvetica, arial, sans-serif;\">Denn letztendlich ist es so wie Marcel Duchamps sagte: &#8222;Ein Kunstwerk existiert dann, wenn der Betrachter es angeschaut hat. Bis dahin ist es nur etwas, das gemacht worden ist, und wieder verschwinden kann, ohne dass jemand davon wei\u00df\u2026&#8220; (Tanja)<\/span><\/p>\r\n<p class=\"has-primary-color has-text-color has-link-color has-larger-font-size\">\r\n\r\n<\/p>\r\n<figure class=\"wp-block-image size-large\"><a href=\"https:\/\/www.kunstverhau.de\/wp-content\/uploads\/2020\/07\/DSC0826-scaled.jpg\"><img decoding=\"async\" class=\"wp-image-14\" src=\"https:\/\/www.kunstverhau.de\/wp-content\/uploads\/2020\/07\/DSC0826-1024x680.jpg\" alt=\"\" \/><\/a><\/figure>\r\n<p class=\"has-primary-color has-text-color has-link-color has-larger-font-size\">\r\n\r\n<\/p>\r\n<p class=\"wp-block-paragraph\">&nbsp;<\/p>\r\n<p class=\"has-primary-color has-text-color has-link-color has-larger-font-size\">\r\n\r\n<\/p>\r\n<p class=\"wp-block-paragraph\"><br \/><span style=\"font-family: helvetica, arial, sans-serif; font-size: 18pt;\"><strong><span class=\"has-inline-color\" style=\"color: #0071a1;\">Was wollen wir?<\/span><\/strong><\/span><\/p>\r\n<p class=\"has-primary-color has-text-color has-link-color has-larger-font-size\">\r\n\r\n<\/p>\r\n<p class=\"wp-block-paragraph\"><span style=\"font-family: helvetica, arial, sans-serif;\">K\u00fcnstler aus verschiedenen Bereichen zusammenbringen, Ideen verbreiten, inspirieren, motivieren&#8230; &amp; unsere Arbeiten pr\u00e4sentieren.<\/span><\/p>\r\n<p class=\"has-primary-color has-text-color has-link-color has-larger-font-size\">\r\n\r\n<\/p>\r\n<p class=\"wp-block-paragraph\"><span style=\"font-family: helvetica, arial, sans-serif;\">Wir arbeiten mit Stein,\u00a0 (Marmor, Alabaster, Speckstein, Serpentin&#8230;) Holz , Ton, Paperclay, Papiermache und allem anderen, was sich zu dreidimensionalen Skulpturen verarbeiten l\u00e4sst.<\/span><\/p>\r\n<p class=\"has-primary-color has-text-color has-link-color has-larger-font-size\">\r\n\r\n<\/p>\r\n<p class=\"wp-block-paragraph\"><span style=\"font-family: helvetica, arial, sans-serif;\">Wir experimentieren mit Materialien und sind immer wieder am Entdecken neuer M\u00f6gichkeiten.<\/span><\/p>\r\n<p class=\"has-primary-color has-text-color has-link-color has-larger-font-size\">\r\n\r\n<\/p>\r\n<p class=\"wp-block-paragraph\"><span style=\"font-family: helvetica, arial, sans-serif;\">Dar\u00fcberhinaus interessieren wir uns auch f\u00fcr andere Kunstarten: Fotografie, Malerei, Theaterfiguren&#8230;<\/span><\/p>\r\n<p class=\"has-primary-color has-text-color has-link-color has-larger-font-size\">\r\n\r\n<\/p>\r\n<p class=\"wp-block-paragraph\">&nbsp;<\/p>\r\n<p class=\"has-primary-color has-text-color has-link-color has-larger-font-size\">\r\n\r\n<\/p>\r\n<figure class=\"wp-block-image size-large\"><a href=\"https:\/\/www.kunstverhau.de\/wp-content\/uploads\/2020\/07\/DSC0701-scaled.jpg\"><img decoding=\"async\" class=\"wp-image-18\" src=\"https:\/\/www.kunstverhau.de\/wp-content\/uploads\/2020\/07\/DSC0701-1024x680.jpg\" alt=\"\" \/><\/a><\/figure>\r\n<p class=\"has-primary-color has-text-color has-link-color has-larger-font-size\">\r\n\r\n<\/p>\r\n<p class=\"wp-block-paragraph\">&nbsp;<\/p>\r\n<p class=\"has-primary-color has-text-color has-link-color has-larger-font-size\">\r\n\r\n<\/p>\r\n<p class=\"has-text-color has-drop-cap has-accent-color wp-block-paragraph\"><br \/><span style=\"font-family: helvetica, arial, sans-serif; color: #0071a1; font-size: 18pt;\"><strong>Kreativit\u00e4t<\/strong><\/span><\/p>\r\n<p class=\"has-primary-color has-text-color has-link-color has-larger-font-size\">\r\n\r\n<\/p>\r\n<p class=\"wp-block-paragraph\"><span style=\"font-family: helvetica, arial, sans-serif;\">Kreativit\u00e4t ist die F\u00e4higkeit &#8222;normale&#8220; und bisher \u00fcbliche\u00a0Denk- und Handlungsweisen zu \u00fcberschreiten und dadurch neue, originelle und auch oft unkonventionelle Ideen, Methoden oder Dinge zu entwickeln. Kreativit\u00e4t erm\u00f6glicht das Verbinden von Dingen und Gedanken, die f\u00fcr andere unverbindbar scheinen&#8230;<\/span><\/p>\r\n<p class=\"has-primary-color has-text-color has-link-color has-larger-font-size\">\r\n\r\n<\/p>\r\n<p class=\"wp-block-paragraph\">&nbsp;<\/p>\r\n<p class=\"has-primary-color has-text-color has-link-color has-larger-font-size\">\r\n\r\n<\/p>\r\n<figure class=\"wp-block-image size-large\"><a href=\"https:\/\/www.kunstverhau.de\/wp-content\/uploads\/2020\/07\/DSC0699-scaled.jpg\"><img decoding=\"async\" class=\"wp-image-10\" src=\"https:\/\/www.kunstverhau.de\/wp-content\/uploads\/2020\/07\/DSC0699-1024x680.jpg\" alt=\"\" \/><\/a><\/figure>\r\n<p class=\"has-primary-color has-text-color has-link-color has-larger-font-size\">\r\n\r\n<\/p>\r\n<p class=\"wp-block-paragraph\">&nbsp;<\/p>\r\n<p class=\"has-primary-color has-text-color has-link-color has-larger-font-size\"><\/p>\r\n<div class=\"notranslate\" style=\"all: initial;\">\u00a0<\/div>","protected":false},"excerpt":{"rendered":"<p>&#8222;Skulpturen [\u00a0 \u00a0] R\u00e4ume&#8220;Ausstellung vom 16.10.-19.10.2025in der Orangerie im Englischen Garten, M\u00fcnchen&gt;&gt;&gt;mehr dazu (Einf\u00fchrungstext und Foto-Impressionen) &nbsp; Kunstverhau-Ausstellung \u201eKunstverhau 1\u201cim Sardenhaus im Westpark, M\u00fcnchenDo. 17.10.2024 bis So. 20.10.2024&gt;&gt;&gt;mehr dazu (Foto-Impressionen) \u00a0 &nbsp; K\u00fcnstlergruppe &#8222;Kunstverhau&#8220; Bildhauerei und dreidimensionales Gestalten mit allen Mitteln, Ton, Paper Clay, Holz, Stein, Karton, Papiermache&#8230; \u00a0 Tanja Antonini best of friends &#8211;&hellip;<\/p>\n","protected":false},"author":1,"featured_media":0,"parent":0,"menu_order":0,"comment_status":"closed","ping_status":"closed","template":"tw-no-title.php","meta":{"_crdt_document":"","footnotes":""},"class_list":["post-92","page","type-page","status-publish","hentry"],"aioseo_notices":[],"featured_image_src":null,"featured_image_src_square":null,"_links":{"self":[{"href":"https:\/\/www.kunstverhau.de\/index.php?rest_route=\/wp\/v2\/pages\/92","targetHints":{"allow":["GET"]}}],"collection":[{"href":"https:\/\/www.kunstverhau.de\/index.php?rest_route=\/wp\/v2\/pages"}],"about":[{"href":"https:\/\/www.kunstverhau.de\/index.php?rest_route=\/wp\/v2\/types\/page"}],"author":[{"embeddable":true,"href":"https:\/\/www.kunstverhau.de\/index.php?rest_route=\/wp\/v2\/users\/1"}],"replies":[{"embeddable":true,"href":"https:\/\/www.kunstverhau.de\/index.php?rest_route=%2Fwp%2Fv2%2Fcomments&post=92"}],"version-history":[{"count":134,"href":"https:\/\/www.kunstverhau.de\/index.php?rest_route=\/wp\/v2\/pages\/92\/revisions"}],"predecessor-version":[{"id":7386,"href":"https:\/\/www.kunstverhau.de\/index.php?rest_route=\/wp\/v2\/pages\/92\/revisions\/7386"}],"wp:attachment":[{"href":"https:\/\/www.kunstverhau.de\/index.php?rest_route=%2Fwp%2Fv2%2Fmedia&parent=92"}],"curies":[{"name":"wp","href":"https:\/\/api.w.org\/{rel}","templated":true}]}}